{"id":7894,"date":"2025-07-05T01:13:30","date_gmt":"2025-07-04T18:13:30","guid":{"rendered":"https:\/\/e2cs.com.vn\/?page_id=7894"},"modified":"2025-10-18T17:33:12","modified_gmt":"2025-10-18T10:33:12","slug":"quan-ly-thong-tin-va-tai-san-cong-trinh","status":"publish","type":"page","link":"https:\/\/e2cs.com.vn\/en\/ung-dung\/quan-ly-thong-tin-va-tai-san-cong-trinh\/","title":{"rendered":"Construction Data and Asset Administration"},"content":{"rendered":"<div data-elementor-type=\"wp-page\" data-elementor-id=\"7894\" class=\"elementor elementor-7894\">\n\t\t\t\t\t\t<section class=\"elementor-section elementor-top-section elementor-element elementor-element-a239960 elementor-section-full_width elementor-section-height-min-height elementor-hidden-mobile elementor-section-height-default elementor-section-items-middle\" data-id=\"a239960\" data-element_type=\"section\" data-e-type=\"section\" data-settings=\"{&quot;background_background&quot;:&quot;classic&quot;}\">\n\t\t\t\t\t\t<div class=\"elementor-container elementor-column-gap-default\">\n\t\t\t\t\t<div class=\"elementor-column elementor-col-100 elementor-top-column elementor-element elementor-element-1685265\" data-id=\"1685265\" data-element_type=\"column\" data-e-type=\"column\">\n\t\t\t<div class=\"elementor-widget-wrap elementor-element-populated\">\n\t\t\t\t\t\t<div class=\"elementor-element elementor-element-d41c823 elementor-widget elementor-widget-heading\" data-id=\"d41c823\" data-element_type=\"widget\" data-e-type=\"widget\" data-widget_type=\"heading.default\">\n\t\t\t\t<div class=\"elementor-widget-container\">\n\t\t\t\t\t<h2 class=\"elementor-heading-title elementor-size-default\">Construction Data and Asset Administration<\/h2>\t\t\t\t<\/div>\n\t\t\t\t<\/div>\n\t\t\t\t\t<\/div>\n\t\t<\/div>\n\t\t\t\t\t<\/div>\n\t\t<\/section>\n\t\t\t\t<section class=\"elementor-section elementor-top-section elementor-element elementor-element-0fcadc8 elementor-section-full_width elementor-section-height-min-height elementor-hidden-desktop elementor-hidden-tablet elementor-section-height-default elementor-section-items-middle\" data-id=\"0fcadc8\" data-element_type=\"section\" data-e-type=\"section\" data-settings=\"{&quot;background_background&quot;:&quot;classic&quot;}\">\n\t\t\t\t\t\t<div class=\"elementor-container elementor-column-gap-default\">\n\t\t\t\t\t<div class=\"elementor-column elementor-col-100 elementor-top-column elementor-element elementor-element-cbe0f9a\" data-id=\"cbe0f9a\" data-element_type=\"column\" data-e-type=\"column\">\n\t\t\t<div class=\"elementor-widget-wrap elementor-element-populated\">\n\t\t\t\t\t\t<div class=\"elementor-element elementor-element-64c6bec elementor-widget elementor-widget-heading\" data-id=\"64c6bec\" data-element_type=\"widget\" data-e-type=\"widget\" data-widget_type=\"heading.default\">\n\t\t\t\t<div class=\"elementor-widget-container\">\n\t\t\t\t\t<h1 class=\"elementor-heading-title elementor-size-default\">Construction Data and Asset Administration<\/h1>\t\t\t\t<\/div>\n\t\t\t\t<\/div>\n\t\t\t\t\t<\/div>\n\t\t<\/div>\n\t\t\t\t\t<\/div>\n\t\t<\/section>\n\t\t\t\t<section class=\"elementor-section elementor-top-section elementor-element elementor-element-9a67ec1 elementor-section-boxed elementor-section-height-default elementor-section-height-default\" data-id=\"9a67ec1\" data-element_type=\"section\" data-e-type=\"section\" data-settings=\"{&quot;background_background&quot;:&quot;gradient&quot;}\">\n\t\t\t\t\t\t<div class=\"elementor-container elementor-column-gap-default\">\n\t\t\t\t\t<div class=\"elementor-column elementor-col-100 elementor-top-column elementor-element elementor-element-124714e\" data-id=\"124714e\" data-element_type=\"column\" data-e-type=\"column\">\n\t\t\t<div class=\"elementor-widget-wrap elementor-element-populated\">\n\t\t\t\t\t\t<div class=\"elementor-element elementor-element-a955784 elementor-widget elementor-widget-heading\" data-id=\"a955784\" data-element_type=\"widget\" data-e-type=\"widget\" data-widget_type=\"heading.default\">\n\t\t\t\t<div class=\"elementor-widget-container\">\n\t\t\t\t\t<h3 class=\"elementor-heading-title elementor-size-default\">DIGITAL TWIN APPLICATION IN CONSTRUCTION INFORMATION AND ASSET MANAGEMENT<\/h3>\t\t\t\t<\/div>\n\t\t\t\t<\/div>\n\t\t\t\t<div class=\"elementor-element elementor-element-08ec416 elementor-widget elementor-widget-text-editor\" data-id=\"08ec416\" data-element_type=\"widget\" data-e-type=\"widget\" data-widget_type=\"text-editor.default\">\n\t\t\t\t<div class=\"elementor-widget-container\">\n\t\t\t\t\t\t\t\t\t<p>In industrial, energy, and chemical projects\u2014characterized by intricate spatial arrangements and densely distributed equipment systems\u2014a minor error in the current survey can result in damages amounting to millions of dollars.<br \/>E2CS offers extensive construction asset management solutions utilizing 3D scanning technology and building information modeling (BIM), enabling businesses to monitor their status and assets with precision, intuitiveness, and cost efficiency.<\/p>\t\t\t\t\t\t\t\t<\/div>\n\t\t\t\t<\/div>\n\t\t\t\t\t<\/div>\n\t\t<\/div>\n\t\t\t\t\t<\/div>\n\t\t<\/section>\n\t\t\t\t<section class=\"elementor-section elementor-top-section elementor-element elementor-element-1bb381e elementor-section-boxed elementor-section-height-default elementor-section-height-default\" data-id=\"1bb381e\" data-element_type=\"section\" data-e-type=\"section\">\n\t\t\t\t\t\t<div class=\"elementor-container elementor-column-gap-default\">\n\t\t\t\t\t<div class=\"elementor-column elementor-col-100 elementor-top-column elementor-element elementor-element-a637437\" data-id=\"a637437\" data-element_type=\"column\" data-e-type=\"column\">\n\t\t\t<div class=\"elementor-widget-wrap elementor-element-populated\">\n\t\t\t\t\t\t<div class=\"elementor-element elementor-element-16d6e35 elementor-widget elementor-widget-heading\" data-id=\"16d6e35\" data-element_type=\"widget\" data-e-type=\"widget\" data-widget_type=\"heading.default\">\n\t\t\t\t<div class=\"elementor-widget-container\">\n\t\t\t\t\t<h3 class=\"elementor-heading-title elementor-size-default\">OUR SOLUTIONS<\/h3>\t\t\t\t<\/div>\n\t\t\t\t<\/div>\n\t\t\t\t<div class=\"elementor-element elementor-element-45f6ffe elementor-widget elementor-widget-html\" data-id=\"45f6ffe\" data-element_type=\"widget\" data-e-type=\"widget\" data-widget_type=\"html.default\">\n\t\t\t\t<div class=\"elementor-widget-container\">\n\t\t\t\t\t\r\n<div class=\"row ung-dung-dich-vu\">\r\n    <div class=\"col-lg-6 col-md-6 col-sm-12 d-flex flex-row align-items-center\">\r\n        <img decoding=\"async\" src=\"https:\/\/e2cs.com.vn\/wp-content\/uploads\/2025\/07\/5-1.avif\" alt=\"Thu th\u1eadp d\u1eef li\u1ec7u hi\u1ec7n tr\u1ea1ng b\u1eb1ng c\u00f4ng ngh\u1ec7 3D Laser Scanning\">\r\n        <span style=\"margin-left: 10px;\">Gathering contemporary data through 3D Laser Scanning technology<\/span>\r\n    <\/div>\r\n    <div class=\"col-lg-6 col-md-6 col-sm-12 d-flex flex-row align-items-center\">\r\n        <img decoding=\"async\" src=\"https:\/\/e2cs.com.vn\/wp-content\/uploads\/2025\/07\/17.avif\" alt=\"Xu\u1ea5t b\u1ea3n t\u00e0i li\u1ec7u k\u1ef9 thu\u1eadt, ph\u1ee5c v\u1ee5 qu\u1ea3n l\u00fd\/ m\u1edf r\u1ed9ng\/ c\u1ea3i t\u1ea1o\">\r\n        <span style=\"margin-left: 10px;\">Publishing technical documentation for management, expansion, or renovation.<\/span>\r\n    <\/div>\r\n    <div class=\"col-lg-6 col-md-6 col-sm-12 d-flex flex-row align-items-center\">\r\n        <img decoding=\"async\" src=\"https:\/\/e2cs.com.vn\/wp-content\/uploads\/2025\/07\/13.avif\" alt=\"S\u1ed1 h\u00f3a v\u00e0 th\u00e0nh l\u1eadp m\u00f4 h\u00ecnh th\u00f4ng tin c\u00f4ng tr\u00ecn\">\r\n        <span style=\"margin-left: 10px;\">Digitalization and building information modeling<\/span>\r\n    <\/div>\r\n    <div class=\"col-lg-6 col-md-6 col-sm-12 d-flex flex-row align-items-center\">\r\n        <img decoding=\"async\" src=\"https:\/\/e2cs.com.vn\/wp-content\/uploads\/2025\/07\/18.avif\" alt=\"Qu\u1ea3n l\u00fd c\u00f4ng tr\u00ecnh tr\u00ean n\u1ec1n t\u1ea3ng s\u1ed1\">\r\n        <span style=\"margin-left: 10px;\">Digital platform project management<\/span>\r\n    <\/div>\r\n    <div class=\"col-lg-6 col-md-6 col-sm-12 d-flex flex-row align-items-center\">\r\n        <img decoding=\"async\" src=\"https:\/\/e2cs.com.vn\/wp-content\/uploads\/2025\/07\/6-1.avif\" alt=\"Chu\u1ea9n h\u00f3a d\u1eef li\u1ec7u c\u00f4ng tr\u00ecnh, qu\u1ea3n l\u00fd ph\u00e2n h\u1ec7 c\u00f4ng tr\u00ecnh\">\r\n        <span style=\"margin-left: 10px;\">Standardize construction data and manage construction subsystems.<\/span>\r\n    <\/div>\r\n    <div class=\"col-lg-6 col-md-6 col-sm-12 d-flex flex-row align-items-center\">\r\n        <img decoding=\"async\" src=\"https:\/\/e2cs.com.vn\/wp-content\/uploads\/2025\/07\/Ung-dung.avif\" alt=\"Li\u00ean k\u1ebft\/ t\u00edch h\u1ee3p d\u1eef li\u1ec7u t\u00e0i s\u1ea3n\/ b\u1ea3o d\u01b0\u1ee1ng\">\r\n        <span style=\"margin-left: 10px;\">Asset and maintenance data integration and linkage<\/span>\r\n    <\/div>\r\n<\/div>\t\t\t\t<\/div>\n\t\t\t\t<\/div>\n\t\t\t\t\t<\/div>\n\t\t<\/div>\n\t\t\t\t\t<\/div>\n\t\t<\/section>\n\t\t\t\t<section class=\"elementor-section elementor-top-section elementor-element elementor-element-2d524a5 elementor-section-boxed elementor-section-height-default elementor-section-height-default\" data-id=\"2d524a5\" data-element_type=\"section\" data-e-type=\"section\" data-settings=\"{&quot;background_background&quot;:&quot;gradient&quot;}\">\n\t\t\t\t\t\t<div class=\"elementor-container elementor-column-gap-default\">\n\t\t\t\t\t<div class=\"elementor-column elementor-col-100 elementor-top-column elementor-element elementor-element-e054f92\" data-id=\"e054f92\" data-element_type=\"column\" data-e-type=\"column\">\n\t\t\t<div class=\"elementor-widget-wrap elementor-element-populated\">\n\t\t\t\t\t\t<div class=\"elementor-element elementor-element-44dc031 elementor-widget elementor-widget-heading\" data-id=\"44dc031\" data-element_type=\"widget\" data-e-type=\"widget\" data-widget_type=\"heading.default\">\n\t\t\t\t<div class=\"elementor-widget-container\">\n\t\t\t\t\t<h3 class=\"elementor-heading-title elementor-size-default\">KEY BENEFITS<\/h3>\t\t\t\t<\/div>\n\t\t\t\t<\/div>\n\t\t\t\t<div class=\"elementor-element elementor-element-68ab5b9 elementor-widget elementor-widget-text-editor\" data-id=\"68ab5b9\" data-element_type=\"widget\" data-e-type=\"widget\" data-widget_type=\"text-editor.default\">\n\t\t\t\t<div class=\"elementor-widget-container\">\n\t\t\t\t\t\t\t\t\t<ul><li>Comprehensive and illustrative assessment of the present condition.<\/li><li>Develop a digital model: Consolidate all technical information and construction assets on a digital platform to facilitate centralized, precise, and sustainable management.<\/li><li>All structural and equipment data is readily accessible for efficient development planning.<\/li><li>Digital models facilitate virtual operations, safety training, and fire drills within realistic simulation environments.<\/li><\/ul>\t\t\t\t\t\t\t\t<\/div>\n\t\t\t\t<\/div>\n\t\t\t\t\t<\/div>\n\t\t<\/div>\n\t\t\t\t\t<\/div>\n\t\t<\/section>\n\t\t\t\t<section class=\"elementor-section elementor-top-section elementor-element elementor-element-1db684d elementor-section-boxed elementor-section-height-default elementor-section-height-default\" data-id=\"1db684d\" data-element_type=\"section\" data-e-type=\"section\">\n\t\t\t\t\t\t<div class=\"elementor-container elementor-column-gap-default\">\n\t\t\t\t\t<div class=\"elementor-column elementor-col-100 elementor-top-column elementor-element elementor-element-8f7cd91\" data-id=\"8f7cd91\" data-element_type=\"column\" data-e-type=\"column\">\n\t\t\t<div class=\"elementor-widget-wrap elementor-element-populated\">\n\t\t\t\t\t\t<div class=\"elementor-element elementor-element-6bf715f elementor-widget elementor-widget-heading\" data-id=\"6bf715f\" data-element_type=\"widget\" data-e-type=\"widget\" data-widget_type=\"heading.default\">\n\t\t\t\t<div class=\"elementor-widget-container\">\n\t\t\t\t\t<h3 class=\"elementor-heading-title elementor-size-default\">OUR PROJECTS<\/h3>\t\t\t\t<\/div>\n\t\t\t\t<\/div>\n\t\t\t\t\t<\/div>\n\t\t<\/div>\n\t\t\t\t\t<\/div>\n\t\t<\/section>\n\t\t\t\t<section class=\"elementor-section elementor-top-section elementor-element elementor-element-2d71601 elementor-section-boxed elementor-section-height-default elementor-section-height-default\" data-id=\"2d71601\" data-element_type=\"section\" data-e-type=\"section\">\n\t\t\t\t\t\t<div class=\"elementor-container elementor-column-gap-default\">\n\t\t\t\t\t<div class=\"elementor-column elementor-col-100 elementor-top-column elementor-element elementor-element-d2c4c69\" data-id=\"d2c4c69\" data-element_type=\"column\" data-e-type=\"column\">\n\t\t\t<div class=\"elementor-widget-wrap elementor-element-populated\">\n\t\t\t\t\t\t<div class=\"elementor-element elementor-element-48b6d7b elementor-widget elementor-widget-html\" data-id=\"48b6d7b\" data-element_type=\"widget\" data-e-type=\"widget\" data-widget_type=\"html.default\">\n\t\t\t\t<div class=\"elementor-widget-container\">\n\t\t\t\t\t<style>\r\n    .du-an .item img {\r\n        box-shadow: 0 4px 10px rgba(0, 0, 0, 0.2); \/* b\u00f3ng m\u1ec1m h\u01a1n *\/\r\n        transition: transform 0.3s ease, box-shadow 0.3s ease;\r\n    }\r\n    .du-an .item img:hover {\r\n        transform: scale(1.05); \/* scale nh\u1eb9 h\u01a1n 1.1 \u0111\u1ec3 tr\u00f4ng t\u1ef1 nhi\u00ean h\u01a1n *\/\r\n        box-shadow: 0 8px 20px rgba(0, 0, 0, 0.3);\r\n    }\r\n<\/style>\t\t\t\t<\/div>\n\t\t\t\t<\/div>\n\t\t\t\t<div class=\"elementor-element elementor-element-6e1db9f elementor-widget elementor-widget-html\" data-id=\"6e1db9f\" data-element_type=\"widget\" data-e-type=\"widget\" data-widget_type=\"html.default\">\n\t\t\t\t<div class=\"elementor-widget-container\">\n\t\t\t\t\t<style>.elementor-element-6e1db9f{display:none !important}<\/style>\t\t\t\t<\/div>\n\t\t\t\t<\/div>\n\t\t\t\t<div class=\"elementor-element elementor-element-58c006e elementor-widget elementor-widget-html\" data-id=\"58c006e\" data-element_type=\"widget\" data-e-type=\"widget\" data-widget_type=\"html.default\">\n\t\t\t\t<div class=\"elementor-widget-container\">\n\t\t\t\t\t\r\n<div class=\"row du-an\">\r\n    <div class=\"col-lg-3 col-md-3 col-6 pd-lg-15 pd-sm-10\">\r\n        <div class=\"item\">\r\n            <a href=\"https:\/\/e2cs.com.vn\/en\/du-an\/du-an-vinfast\/\"><img decoding=\"async\" src=\"https:\/\/e2cs.com.vn\/wp-content\/uploads\/2025\/08\/du-an-vinfast_en.avif\" alt=\"\"><\/a>\r\n        <\/div>\r\n    <\/div>\r\n    <div class=\"col-lg-3 col-md-3 col-6 pd-lg-15 pd-sm-10\">\r\n        <div class=\"item\">\r\n            <a href=\"https:\/\/e2cs.com.vn\/en\/du-an\/du-an-icd-dong-nai\/\"><img decoding=\"async\" src=\"https:\/\/e2cs.com.vn\/wp-content\/uploads\/2025\/08\/du-an-ICD_en.avif\" alt=\"\"><\/a>\r\n        <\/div>\r\n    <\/div>\r\n    <div class=\"col-lg-3 col-md-3 col-6 pd-lg-15 pd-sm-10\">\r\n        <div class=\"item\">\r\n            <a href=\"https:\/\/e2cs.com.vn\/en\/du-an\/du-an-nha-may-gyproc\/\"><img decoding=\"async\" src=\"https:\/\/e2cs.com.vn\/wp-content\/uploads\/2025\/08\/du-an-saint-gobain_en.avif\" alt=\"\"><\/a>\r\n        <\/div>\r\n    <\/div>\r\n    <div class=\"col-lg-3 col-md-3 col-6 pd-lg-15 pd-sm-10\">\r\n        <div class=\"item\">\r\n            <a href=\"https:\/\/e2cs.com.vn\/en\/du-an\/du-an-tkg-can-tho\/\"><img decoding=\"async\" src=\"https:\/\/e2cs.com.vn\/wp-content\/uploads\/2025\/08\/du-an-TKG_en.avif\" alt=\"\"><\/a>\r\n        <\/div>\r\n    <\/div>\r\n<\/div>\t\t\t\t<\/div>\n\t\t\t\t<\/div>\n\t\t\t\t\t<\/div>\n\t\t<\/div>\n\t\t\t\t\t<\/div>\n\t\t<\/section>\n\t\t\t\t<section class=\"elementor-section elementor-top-section elementor-element elementor-element-e2bda92 elementor-section-boxed elementor-section-height-default elementor-section-height-default\" data-id=\"e2bda92\" data-element_type=\"section\" data-e-type=\"section\" data-settings=\"{&quot;background_background&quot;:&quot;classic&quot;}\">\n\t\t\t\t\t\t<div class=\"elementor-container elementor-column-gap-default\">\n\t\t\t\t\t<div class=\"elementor-column elementor-col-66 elementor-top-column elementor-element elementor-element-51d6f22\" data-id=\"51d6f22\" data-element_type=\"column\" data-e-type=\"column\">\n\t\t\t<div class=\"elementor-widget-wrap elementor-element-populated\">\n\t\t\t\t\t\t<div class=\"elementor-element elementor-element-d253b0c elementor-widget elementor-widget-heading\" data-id=\"d253b0c\" data-element_type=\"widget\" data-e-type=\"widget\" data-widget_type=\"heading.default\">\n\t\t\t\t<div class=\"elementor-widget-container\">\n\t\t\t\t\t<h3 class=\"elementor-heading-title elementor-size-default\">Get in touch with us<\/h3>\t\t\t\t<\/div>\n\t\t\t\t<\/div>\n\t\t\t\t<div class=\"elementor-element elementor-element-7dcc15f elementor-widget elementor-widget-text-editor\" data-id=\"7dcc15f\" data-element_type=\"widget\" data-e-type=\"widget\" data-widget_type=\"text-editor.default\">\n\t\t\t\t<div class=\"elementor-widget-container\">\n\t\t\t\t\t\t\t\t\t<p>Drop us an online enquiry and our qualified professionals will reach out to\u00a0<span style=\"font-size: 15px;\">you.<\/span><\/p>\t\t\t\t\t\t\t\t<\/div>\n\t\t\t\t<\/div>\n\t\t\t\t\t<\/div>\n\t\t<\/div>\n\t\t\t\t<div class=\"elementor-column elementor-col-33 elementor-top-column elementor-element elementor-element-0b4daf4\" data-id=\"0b4daf4\" data-element_type=\"column\" data-e-type=\"column\">\n\t\t\t<div class=\"elementor-widget-wrap elementor-element-populated\">\n\t\t\t\t\t\t<div class=\"elementor-element elementor-element-3e76829 elementor-align-center hover-underline elementor-widget elementor-widget-button\" data-id=\"3e76829\" data-element_type=\"widget\" data-e-type=\"widget\" data-widget_type=\"button.default\">\n\t\t\t\t<div class=\"elementor-widget-container\">\n\t\t\t\t\t\t\t\t\t<div class=\"elementor-button-wrapper\">\n\t\t\t\t\t<a class=\"elementor-button elementor-button-link elementor-size-sm elementor-animation-grow\" href=\"https:\/\/e2cs.com.vn\/en\/lien-he\/\">\n\t\t\t\t\t\t<span class=\"elementor-button-content-wrapper\">\n\t\t\t\t\t\t\t\t\t<span class=\"elementor-button-text\">CONTACT US<\/span>\n\t\t\t\t\t<\/span>\n\t\t\t\t\t<\/a>\n\t\t\t\t<\/div>\n\t\t\t\t\t\t\t\t<\/div>\n\t\t\t\t<\/div>\n\t\t\t\t\t<\/div>\n\t\t<\/div>\n\t\t\t\t\t<\/div>\n\t\t<\/section>\n\t\t\t\t<\/div>","protected":false},"excerpt":{"rendered":"<p>Qu\u1ea3n l\u00fd th\u00f4ng tin v\u00e0 t\u00e0i s\u1ea3n c\u00f4ng tr\u00ecnh QU\u1ea2N L\u00dd TH\u00d4NG TIN &amp; T\u00c0I S\u1ea2N C\u00d4NG TR\u00ccNH \u1ee8NG D\u1ee4NG DIGITAL TWIN TRONG QU\u1ea2N L\u00dd TH\u00d4NG TIN \/ T\u00c0I S\u1ea2N C\u00d4NG TR\u00ccNH Trong c\u00e1c c\u00f4ng tr\u00ecnh c\u00f4ng nghi\u1ec7p, n\u0103ng l\u01b0\u1ee3ng v\u00e0 h\u00f3a ch\u1ea5t \u2013 n\u01a1i kh\u00f4ng gian ph\u1ee9c t\u1ea1p, h\u1ec7 th\u1ed1ng thi\u1ebft b\u1ecb ph\u00e2n b\u1ed1 &hellip;<\/p>\n<p class=\"read-more\"> <a class=\"\" href=\"https:\/\/e2cs.com.vn\/en\/ung-dung\/quan-ly-thong-tin-va-tai-san-cong-trinh\/\"> <span class=\"screen-reader-text\">Construction Data and Asset Administration<\/span> Read More &raquo;<\/a><\/p>","protected":false},"author":1,"featured_media":0,"parent":6658,"menu_order":0,"comment_status":"closed","ping_status":"closed","template":"","meta":{"_acf_changed":false,"inline_featured_image":false,"site-sidebar-layout":"no-sidebar","site-content-layout":"page-builder","ast-global-header-display":"","ast-main-header-display":"","ast-hfb-above-header-display":"","ast-hfb-below-header-display":"","ast-hfb-mobile-header-display":"","site-post-title":"disabled","ast-breadcrumbs-content":"","ast-featured-img":"disabled","footer-sml-layout":"","theme-transparent-header-meta":"","adv-header-id-meta":"","stick-header-meta":"","header-above-stick-meta":"","header-main-stick-meta":"","header-below-stick-meta":"","footnotes":""},"class_list":["post-7894","page","type-page","status-publish","hentry"],"acf":[],"_links":{"self":[{"href":"https:\/\/e2cs.com.vn\/en\/wp-json\/wp\/v2\/pages\/7894","targetHints":{"allow":["GET"]}}],"collection":[{"href":"https:\/\/e2cs.com.vn\/en\/wp-json\/wp\/v2\/pages"}],"about":[{"href":"https:\/\/e2cs.com.vn\/en\/wp-json\/wp\/v2\/types\/page"}],"author":[{"embeddable":true,"href":"https:\/\/e2cs.com.vn\/en\/wp-json\/wp\/v2\/users\/1"}],"replies":[{"embeddable":true,"href":"https:\/\/e2cs.com.vn\/en\/wp-json\/wp\/v2\/comments?post=7894"}],"version-history":[{"count":0,"href":"https:\/\/e2cs.com.vn\/en\/wp-json\/wp\/v2\/pages\/7894\/revisions"}],"up":[{"embeddable":true,"href":"https:\/\/e2cs.com.vn\/en\/wp-json\/wp\/v2\/pages\/6658"}],"wp:attachment":[{"href":"https:\/\/e2cs.com.vn\/en\/wp-json\/wp\/v2\/media?parent=7894"}],"curies":[{"name":"wp","href":"https:\/\/api.w.org\/{rel}","templated":true}]}}