{"id":7885,"date":"2025-07-05T01:00:36","date_gmt":"2025-07-04T18:00:36","guid":{"rendered":"https:\/\/e2cs.com.vn\/?page_id=7885"},"modified":"2025-10-18T17:31:52","modified_gmt":"2025-10-18T10:31:52","slug":"cong-trinh-dan-dung","status":"publish","type":"page","link":"https:\/\/e2cs.com.vn\/en\/ung-dung\/cong-trinh-dan-dung\/","title":{"rendered":"Civil Engineering Structures"},"content":{"rendered":"<div data-elementor-type=\"wp-page\" data-elementor-id=\"7885\" class=\"elementor elementor-7885\">\n\t\t\t\t\t\t<section class=\"elementor-section elementor-top-section elementor-element elementor-element-71a33ba elementor-section-full_width elementor-section-height-min-height elementor-hidden-mobile elementor-section-height-default elementor-section-items-middle\" data-id=\"71a33ba\" data-element_type=\"section\" data-e-type=\"section\" data-settings=\"{&quot;background_background&quot;:&quot;classic&quot;}\">\n\t\t\t\t\t\t<div class=\"elementor-container elementor-column-gap-default\">\n\t\t\t\t\t<div class=\"elementor-column elementor-col-100 elementor-top-column elementor-element elementor-element-40e21f0\" data-id=\"40e21f0\" data-element_type=\"column\" data-e-type=\"column\">\n\t\t\t<div class=\"elementor-widget-wrap elementor-element-populated\">\n\t\t\t\t\t\t<div class=\"elementor-element elementor-element-68ad89c elementor-widget elementor-widget-heading\" data-id=\"68ad89c\" data-element_type=\"widget\" data-e-type=\"widget\" data-widget_type=\"heading.default\">\n\t\t\t\t<div class=\"elementor-widget-container\">\n\t\t\t\t\t<h2 class=\"elementor-heading-title elementor-size-default\">Civil Engineering Structures<\/h2>\t\t\t\t<\/div>\n\t\t\t\t<\/div>\n\t\t\t\t\t<\/div>\n\t\t<\/div>\n\t\t\t\t\t<\/div>\n\t\t<\/section>\n\t\t\t\t<section class=\"elementor-section elementor-top-section elementor-element elementor-element-21fe0f6 elementor-section-full_width elementor-section-height-min-height elementor-hidden-desktop elementor-hidden-tablet elementor-section-height-default elementor-section-items-middle\" data-id=\"21fe0f6\" data-element_type=\"section\" data-e-type=\"section\" data-settings=\"{&quot;background_background&quot;:&quot;classic&quot;}\">\n\t\t\t\t\t\t<div class=\"elementor-container elementor-column-gap-default\">\n\t\t\t\t\t<div class=\"elementor-column elementor-col-100 elementor-top-column elementor-element elementor-element-b6bc44a\" data-id=\"b6bc44a\" data-element_type=\"column\" data-e-type=\"column\">\n\t\t\t<div class=\"elementor-widget-wrap elementor-element-populated\">\n\t\t\t\t\t\t<div class=\"elementor-element elementor-element-8ea8716 elementor-widget elementor-widget-heading\" data-id=\"8ea8716\" data-element_type=\"widget\" data-e-type=\"widget\" data-widget_type=\"heading.default\">\n\t\t\t\t<div class=\"elementor-widget-container\">\n\t\t\t\t\t<h1 class=\"elementor-heading-title elementor-size-default\">Civil Engineering Structures<\/h1>\t\t\t\t<\/div>\n\t\t\t\t<\/div>\n\t\t\t\t\t<\/div>\n\t\t<\/div>\n\t\t\t\t\t<\/div>\n\t\t<\/section>\n\t\t\t\t<section class=\"elementor-section elementor-top-section elementor-element elementor-element-fe78de6 elementor-section-boxed elementor-section-height-default elementor-section-height-default\" data-id=\"fe78de6\" data-element_type=\"section\" data-e-type=\"section\" data-settings=\"{&quot;background_background&quot;:&quot;gradient&quot;}\">\n\t\t\t\t\t\t<div class=\"elementor-container elementor-column-gap-default\">\n\t\t\t\t\t<div class=\"elementor-column elementor-col-100 elementor-top-column elementor-element elementor-element-de42efb\" data-id=\"de42efb\" data-element_type=\"column\" data-e-type=\"column\">\n\t\t\t<div class=\"elementor-widget-wrap elementor-element-populated\">\n\t\t\t\t\t\t<div class=\"elementor-element elementor-element-5f46e2f elementor-widget elementor-widget-heading\" data-id=\"5f46e2f\" data-element_type=\"widget\" data-e-type=\"widget\" data-widget_type=\"heading.default\">\n\t\t\t\t<div class=\"elementor-widget-container\">\n\t\t\t\t\t<h3 class=\"elementor-heading-title elementor-size-default\">DIGITALIZATION OF SURVEY DATA FOR CIVIL AND ARCHITECTURAL PROJECTS<\/h3>\t\t\t\t<\/div>\n\t\t\t\t<\/div>\n\t\t\t\t<div class=\"elementor-element elementor-element-bdc3dc7 elementor-widget elementor-widget-text-editor\" data-id=\"bdc3dc7\" data-element_type=\"widget\" data-e-type=\"widget\" data-widget_type=\"text-editor.default\">\n\t\t\t\t<div class=\"elementor-widget-container\">\n\t\t\t\t\t\t\t\t\t<p>The construction, supervision, and management of civil works necessitate rigorous oversight of items and actual volumes during the implementation process. This is particularly true for high-rise projects or intricate civil works, where coordination among construction phases and contractors can prove challenging. Incomplete updates of construction data in the handover records to the Investor can readily result in errors, cost overruns, and inefficiencies in planning and estimation.<br \/>E2CS delivers sophisticated technological solutions, assisting investors and contractors in optimizing the management, oversight, and construction processes of civil works with enhanced effectiveness, precision, and safety.<\/p>\t\t\t\t\t\t\t\t<\/div>\n\t\t\t\t<\/div>\n\t\t\t\t\t<\/div>\n\t\t<\/div>\n\t\t\t\t\t<\/div>\n\t\t<\/section>\n\t\t\t\t<section class=\"elementor-section elementor-top-section elementor-element elementor-element-ef9ce41 elementor-section-boxed elementor-section-height-default elementor-section-height-default\" data-id=\"ef9ce41\" data-element_type=\"section\" data-e-type=\"section\">\n\t\t\t\t\t\t<div class=\"elementor-container elementor-column-gap-default\">\n\t\t\t\t\t<div class=\"elementor-column elementor-col-100 elementor-top-column elementor-element elementor-element-e03acdb\" data-id=\"e03acdb\" data-element_type=\"column\" data-e-type=\"column\">\n\t\t\t<div class=\"elementor-widget-wrap elementor-element-populated\">\n\t\t\t\t\t\t<div class=\"elementor-element elementor-element-e70f5dd elementor-widget elementor-widget-heading\" data-id=\"e70f5dd\" data-element_type=\"widget\" data-e-type=\"widget\" data-widget_type=\"heading.default\">\n\t\t\t\t<div class=\"elementor-widget-container\">\n\t\t\t\t\t<h3 class=\"elementor-heading-title elementor-size-default\">PRODUCTS &amp; TECHNOLOGY<\/h3>\t\t\t\t<\/div>\n\t\t\t\t<\/div>\n\t\t\t\t<div class=\"elementor-element elementor-element-d3c9c5a elementor-widget elementor-widget-html\" data-id=\"d3c9c5a\" data-element_type=\"widget\" data-e-type=\"widget\" data-widget_type=\"html.default\">\n\t\t\t\t<div class=\"elementor-widget-container\">\n\t\t\t\t\t\r\n<div class=\"row\">\r\n    <div class=\"col-lg-4 col-md-4 col-sm-12 d-flex flex-column align-items-center text-center pd-sm-top-30\">\r\n        <img decoding=\"async\" style=\"height: 200px; width: 100%; object-fit: contain;\" src=\"https:\/\/e2cs.com.vn\/wp-content\/uploads\/2025\/07\/1-6.avif\" alt=\"Thu th\u1eadp d\u1eef li\u1ec7u \u0111\u1ea7y \u0111\u1ee7 v\u00e0 ch\u00ednh x\u00e1c b\u1eb1ng c\u00f4ng ngh\u1ec7 qu\u00e9t 3D Laser\">\r\n        <span style=\"margin-top: 10px;\">Gather comprehensive and precise data utilizing 3D laser scanning technology.<\/span>\r\n    <\/div>\r\n    <div class=\"col-lg-4 col-md-4 col-sm-12 d-flex flex-column align-items-center text-center pd-sm-top-30\">\r\n        <img decoding=\"async\" style=\"height: 200px; width: 100%; object-fit: contain;\" src=\"https:\/\/e2cs.com.vn\/wp-content\/uploads\/2025\/07\/2-6.avif\" alt=\"Qu\u1ea3n l\u00fd th\u00f4ng tin k\u1ef9 thu\u1eadt v\u00e0 t\u00e0i s\u1ea3n c\u00f4ng tr\u00ecnh (BIM and EAM)\">\r\n        <span style=\"margin-top: 10px;\">Building Information Modeling and Enterprise Asset Management (BIM and EAM)<\/span>\r\n    <\/div>\r\n    <div class=\"col-lg-4 col-md-4 col-sm-12 d-flex flex-column align-items-center text-center pd-sm-top-30\">\r\n        <img decoding=\"async\" style=\"height: 200px; width: 100%; object-fit: contain;\" src=\"https:\/\/e2cs.com.vn\/wp-content\/uploads\/2025\/07\/3-6.avif\" alt=\"C\u00f4ng ngh\u1ec7 si\u00eau \u00e2m v\u00e0 Radar ki\u1ec3m tra chi\u1ec1u d\u00e0y, \u0111\u1eb7c t\u00ednh k\u0129 thu\u1eadt c\u00e1c h\u1ec7 th\u1ed1ng \u00e2m tr\u1ea7n.\">\r\n        <span style=\"margin-top: 10px;\">Ultrasonic and radar technology assesses the thickness and technical specifications of ceiling systems.<\/span>\r\n    <\/div>\r\n<\/div>\t\t\t\t<\/div>\n\t\t\t\t<\/div>\n\t\t\t\t\t<\/div>\n\t\t<\/div>\n\t\t\t\t\t<\/div>\n\t\t<\/section>\n\t\t\t\t<section class=\"elementor-section elementor-top-section elementor-element elementor-element-2051750 elementor-section-boxed elementor-section-height-default elementor-section-height-default\" data-id=\"2051750\" data-element_type=\"section\" data-e-type=\"section\">\n\t\t\t\t\t\t<div class=\"elementor-container elementor-column-gap-default\">\n\t\t\t\t\t<div class=\"elementor-column elementor-col-100 elementor-top-column elementor-element elementor-element-3f8c285\" data-id=\"3f8c285\" data-element_type=\"column\" data-e-type=\"column\">\n\t\t\t<div class=\"elementor-widget-wrap elementor-element-populated\">\n\t\t\t\t\t\t<div class=\"elementor-element elementor-element-0f03bc2 elementor-widget elementor-widget-heading\" data-id=\"0f03bc2\" data-element_type=\"widget\" data-e-type=\"widget\" data-widget_type=\"heading.default\">\n\t\t\t\t<div class=\"elementor-widget-container\">\n\t\t\t\t\t<h3 class=\"elementor-heading-title elementor-size-default\">OUR SOLUTIONS<\/h3>\t\t\t\t<\/div>\n\t\t\t\t<\/div>\n\t\t\t\t<div class=\"elementor-element elementor-element-33ea060 elementor-widget elementor-widget-html\" data-id=\"33ea060\" data-element_type=\"widget\" data-e-type=\"widget\" data-widget_type=\"html.default\">\n\t\t\t\t<div class=\"elementor-widget-container\">\n\t\t\t\t\t\r\n<div class=\"row\">\r\n    <div class=\"col-lg-6 col-md-6 col-sm-12 d-flex flex-row align-items-center\">\r\n        <img decoding=\"async\" src=\"https:\/\/e2cs.com.vn\/wp-content\/uploads\/2025\/07\/1-3.avif\" alt=\"Ghi nh\u1eadn hi\u1ec7n tr\u1ea1ng h\u1ec7 th\u1ed1ng k\u1ebft c\u1ea5u, c\u01a1 \u0111i\u1ec7n, PCCC c\u1ee7a t\u00f2a nh\u00e0, ph\u1ee5c v\u1ee5 cho c\u00f4ng t\u00e1c \u0111\u1ea5u n\u1ed1i, thi\u1ebft k\u1ebf m\u1edf r\u1ed9ng ho\u1eb7c t\u00e1i kh\u1edfi \u0111\u1ed9ng c\u00e1c d\u1ef1 \u00e1n dang d\u1edf.\">\r\n        <span style=\"margin-left: 10px;\">Document the present condition of the building's structural, mechanical, and electrical systems, as well as the fire protection systems, in relation to connection work, expansion design, or the resumption of incomplete projects.<\/span>\r\n    <\/div>\r\n    <div class=\"col-lg-6 col-md-6 col-sm-12 d-flex flex-row align-items-center\">\r\n        <img decoding=\"async\" src=\"https:\/\/e2cs.com.vn\/wp-content\/uploads\/2025\/07\/3-3.avif\" alt=\"\u0110\u00e1nh gi\u00e1 hi\u1ec7n tr\u1ea1ng ki\u1ebfn tr\u00fac v\u00e0 \u0111\u1ec1 xu\u1ea5t gi\u1ea3i ph\u00e1p thi\u1ebft k\u1ebf c\u1ea3i t\u1ea1o, gi\u00fap n\u00e2ng c\u1ea5p, t\u1ed1i \u01b0u kh\u00f4ng gian v\u00e0 c\u00f4ng n\u0103ng c\u00f4ng tr\u00ecnh d\u00e2n d\u1ee5ng hi\u1ec7n h\u1eefu.\">\r\n        <span style=\"margin-left: 10px;\">Assess the present architectural condition and recommend renovation design strategies to enhance and optimize the space and functionality of existing civil structures.<\/span>\r\n    <\/div>\r\n    <div class=\"col-lg-6 col-md-6 col-sm-12 d-flex flex-row align-items-center\">\r\n        <img decoding=\"async\" src=\"https:\/\/e2cs.com.vn\/wp-content\/uploads\/2025\/07\/2-3.avif\" alt=\"\u1ee8ng d\u1ee5ng c\u00f4ng ngh\u1ec7 BIM ti\u00ean ti\u1ebfn trong qu\u1ea3n l\u00fd v\u00e0 thi c\u00f4ng c\u00f4ng tr\u00ecnh d\u00e2n d\u1ee5ng, \u0111\u00e1p \u1ee9ng xu h\u01b0\u1edbng chuy\u1ec3n \u0111\u1ed5i s\u1ed1 v\u00e0 n\u00e2ng cao hi\u1ec7u qu\u1ea3 v\u1eadn h\u00e0nh.\">\r\n        <span style=\"margin-left: 10px;\">The application of advanced BIM technology in the management and construction of civil works aligns with the trend of digital transformation and enhances operational efficiency.<\/span>\r\n    <\/div>\r\n    <div class=\"col-lg-6 col-md-6 col-sm-12 d-flex flex-row align-items-center\">\r\n        <img decoding=\"async\" src=\"https:\/\/e2cs.com.vn\/wp-content\/uploads\/2025\/07\/4-3.avif\" alt=\"X\u00e2y d\u1ef1ng m\u00f4 h\u00ecnh b\u1ea3n sao s\u1ed1 (Digital Twin) c\u1ee7a c\u00f4ng tr\u00ecnh, t\u1ea1o n\u1ec1n t\u1ea3ng cho vi\u1ec7c gi\u00e1m s\u00e1t, qu\u1ea3n l\u00fd v\u1eadn h\u00e0nh th\u00f4ng minh, \u0111a n\u1ec1n t\u1ea3ng trong t\u01b0\u01a1ng lai.\">\r\n        <span style=\"margin-left: 10px;\">Developing a digital twin model of the project establishes a foundation for intelligent, multi-platform monitoring and operational management in the future.<\/span>\r\n    <\/div>\r\n<\/div>\t\t\t\t<\/div>\n\t\t\t\t<\/div>\n\t\t\t\t\t<\/div>\n\t\t<\/div>\n\t\t\t\t\t<\/div>\n\t\t<\/section>\n\t\t\t\t<section class=\"elementor-section elementor-top-section elementor-element elementor-element-6a673e2 elementor-section-boxed elementor-section-height-default elementor-section-height-default\" data-id=\"6a673e2\" data-element_type=\"section\" data-e-type=\"section\" data-settings=\"{&quot;background_background&quot;:&quot;gradient&quot;}\">\n\t\t\t\t\t\t<div class=\"elementor-container elementor-column-gap-default\">\n\t\t\t\t\t<div class=\"elementor-column elementor-col-100 elementor-top-column elementor-element elementor-element-edfb3a5\" data-id=\"edfb3a5\" data-element_type=\"column\" data-e-type=\"column\">\n\t\t\t<div class=\"elementor-widget-wrap elementor-element-populated\">\n\t\t\t\t\t\t<div class=\"elementor-element elementor-element-c7dc1c8 elementor-widget elementor-widget-heading\" data-id=\"c7dc1c8\" data-element_type=\"widget\" data-e-type=\"widget\" data-widget_type=\"heading.default\">\n\t\t\t\t<div class=\"elementor-widget-container\">\n\t\t\t\t\t<h3 class=\"elementor-heading-title elementor-size-default\">KEY BENEFITS<\/h3>\t\t\t\t<\/div>\n\t\t\t\t<\/div>\n\t\t\t\t<div class=\"elementor-element elementor-element-8ee8c14 elementor-widget elementor-widget-text-editor\" data-id=\"8ee8c14\" data-element_type=\"widget\" data-e-type=\"widget\" data-widget_type=\"text-editor.default\">\n\t\t\t\t<div class=\"elementor-widget-container\">\n\t\t\t\t\t\t\t\t\t<ul><li>Rapid deployment, accurate construction<\/li><li>Verify, oversee efficiently, mitigate risks<\/li><li>Safe and efficient management and renovation of civil infrastructure.<\/li><li>Reduce expenses and time for investors and contractors.<\/li><\/ul>\t\t\t\t\t\t\t\t<\/div>\n\t\t\t\t<\/div>\n\t\t\t\t\t<\/div>\n\t\t<\/div>\n\t\t\t\t\t<\/div>\n\t\t<\/section>\n\t\t\t\t<section class=\"elementor-section elementor-top-section elementor-element elementor-element-7dc6d22 elementor-section-boxed elementor-section-height-default elementor-section-height-default\" data-id=\"7dc6d22\" data-element_type=\"section\" data-e-type=\"section\">\n\t\t\t\t\t\t<div class=\"elementor-container elementor-column-gap-default\">\n\t\t\t\t\t<div class=\"elementor-column elementor-col-100 elementor-top-column elementor-element elementor-element-b1610b8\" data-id=\"b1610b8\" data-element_type=\"column\" data-e-type=\"column\">\n\t\t\t<div class=\"elementor-widget-wrap elementor-element-populated\">\n\t\t\t\t\t\t<div class=\"elementor-element elementor-element-3366ebf elementor-widget elementor-widget-heading\" data-id=\"3366ebf\" data-element_type=\"widget\" data-e-type=\"widget\" data-widget_type=\"heading.default\">\n\t\t\t\t<div class=\"elementor-widget-container\">\n\t\t\t\t\t<h3 class=\"elementor-heading-title elementor-size-default\">OUR PROJECTS<\/h3>\t\t\t\t<\/div>\n\t\t\t\t<\/div>\n\t\t\t\t\t<\/div>\n\t\t<\/div>\n\t\t\t\t\t<\/div>\n\t\t<\/section>\n\t\t\t\t<section class=\"elementor-section elementor-top-section elementor-element elementor-element-b973740 elementor-section-boxed elementor-section-height-default elementor-section-height-default\" data-id=\"b973740\" data-element_type=\"section\" data-e-type=\"section\">\n\t\t\t\t\t\t<div class=\"elementor-container elementor-column-gap-default\">\n\t\t\t\t\t<div class=\"elementor-column elementor-col-100 elementor-top-column elementor-element elementor-element-c39d43f\" data-id=\"c39d43f\" data-element_type=\"column\" data-e-type=\"column\">\n\t\t\t<div class=\"elementor-widget-wrap elementor-element-populated\">\n\t\t\t\t\t\t<div class=\"elementor-element elementor-element-9ff4f75 elementor-widget elementor-widget-html\" data-id=\"9ff4f75\" data-element_type=\"widget\" data-e-type=\"widget\" data-widget_type=\"html.default\">\n\t\t\t\t<div class=\"elementor-widget-container\">\n\t\t\t\t\t<style>\r\n    .du-an .item img {\r\n        box-shadow: 0 4px 10px rgba(0, 0, 0, 0.2); \/* b\u00f3ng m\u1ec1m h\u01a1n *\/\r\n        transition: transform 0.3s ease, box-shadow 0.3s ease;\r\n    }\r\n    .du-an .item img:hover {\r\n        transform: scale(1.05); \/* scale nh\u1eb9 h\u01a1n 1.1 \u0111\u1ec3 tr\u00f4ng t\u1ef1 nhi\u00ean h\u01a1n *\/\r\n        box-shadow: 0 8px 20px rgba(0, 0, 0, 0.3);\r\n    }\r\n<\/style>\t\t\t\t<\/div>\n\t\t\t\t<\/div>\n\t\t\t\t<div class=\"elementor-element elementor-element-52266ef elementor-widget elementor-widget-html\" data-id=\"52266ef\" data-element_type=\"widget\" data-e-type=\"widget\" data-widget_type=\"html.default\">\n\t\t\t\t<div class=\"elementor-widget-container\">\n\t\t\t\t\t<style>.elementor-element-52266ef{display:none !important}<\/style>\t\t\t\t<\/div>\n\t\t\t\t<\/div>\n\t\t\t\t<div class=\"elementor-element elementor-element-0ff82ec elementor-widget elementor-widget-html\" data-id=\"0ff82ec\" data-element_type=\"widget\" data-e-type=\"widget\" data-widget_type=\"html.default\">\n\t\t\t\t<div class=\"elementor-widget-container\">\n\t\t\t\t\t\r\n<div class=\"row du-an\">\r\n    <div class=\"col-lg-3 col-md-3 col-6 pd-lg-15 pd-sm-10\">\r\n        <div class=\"item\">\r\n            <a href=\"https:\/\/e2cs.com.vn\/en\/du-an\/du-an-koolhoven\/\"><img decoding=\"async\" src=\"https:\/\/e2cs.com.vn\/wp-content\/uploads\/2025\/08\/du-an-koolhoven_en.avif\" alt=\"\"><\/a>\r\n        <\/div>\r\n    <\/div>\r\n    <div class=\"col-lg-3 col-md-3 col-6 pd-lg-15 pd-sm-10\">\r\n        <div class=\"item\">\r\n            <a href=\"https:\/\/e2cs.com.vn\/en\/du-an\/du-an-cai-tao-nha-o\/\"><img decoding=\"async\" src=\"https:\/\/e2cs.com.vn\/wp-content\/uploads\/2025\/08\/du-an-cai-tao-nha_en.avif\" alt=\"\"><\/a>\r\n        <\/div>\r\n    <\/div>\r\n    <div class=\"col-lg-3 col-md-3 col-6 pd-lg-15 pd-sm-10\">\r\n        <div class=\"item\">\r\n            <a href=\"https:\/\/e2cs.com.vn\/en\/du-an\/du-an-tdc-plaza\/\"><img decoding=\"async\" src=\"https:\/\/e2cs.com.vn\/wp-content\/uploads\/2025\/08\/du-an-TDC-plaza_en.avif\" alt=\"\"><\/a>\r\n        <\/div>\r\n    <\/div>\r\n    <div class=\"col-lg-3 col-md-3 col-6 pd-lg-15 pd-sm-10\">\r\n        <div class=\"item\">\r\n            <a href=\"https:\/\/e2cs.com.vn\/en\/du-an\/du-an-pearl-plaza\/\"><img decoding=\"async\" src=\"https:\/\/e2cs.com.vn\/wp-content\/uploads\/2025\/08\/du-an-pearl-plaza_en.avif\" alt=\"\"><\/a>\r\n        <\/div>\r\n    <\/div>\r\n<\/div>\t\t\t\t<\/div>\n\t\t\t\t<\/div>\n\t\t\t\t\t<\/div>\n\t\t<\/div>\n\t\t\t\t\t<\/div>\n\t\t<\/section>\n\t\t\t\t<section class=\"elementor-section elementor-top-section elementor-element elementor-element-1439bd4 elementor-section-boxed elementor-section-height-default elementor-section-height-default\" data-id=\"1439bd4\" data-element_type=\"section\" data-e-type=\"section\" data-settings=\"{&quot;background_background&quot;:&quot;classic&quot;}\">\n\t\t\t\t\t\t<div class=\"elementor-container elementor-column-gap-default\">\n\t\t\t\t\t<div class=\"elementor-column elementor-col-66 elementor-top-column elementor-element elementor-element-f7ded79\" data-id=\"f7ded79\" data-element_type=\"column\" data-e-type=\"column\">\n\t\t\t<div class=\"elementor-widget-wrap elementor-element-populated\">\n\t\t\t\t\t\t<div class=\"elementor-element elementor-element-381921b elementor-widget elementor-widget-heading\" data-id=\"381921b\" data-element_type=\"widget\" data-e-type=\"widget\" data-widget_type=\"heading.default\">\n\t\t\t\t<div class=\"elementor-widget-container\">\n\t\t\t\t\t<h3 class=\"elementor-heading-title elementor-size-default\">Get in touch with us<\/h3>\t\t\t\t<\/div>\n\t\t\t\t<\/div>\n\t\t\t\t<div class=\"elementor-element elementor-element-b2086cf elementor-widget elementor-widget-text-editor\" data-id=\"b2086cf\" data-element_type=\"widget\" data-e-type=\"widget\" data-widget_type=\"text-editor.default\">\n\t\t\t\t<div class=\"elementor-widget-container\">\n\t\t\t\t\t\t\t\t\t<p>Drop us an online enquiry and our qualified professionals will reach out to\u00a0<span style=\"font-size: 15px;\">you.<\/span><\/p>\t\t\t\t\t\t\t\t<\/div>\n\t\t\t\t<\/div>\n\t\t\t\t\t<\/div>\n\t\t<\/div>\n\t\t\t\t<div class=\"elementor-column elementor-col-33 elementor-top-column elementor-element elementor-element-b180987\" data-id=\"b180987\" data-element_type=\"column\" data-e-type=\"column\">\n\t\t\t<div class=\"elementor-widget-wrap elementor-element-populated\">\n\t\t\t\t\t\t<div class=\"elementor-element elementor-element-3353126 elementor-align-center hover-underline elementor-widget elementor-widget-button\" data-id=\"3353126\" data-element_type=\"widget\" data-e-type=\"widget\" data-widget_type=\"button.default\">\n\t\t\t\t<div class=\"elementor-widget-container\">\n\t\t\t\t\t\t\t\t\t<div class=\"elementor-button-wrapper\">\n\t\t\t\t\t<a class=\"elementor-button elementor-button-link elementor-size-sm elementor-animation-grow\" href=\"https:\/\/e2cs.com.vn\/en\/lien-he\/\">\n\t\t\t\t\t\t<span class=\"elementor-button-content-wrapper\">\n\t\t\t\t\t\t\t\t\t<span class=\"elementor-button-text\">CONTACT US<\/span>\n\t\t\t\t\t<\/span>\n\t\t\t\t\t<\/a>\n\t\t\t\t<\/div>\n\t\t\t\t\t\t\t\t<\/div>\n\t\t\t\t<\/div>\n\t\t\t\t\t<\/div>\n\t\t<\/div>\n\t\t\t\t\t<\/div>\n\t\t<\/section>\n\t\t\t\t<\/div>","protected":false},"excerpt":{"rendered":"<p>C\u00f4ng tr\u00ecnh d\u00e2n d\u1ee5ng C\u00d4NG TR\u00ccNH D\u00c2N D\u1ee4NG S\u1ed0 H\u00d3A D\u1eee LI\u1ec6U KH\u1ea2O S\u00c1T &#8211; CHO C\u00d4NG TR\u00ccNH D\u00c2N D\u1ee4NG V\u00c0 KI\u1ebeN TR\u00daC Thi c\u00f4ng, gi\u00e1m s\u00e1t v\u00e0 qu\u1ea3n l\u00fd c\u00f4ng tr\u00ecnh d\u00e2n d\u1ee5ng \u0111\u00f2i h\u1ecfi ph\u1ea3i ki\u1ec3m so\u00e1t ch\u1eb7t ch\u1ebd c\u00e1c h\u1ea1ng m\u1ee5c v\u00e0 kh\u1ed1i l\u01b0\u1ee3ng th\u1ef1c t\u1ebf trong su\u1ed1t qu\u00e1 tr\u00ecnh th\u1ef1c hi\u1ec7n. &hellip;<\/p>\n<p class=\"read-more\"> <a class=\"\" href=\"https:\/\/e2cs.com.vn\/en\/ung-dung\/cong-trinh-dan-dung\/\"> <span class=\"screen-reader-text\">Civil Engineering Structures<\/span> Read More &raquo;<\/a><\/p>","protected":false},"author":1,"featured_media":0,"parent":6658,"menu_order":0,"comment_status":"closed","ping_status":"closed","template":"","meta":{"_acf_changed":false,"inline_featured_image":false,"site-sidebar-layout":"no-sidebar","site-content-layout":"page-builder","ast-global-header-display":"","ast-main-header-display":"","ast-hfb-above-header-display":"","ast-hfb-below-header-display":"","ast-hfb-mobile-header-display":"","site-post-title":"disabled","ast-breadcrumbs-content":"","ast-featured-img":"disabled","footer-sml-layout":"","theme-transparent-header-meta":"","adv-header-id-meta":"","stick-header-meta":"","header-above-stick-meta":"","header-main-stick-meta":"","header-below-stick-meta":"","footnotes":""},"class_list":["post-7885","page","type-page","status-publish","hentry"],"acf":[],"_links":{"self":[{"href":"https:\/\/e2cs.com.vn\/en\/wp-json\/wp\/v2\/pages\/7885","targetHints":{"allow":["GET"]}}],"collection":[{"href":"https:\/\/e2cs.com.vn\/en\/wp-json\/wp\/v2\/pages"}],"about":[{"href":"https:\/\/e2cs.com.vn\/en\/wp-json\/wp\/v2\/types\/page"}],"author":[{"embeddable":true,"href":"https:\/\/e2cs.com.vn\/en\/wp-json\/wp\/v2\/users\/1"}],"replies":[{"embeddable":true,"href":"https:\/\/e2cs.com.vn\/en\/wp-json\/wp\/v2\/comments?post=7885"}],"version-history":[{"count":0,"href":"https:\/\/e2cs.com.vn\/en\/wp-json\/wp\/v2\/pages\/7885\/revisions"}],"up":[{"embeddable":true,"href":"https:\/\/e2cs.com.vn\/en\/wp-json\/wp\/v2\/pages\/6658"}],"wp:attachment":[{"href":"https:\/\/e2cs.com.vn\/en\/wp-json\/wp\/v2\/media?parent=7885"}],"curies":[{"name":"wp","href":"https:\/\/api.w.org\/{rel}","templated":true}]}}