{"id":7857,"date":"2025-07-05T00:06:41","date_gmt":"2025-07-04T17:06:41","guid":{"rendered":"https:\/\/e2cs.com.vn\/?page_id=7857"},"modified":"2025-10-18T17:29:21","modified_gmt":"2025-10-18T10:29:21","slug":"kho-hang","status":"publish","type":"page","link":"https:\/\/e2cs.com.vn\/en\/ung-dung\/kho-hang\/","title":{"rendered":"Warehouse"},"content":{"rendered":"<div data-elementor-type=\"wp-page\" data-elementor-id=\"7857\" class=\"elementor elementor-7857\">\n\t\t\t\t\t\t<section class=\"elementor-section elementor-top-section elementor-element elementor-element-b3878a5 elementor-section-height-min-height elementor-hidden-mobile elementor-section-boxed elementor-section-height-default elementor-section-items-middle\" data-id=\"b3878a5\" data-element_type=\"section\" data-e-type=\"section\" data-settings=\"{&quot;background_background&quot;:&quot;classic&quot;}\">\n\t\t\t\t\t\t<div class=\"elementor-container elementor-column-gap-default\">\n\t\t\t\t\t<div class=\"elementor-column elementor-col-100 elementor-top-column elementor-element elementor-element-ec0622a\" data-id=\"ec0622a\" data-element_type=\"column\" data-e-type=\"column\">\n\t\t\t<div class=\"elementor-widget-wrap elementor-element-populated\">\n\t\t\t\t\t\t<div class=\"elementor-element elementor-element-9eebff3 elementor-widget elementor-widget-heading\" data-id=\"9eebff3\" data-element_type=\"widget\" data-e-type=\"widget\" data-widget_type=\"heading.default\">\n\t\t\t\t<div class=\"elementor-widget-container\">\n\t\t\t\t\t<h2 class=\"elementor-heading-title elementor-size-default\">Warehouse<\/h2>\t\t\t\t<\/div>\n\t\t\t\t<\/div>\n\t\t\t\t\t<\/div>\n\t\t<\/div>\n\t\t\t\t\t<\/div>\n\t\t<\/section>\n\t\t\t\t<section class=\"elementor-section elementor-top-section elementor-element elementor-element-4e7128e elementor-section-full_width elementor-section-height-min-height elementor-hidden-desktop elementor-hidden-tablet elementor-section-height-default elementor-section-items-middle\" data-id=\"4e7128e\" data-element_type=\"section\" data-e-type=\"section\" data-settings=\"{&quot;background_background&quot;:&quot;classic&quot;}\">\n\t\t\t\t\t\t<div class=\"elementor-container elementor-column-gap-default\">\n\t\t\t\t\t<div class=\"elementor-column elementor-col-100 elementor-top-column elementor-element elementor-element-493b210\" data-id=\"493b210\" data-element_type=\"column\" data-e-type=\"column\">\n\t\t\t<div class=\"elementor-widget-wrap elementor-element-populated\">\n\t\t\t\t\t\t<div class=\"elementor-element elementor-element-916f92e elementor-widget elementor-widget-heading\" data-id=\"916f92e\" data-element_type=\"widget\" data-e-type=\"widget\" data-widget_type=\"heading.default\">\n\t\t\t\t<div class=\"elementor-widget-container\">\n\t\t\t\t\t<h1 class=\"elementor-heading-title elementor-size-default\">Warehouse<\/h1>\t\t\t\t<\/div>\n\t\t\t\t<\/div>\n\t\t\t\t\t<\/div>\n\t\t<\/div>\n\t\t\t\t\t<\/div>\n\t\t<\/section>\n\t\t\t\t<section class=\"elementor-section elementor-top-section elementor-element elementor-element-2c620e9 elementor-section-boxed elementor-section-height-default elementor-section-height-default\" data-id=\"2c620e9\" data-element_type=\"section\" data-e-type=\"section\" data-settings=\"{&quot;background_background&quot;:&quot;gradient&quot;}\">\n\t\t\t\t\t\t<div class=\"elementor-container elementor-column-gap-default\">\n\t\t\t\t\t<div class=\"elementor-column elementor-col-100 elementor-top-column elementor-element elementor-element-ee755dc\" data-id=\"ee755dc\" data-element_type=\"column\" data-e-type=\"column\">\n\t\t\t<div class=\"elementor-widget-wrap elementor-element-populated\">\n\t\t\t\t\t\t<div class=\"elementor-element elementor-element-c38d740 elementor-widget elementor-widget-heading\" data-id=\"c38d740\" data-element_type=\"widget\" data-e-type=\"widget\" data-widget_type=\"heading.default\">\n\t\t\t\t<div class=\"elementor-widget-container\">\n\t\t\t\t\t<h3 class=\"elementor-heading-title elementor-size-default\">COMPREHENSIVE SOLUTION FOR WAREHOUSE MANAGEMENT AND OVERSIGHT<\/h3>\t\t\t\t<\/div>\n\t\t\t\t<\/div>\n\t\t\t\t<div class=\"elementor-element elementor-element-8ec42f4 elementor-widget elementor-widget-text-editor\" data-id=\"8ec42f4\" data-element_type=\"widget\" data-e-type=\"widget\" data-widget_type=\"text-editor.default\">\n\t\t\t\t<div class=\"elementor-widget-container\">\n\t\t\t\t\t\t\t\t\t<p>For businesses, warehouses represent crucial assets, serving not only as storage facilities for goods but also as vital components in maintaining the seamless operation of the supply chain. Nevertheless, numerous warehouses today are confronted with the risk of structural deterioration, deformation, or lack of inspection during expansion or functional modifications.<\/p><p>E2CS utilizes advanced technologies, including 3D scanning, automated monitoring, and digital modeling, to assist businesses in safely managing warehouse structures, optimizing space, and operating sustainably.<\/p>\t\t\t\t\t\t\t\t<\/div>\n\t\t\t\t<\/div>\n\t\t\t\t\t<\/div>\n\t\t<\/div>\n\t\t\t\t\t<\/div>\n\t\t<\/section>\n\t\t\t\t<section class=\"elementor-section elementor-top-section elementor-element elementor-element-2d63fe3 elementor-section-boxed elementor-section-height-default elementor-section-height-default\" data-id=\"2d63fe3\" data-element_type=\"section\" data-e-type=\"section\">\n\t\t\t\t\t\t<div class=\"elementor-container elementor-column-gap-default\">\n\t\t\t\t\t<div class=\"elementor-column elementor-col-100 elementor-top-column elementor-element elementor-element-2cdc9f7\" data-id=\"2cdc9f7\" data-element_type=\"column\" data-e-type=\"column\">\n\t\t\t<div class=\"elementor-widget-wrap elementor-element-populated\">\n\t\t\t\t\t\t<div class=\"elementor-element elementor-element-e9fdbe0 elementor-widget elementor-widget-heading\" data-id=\"e9fdbe0\" data-element_type=\"widget\" data-e-type=\"widget\" data-widget_type=\"heading.default\">\n\t\t\t\t<div class=\"elementor-widget-container\">\n\t\t\t\t\t<h3 class=\"elementor-heading-title elementor-size-default\">OUR SERVICES<\/h3>\t\t\t\t<\/div>\n\t\t\t\t<\/div>\n\t\t\t\t<div class=\"elementor-element elementor-element-3522773 elementor-widget elementor-widget-html\" data-id=\"3522773\" data-element_type=\"widget\" data-e-type=\"widget\" data-widget_type=\"html.default\">\n\t\t\t\t<div class=\"elementor-widget-container\">\n\t\t\t\t\t\r\n<div class=\"row ung-dung-dich-vu\">\r\n    <div class=\"col-lg-6 col-md-6 col-sm-12 d-flex flex-row align-items-center\">\r\n        <img decoding=\"async\" src=\"https:\/\/e2cs.com.vn\/wp-content\/uploads\/2025\/07\/6-1.avif\" alt=\"Ki\u1ec3m \u0111\u1ecbnh c\u00f4ng tr\u00ecnh ph\u1ee5c v\u1ee5 l\u1eafp \u0111\u1eb7t Pin NLMT\">\r\n        <span style=\"margin-left: 10px;\">Construction inspection for solar panel installation.<\/span>\r\n    <\/div>\r\n    <div class=\"col-lg-6 col-md-6 col-sm-12 d-flex flex-row align-items-center\">\r\n        <img decoding=\"async\" src=\"https:\/\/e2cs.com.vn\/wp-content\/uploads\/2025\/07\/9.avif\" alt=\"Ki\u1ec3m tra b\u1ea3o tr\u00ec k\u1ebft c\u00e1u th\u00e9p kho h\u00e0ng\">\r\n        <span style=\"margin-left: 10px;\">Inspection of warehouse steel structure maintenance.<\/span>\r\n    <\/div>\r\n    <div class=\"col-lg-6 col-md-6 col-sm-12 d-flex flex-row align-items-center\">\r\n        <img decoding=\"async\" src=\"https:\/\/e2cs.com.vn\/wp-content\/uploads\/2025\/07\/10.avif\" alt=\"Quan tr\u1eafc ki\u1ec3m tra bi\u1ebfn d\u1ea1ng k\u1ebft c\u1ea5u (\u0110\u1ed9 v\u00f5ng, \u0111\u1ed9 nghi\u00eang, l\u00fan l\u1ec7ch k\u1ebft c\u1ea5u)\">\r\n        <span style=\"margin-left: 10px;\">Monitoring and assessing structural deformation (deflection, tilt, structural settlement).<\/span>\r\n    <\/div>\r\n    <div class=\"col-lg-6 col-md-6 col-sm-12 d-flex flex-row align-items-center\">\r\n        <img decoding=\"async\" src=\"https:\/\/e2cs.com.vn\/wp-content\/uploads\/2025\/07\/15.avif\" alt=\"Di\u1ec5n h\u1ecda tham quan kho h\u00e0ng\">\r\n        <span style=\"margin-left: 10px;\">Warehouse tour depiction.<\/span>\r\n    <\/div>\r\n    <div class=\"col-lg-6 col-md-6 col-sm-12 d-flex flex-row align-items-center\">\r\n        <img decoding=\"async\" src=\"https:\/\/e2cs.com.vn\/wp-content\/uploads\/2025\/07\/14.avif\" alt=\"Vitual Training - Thi\u1ebft l\u1eadp \u0111\u00e0o t\u1ea1o v\u00e0 di\u1ec5n t\u1eadp trong m\u00f4i tr\u01b0\u1eddng \u1ea3o h\u00f3a\">\r\n        <span style=\"margin-left: 10px;\">Virtual Training - Establish training sessions and drills within a virtual environment.<\/span>\r\n    <\/div>\r\n    <div class=\"col-lg-6 col-md-6 col-sm-12 d-flex flex-row align-items-center\">\r\n        <img decoding=\"async\" src=\"https:\/\/e2cs.com.vn\/wp-content\/uploads\/2025\/07\/16.avif\" alt=\"Ki\u1ec3m tra k\u1ebft c\u1ea5u khi thay \u0111\u1ed5i c\u00f4ng n\u0103ng\">\r\n        <span style=\"margin-left: 10px;\">Examine the structure when modifying the function.<\/span>\r\n    <\/div>\r\n<\/div>\t\t\t\t<\/div>\n\t\t\t\t<\/div>\n\t\t\t\t\t<\/div>\n\t\t<\/div>\n\t\t\t\t\t<\/div>\n\t\t<\/section>\n\t\t\t\t<section class=\"elementor-section elementor-top-section elementor-element elementor-element-53807d9 elementor-section-boxed elementor-section-height-default elementor-section-height-default\" data-id=\"53807d9\" data-element_type=\"section\" data-e-type=\"section\">\n\t\t\t\t\t\t<div class=\"elementor-container elementor-column-gap-default\">\n\t\t\t\t\t<div class=\"elementor-column elementor-col-100 elementor-top-column elementor-element elementor-element-21fc3d9\" data-id=\"21fc3d9\" data-element_type=\"column\" data-e-type=\"column\">\n\t\t\t<div class=\"elementor-widget-wrap elementor-element-populated\">\n\t\t\t\t\t\t<div class=\"elementor-element elementor-element-5ba2365 elementor-widget elementor-widget-heading\" data-id=\"5ba2365\" data-element_type=\"widget\" data-e-type=\"widget\" data-widget_type=\"heading.default\">\n\t\t\t\t<div class=\"elementor-widget-container\">\n\t\t\t\t\t<h3 class=\"elementor-heading-title elementor-size-default\">OUR PROJECTS<\/h3>\t\t\t\t<\/div>\n\t\t\t\t<\/div>\n\t\t\t\t\t<\/div>\n\t\t<\/div>\n\t\t\t\t\t<\/div>\n\t\t<\/section>\n\t\t\t\t<section class=\"elementor-section elementor-top-section elementor-element elementor-element-182c8cb elementor-section-boxed elementor-section-height-default elementor-section-height-default\" data-id=\"182c8cb\" data-element_type=\"section\" data-e-type=\"section\">\n\t\t\t\t\t\t<div class=\"elementor-container elementor-column-gap-default\">\n\t\t\t\t\t<div class=\"elementor-column elementor-col-100 elementor-top-column elementor-element elementor-element-0e9e245\" data-id=\"0e9e245\" data-element_type=\"column\" data-e-type=\"column\">\n\t\t\t<div class=\"elementor-widget-wrap elementor-element-populated\">\n\t\t\t\t\t\t<div class=\"elementor-element elementor-element-1afb2fd elementor-widget elementor-widget-html\" data-id=\"1afb2fd\" data-element_type=\"widget\" data-e-type=\"widget\" data-widget_type=\"html.default\">\n\t\t\t\t<div class=\"elementor-widget-container\">\n\t\t\t\t\t<style>\r\n    .du-an .item img {\r\n        box-shadow: 0 4px 10px rgba(0, 0, 0, 0.2); \/* b\u00f3ng m\u1ec1m h\u01a1n *\/\r\n        transition: transform 0.3s ease, box-shadow 0.3s ease;\r\n    }\r\n    .du-an .item img:hover {\r\n        transform: scale(1.05); \/* scale nh\u1eb9 h\u01a1n 1.1 \u0111\u1ec3 tr\u00f4ng t\u1ef1 nhi\u00ean h\u01a1n *\/\r\n        box-shadow: 0 8px 20px rgba(0, 0, 0, 0.3);\r\n    }\r\n<\/style>\t\t\t\t<\/div>\n\t\t\t\t<\/div>\n\t\t\t\t<div class=\"elementor-element elementor-element-45d1e4e elementor-widget elementor-widget-html\" data-id=\"45d1e4e\" data-element_type=\"widget\" data-e-type=\"widget\" data-widget_type=\"html.default\">\n\t\t\t\t<div class=\"elementor-widget-container\">\n\t\t\t\t\t<style>.elementor-element-45d1e4e{display:none !important}<\/style>\t\t\t\t<\/div>\n\t\t\t\t<\/div>\n\t\t\t\t<div class=\"elementor-element elementor-element-2efe355 elementor-widget elementor-widget-html\" data-id=\"2efe355\" data-element_type=\"widget\" data-e-type=\"widget\" data-widget_type=\"html.default\">\n\t\t\t\t<div class=\"elementor-widget-container\">\n\t\t\t\t\t<div class=\"row du-an\">\r\n    <div class=\"col-lg-3 col-md-3 col-6 pd-lg-15 pd-sm-10\">\r\n        <div class=\"item\">\r\n            <a href=\"https:\/\/e2cs.com.vn\/en\/du-an\/du-an-mondelez-binh-duong\/\"><img decoding=\"async\" src=\"https:\/\/e2cs.com.vn\/wp-content\/uploads\/2025\/08\/du-an-mondelez_en.avif\" alt=\"\"><\/a>\r\n        <\/div>\r\n    <\/div>\r\n    <div class=\"col-lg-3 col-md-3 col-6 pd-lg-15 pd-sm-10\">\r\n        <div class=\"item\">\r\n            <a href=\"https:\/\/e2cs.com.vn\/en\/du-an\/du-an-icd-dong-nai\/\"><img decoding=\"async\" src=\"https:\/\/e2cs.com.vn\/wp-content\/uploads\/2025\/08\/du-an-ICD_en.avif\" alt=\"\"><\/a>\r\n        <\/div>\r\n    <\/div>\r\n    <div class=\"col-lg-3 col-md-3 col-6 pd-lg-15 pd-sm-10\">\r\n        <div class=\"item\">\r\n            <a href=\"https:\/\/e2cs.com.vn\/en\/du-an\/du-an-nha-may-gyproc\/\"><img decoding=\"async\" src=\"https:\/\/e2cs.com.vn\/wp-content\/uploads\/2025\/08\/du-an-saint-gobain_en.avif\" alt=\"\"><\/a>\r\n        <\/div>\r\n    <\/div>\r\n    <div class=\"col-lg-3 col-md-3 col-6 pd-lg-15 pd-sm-10\">\r\n        <div class=\"item\">\r\n            <a href=\"https:\/\/e2cs.com.vn\/en\/du-an\/du-an-tkg-can-tho\/\"><img decoding=\"async\" src=\"https:\/\/e2cs.com.vn\/wp-content\/uploads\/2025\/08\/du-an-TKG_en.avif\" alt=\"\"><\/a>\r\n        <\/div>\r\n    <\/div>\r\n<\/div>\t\t\t\t<\/div>\n\t\t\t\t<\/div>\n\t\t\t\t\t<\/div>\n\t\t<\/div>\n\t\t\t\t\t<\/div>\n\t\t<\/section>\n\t\t\t\t<section class=\"elementor-section elementor-top-section elementor-element elementor-element-d8c4a06 elementor-section-boxed elementor-section-height-default elementor-section-height-default\" data-id=\"d8c4a06\" data-element_type=\"section\" data-e-type=\"section\" data-settings=\"{&quot;background_background&quot;:&quot;classic&quot;}\">\n\t\t\t\t\t\t<div class=\"elementor-container elementor-column-gap-default\">\n\t\t\t\t\t<div class=\"elementor-column elementor-col-66 elementor-top-column elementor-element elementor-element-45a782f\" data-id=\"45a782f\" data-element_type=\"column\" data-e-type=\"column\">\n\t\t\t<div class=\"elementor-widget-wrap elementor-element-populated\">\n\t\t\t\t\t\t<div class=\"elementor-element elementor-element-74bac5d elementor-widget elementor-widget-heading\" data-id=\"74bac5d\" data-element_type=\"widget\" data-e-type=\"widget\" data-widget_type=\"heading.default\">\n\t\t\t\t<div class=\"elementor-widget-container\">\n\t\t\t\t\t<h3 class=\"elementor-heading-title elementor-size-default\">Get in touch with us<\/h3>\t\t\t\t<\/div>\n\t\t\t\t<\/div>\n\t\t\t\t<div class=\"elementor-element elementor-element-515406c elementor-widget elementor-widget-text-editor\" data-id=\"515406c\" data-element_type=\"widget\" data-e-type=\"widget\" data-widget_type=\"text-editor.default\">\n\t\t\t\t<div class=\"elementor-widget-container\">\n\t\t\t\t\t\t\t\t\t<p>Drop us an online enquiry and our qualified professionals will reach out to\u00a0<span style=\"font-size: 15px;\">you.<\/span><\/p>\t\t\t\t\t\t\t\t<\/div>\n\t\t\t\t<\/div>\n\t\t\t\t\t<\/div>\n\t\t<\/div>\n\t\t\t\t<div class=\"elementor-column elementor-col-33 elementor-top-column elementor-element elementor-element-f84e9db\" data-id=\"f84e9db\" data-element_type=\"column\" data-e-type=\"column\">\n\t\t\t<div class=\"elementor-widget-wrap elementor-element-populated\">\n\t\t\t\t\t\t<div class=\"elementor-element elementor-element-1b7b7b6 elementor-align-center hover-underline elementor-widget elementor-widget-button\" data-id=\"1b7b7b6\" data-element_type=\"widget\" data-e-type=\"widget\" data-widget_type=\"button.default\">\n\t\t\t\t<div class=\"elementor-widget-container\">\n\t\t\t\t\t\t\t\t\t<div class=\"elementor-button-wrapper\">\n\t\t\t\t\t<a class=\"elementor-button elementor-button-link elementor-size-sm elementor-animation-grow\" href=\"https:\/\/e2cs.com.vn\/en\/lien-he\/\">\n\t\t\t\t\t\t<span class=\"elementor-button-content-wrapper\">\n\t\t\t\t\t\t\t\t\t<span class=\"elementor-button-text\">CONTACT US<\/span>\n\t\t\t\t\t<\/span>\n\t\t\t\t\t<\/a>\n\t\t\t\t<\/div>\n\t\t\t\t\t\t\t\t<\/div>\n\t\t\t\t<\/div>\n\t\t\t\t\t<\/div>\n\t\t<\/div>\n\t\t\t\t\t<\/div>\n\t\t<\/section>\n\t\t\t\t<\/div>","protected":false},"excerpt":{"rendered":"<p>Kho h\u00e0ng KHO H\u00c0NG GI\u1ea2I PH\u00c1P TO\u00c0N DI\u1ec6N CHO QU\u1ea2N L\u00dd V\u00c0 KI\u1ec2M TRA KHO H\u00c0NG V\u1edbi c\u00e1c doanh nghi\u1ec7p, kho h\u00e0ng l\u00e0 t\u00e0i s\u1ea3n quan tr\u1ecdng, kh\u00f4ng ch\u1ec9 l\u01b0u tr\u1eef h\u00e0ng h\u00f3a m\u00e0 c\u00f2n \u0111\u1ea3m b\u1ea3o chu\u1ed7i cung \u1ee9ng v\u1eadn h\u00e0nh li\u00ean t\u1ee5c. Tuy nhi\u00ean, nhi\u1ec1u kho h\u00e0ng hi\u1ec7n nay \u0111ang \u0111\u1ed1i m\u1eb7t v\u1edbi &hellip;<\/p>\n<p class=\"read-more\"> <a class=\"\" href=\"https:\/\/e2cs.com.vn\/en\/ung-dung\/kho-hang\/\"> <span class=\"screen-reader-text\">Warehouse<\/span> Read More &raquo;<\/a><\/p>","protected":false},"author":1,"featured_media":0,"parent":6658,"menu_order":0,"comment_status":"closed","ping_status":"closed","template":"","meta":{"_acf_changed":false,"inline_featured_image":false,"site-sidebar-layout":"no-sidebar","site-content-layout":"page-builder","ast-global-header-display":"","ast-main-header-display":"","ast-hfb-above-header-display":"","ast-hfb-below-header-display":"","ast-hfb-mobile-header-display":"","site-post-title":"disabled","ast-breadcrumbs-content":"","ast-featured-img":"disabled","footer-sml-layout":"","theme-transparent-header-meta":"","adv-header-id-meta":"","stick-header-meta":"","header-above-stick-meta":"","header-main-stick-meta":"","header-below-stick-meta":"","footnotes":""},"class_list":["post-7857","page","type-page","status-publish","hentry"],"acf":[],"_links":{"self":[{"href":"https:\/\/e2cs.com.vn\/en\/wp-json\/wp\/v2\/pages\/7857","targetHints":{"allow":["GET"]}}],"collection":[{"href":"https:\/\/e2cs.com.vn\/en\/wp-json\/wp\/v2\/pages"}],"about":[{"href":"https:\/\/e2cs.com.vn\/en\/wp-json\/wp\/v2\/types\/page"}],"author":[{"embeddable":true,"href":"https:\/\/e2cs.com.vn\/en\/wp-json\/wp\/v2\/users\/1"}],"replies":[{"embeddable":true,"href":"https:\/\/e2cs.com.vn\/en\/wp-json\/wp\/v2\/comments?post=7857"}],"version-history":[{"count":0,"href":"https:\/\/e2cs.com.vn\/en\/wp-json\/wp\/v2\/pages\/7857\/revisions"}],"up":[{"embeddable":true,"href":"https:\/\/e2cs.com.vn\/en\/wp-json\/wp\/v2\/pages\/6658"}],"wp:attachment":[{"href":"https:\/\/e2cs.com.vn\/en\/wp-json\/wp\/v2\/media?parent=7857"}],"curies":[{"name":"wp","href":"https:\/\/api.w.org\/{rel}","templated":true}]}}