{"id":7844,"date":"2025-07-04T23:57:27","date_gmt":"2025-07-04T16:57:27","guid":{"rendered":"https:\/\/e2cs.com.vn\/?page_id=7844"},"modified":"2025-10-18T17:28:08","modified_gmt":"2025-10-18T10:28:08","slug":"ket-cau-thep","status":"publish","type":"page","link":"https:\/\/e2cs.com.vn\/en\/ung-dung\/ket-cau-thep\/","title":{"rendered":"STEEL STRUCTURES"},"content":{"rendered":"<div data-elementor-type=\"wp-page\" data-elementor-id=\"7844\" class=\"elementor elementor-7844\">\n\t\t\t\t\t\t<section class=\"elementor-section elementor-top-section elementor-element elementor-element-3c22f1a elementor-hidden-mobile elementor-section-boxed elementor-section-height-default elementor-section-height-default\" data-id=\"3c22f1a\" data-element_type=\"section\" data-e-type=\"section\">\n\t\t\t\t\t\t<div class=\"elementor-container elementor-column-gap-default\">\n\t\t\t\t\t<div class=\"elementor-column elementor-col-100 elementor-top-column elementor-element elementor-element-a8194c2\" data-id=\"a8194c2\" data-element_type=\"column\" data-e-type=\"column\">\n\t\t\t<div class=\"elementor-widget-wrap\">\n\t\t\t\t\t\t\t<\/div>\n\t\t<\/div>\n\t\t\t\t\t<\/div>\n\t\t<\/section>\n\t\t\t\t<section class=\"elementor-section elementor-top-section elementor-element elementor-element-3f182dc elementor-section-height-min-height elementor-hidden-mobile elementor-section-boxed elementor-section-height-default elementor-section-items-middle\" data-id=\"3f182dc\" data-element_type=\"section\" data-e-type=\"section\" data-settings=\"{&quot;background_background&quot;:&quot;classic&quot;}\">\n\t\t\t\t\t\t<div class=\"elementor-container elementor-column-gap-default\">\n\t\t\t\t\t<div class=\"elementor-column elementor-col-100 elementor-top-column elementor-element elementor-element-c49f1d1\" data-id=\"c49f1d1\" data-element_type=\"column\" data-e-type=\"column\">\n\t\t\t<div class=\"elementor-widget-wrap elementor-element-populated\">\n\t\t\t\t\t\t<div class=\"elementor-element elementor-element-0afe87b elementor-widget elementor-widget-heading\" data-id=\"0afe87b\" data-element_type=\"widget\" data-e-type=\"widget\" data-widget_type=\"heading.default\">\n\t\t\t\t<div class=\"elementor-widget-container\">\n\t\t\t\t\t<h2 class=\"elementor-heading-title elementor-size-default\">STEEL STRUCTURES<\/h2>\t\t\t\t<\/div>\n\t\t\t\t<\/div>\n\t\t\t\t\t<\/div>\n\t\t<\/div>\n\t\t\t\t\t<\/div>\n\t\t<\/section>\n\t\t\t\t<section class=\"elementor-section elementor-top-section elementor-element elementor-element-f1c828c elementor-section-full_width elementor-section-height-min-height elementor-hidden-desktop elementor-hidden-tablet elementor-section-height-default elementor-section-items-middle\" data-id=\"f1c828c\" data-element_type=\"section\" data-e-type=\"section\" data-settings=\"{&quot;background_background&quot;:&quot;classic&quot;}\">\n\t\t\t\t\t\t<div class=\"elementor-container elementor-column-gap-default\">\n\t\t\t\t\t<div class=\"elementor-column elementor-col-100 elementor-top-column elementor-element elementor-element-d25d474\" data-id=\"d25d474\" data-element_type=\"column\" data-e-type=\"column\">\n\t\t\t<div class=\"elementor-widget-wrap elementor-element-populated\">\n\t\t\t\t\t\t<div class=\"elementor-element elementor-element-95b6890 elementor-widget elementor-widget-heading\" data-id=\"95b6890\" data-element_type=\"widget\" data-e-type=\"widget\" data-widget_type=\"heading.default\">\n\t\t\t\t<div class=\"elementor-widget-container\">\n\t\t\t\t\t<h1 class=\"elementor-heading-title elementor-size-default\">STEEL FRAMEWORK<\/h1>\t\t\t\t<\/div>\n\t\t\t\t<\/div>\n\t\t\t\t\t<\/div>\n\t\t<\/div>\n\t\t\t\t\t<\/div>\n\t\t<\/section>\n\t\t\t\t<section class=\"elementor-section elementor-top-section elementor-element elementor-element-258aa4b elementor-section-boxed elementor-section-height-default elementor-section-height-default\" data-id=\"258aa4b\" data-element_type=\"section\" data-e-type=\"section\" data-settings=\"{&quot;background_background&quot;:&quot;gradient&quot;}\">\n\t\t\t\t\t\t<div class=\"elementor-container elementor-column-gap-default\">\n\t\t\t\t\t<div class=\"elementor-column elementor-col-100 elementor-top-column elementor-element elementor-element-7a4dbca\" data-id=\"7a4dbca\" data-element_type=\"column\" data-e-type=\"column\">\n\t\t\t<div class=\"elementor-widget-wrap elementor-element-populated\">\n\t\t\t\t\t\t<div class=\"elementor-element elementor-element-a249a1f elementor-widget elementor-widget-heading\" data-id=\"a249a1f\" data-element_type=\"widget\" data-e-type=\"widget\" data-widget_type=\"heading.default\">\n\t\t\t\t<div class=\"elementor-widget-container\">\n\t\t\t\t\t<h3 class=\"elementor-heading-title elementor-size-default\">TECHNOLOGICAL SOLUTIONS FOR STEEL STRUCTURES<\/h3>\t\t\t\t<\/div>\n\t\t\t\t<\/div>\n\t\t\t\t<div class=\"elementor-element elementor-element-37bcb85 elementor-widget elementor-widget-text-editor\" data-id=\"37bcb85\" data-element_type=\"widget\" data-e-type=\"widget\" data-widget_type=\"text-editor.default\">\n\t\t\t\t<div class=\"elementor-widget-container\">\n\t\t\t\t\t\t\t\t\t<p>The construction and repair of steel structures necessitate rigorous compliance with design standards, construction methodologies, and contemporary measurement solutions to guarantee that all steel components are installed precisely in accordance with the specifications.\u00a0<\/p><p>At E2CS, we offer comprehensive solutions for steel structure construction, facilitating a direct connection between the design department and the construction site through advanced technologies.<\/p>\t\t\t\t\t\t\t\t<\/div>\n\t\t\t\t<\/div>\n\t\t\t\t\t<\/div>\n\t\t<\/div>\n\t\t\t\t\t<\/div>\n\t\t<\/section>\n\t\t\t\t<section class=\"elementor-section elementor-top-section elementor-element elementor-element-2ec42fa elementor-section-boxed elementor-section-height-default elementor-section-height-default\" data-id=\"2ec42fa\" data-element_type=\"section\" data-e-type=\"section\">\n\t\t\t\t\t\t<div class=\"elementor-container elementor-column-gap-default\">\n\t\t\t\t\t<div class=\"elementor-column elementor-col-100 elementor-top-column elementor-element elementor-element-2b03a6e\" data-id=\"2b03a6e\" data-element_type=\"column\" data-e-type=\"column\">\n\t\t\t<div class=\"elementor-widget-wrap elementor-element-populated\">\n\t\t\t\t\t\t<div class=\"elementor-element elementor-element-c80a739 elementor-widget elementor-widget-heading\" data-id=\"c80a739\" data-element_type=\"widget\" data-e-type=\"widget\" data-widget_type=\"heading.default\">\n\t\t\t\t<div class=\"elementor-widget-container\">\n\t\t\t\t\t<h3 class=\"elementor-heading-title elementor-size-default\">PRODUCTS &amp; TECHNOLOGY<\/h3>\t\t\t\t<\/div>\n\t\t\t\t<\/div>\n\t\t\t\t<div class=\"elementor-element elementor-element-df70927 elementor-widget elementor-widget-html\" data-id=\"df70927\" data-element_type=\"widget\" data-e-type=\"widget\" data-widget_type=\"html.default\">\n\t\t\t\t<div class=\"elementor-widget-container\">\n\t\t\t\t\t\r\n<div class=\"row ung-dung-dich-vu\">\r\n    <div class=\"col-lg-6 col-md-6 col-sm-12 d-flex flex-row align-items-center\">\r\n        <img decoding=\"async\" src=\"https:\/\/e2cs.com.vn\/wp-content\/uploads\/2025\/07\/1-2.avif\" alt=\"C\u00f4ng ngh\u1ec7 tr\u1eafc \u0111\u1ecba b\u1eb1ng m\u00e1y to\u00e0n \u0111\u1ea1c\">\r\n        <span style=\"margin-left: 10px;\">Total station surveying technology: Achieving unparalleled accuracy (1\u2019\u2019, 1mm)<\/span>\r\n    <\/div>\r\n    <div class=\"col-lg-6 col-md-6 col-sm-12 d-flex flex-row align-items-center\">\r\n        <img decoding=\"async\" src=\"https:\/\/e2cs.com.vn\/wp-content\/uploads\/2025\/07\/2-2.avif\" alt=\"Tri\u1ec3n khai b\u1ea3n v\u1ebd t\u1ef1 \u0111\u1ed9ng theo th\u1eddi gian th\u1ef1c\">\r\n        <span style=\"margin-left: 10px;\">Automatically deploy drawings in real time.<br\/>Construction and oversight of construction quality utilizing advanced machinery technology.<\/span>\r\n    <\/div>\r\n    <div class=\"col-lg-6 col-md-6 col-sm-12 d-flex flex-row align-items-center\">\r\n        <img decoding=\"async\" src=\"https:\/\/e2cs.com.vn\/wp-content\/uploads\/2025\/07\/4-2.avif\" alt=\"Kh\u1ea3o s\u00e1t thu th\u1eadp d\u1eef li\u1ec7u c\u00f4ng tr\u00ecnh b\u1eb1ng m\u00e1y qu\u00e9t 3D Laser Scan\">\r\n        <span style=\"margin-left: 10px;\">Survey and gather construction data utilizing 3D Laser Scanning.<\/span>\r\n    <\/div>\r\n    <div class=\"col-lg-6 col-md-6 col-sm-12 d-flex flex-row align-items-center\">\r\n        <img decoding=\"async\" src=\"https:\/\/e2cs.com.vn\/wp-content\/uploads\/2025\/07\/3-2.avif\" alt=\"Th\u00e0nh l\u1eadp v\u00e0 qu\u1ea3n l\u00fd d\u1eef li\u1ec7u th\u00f4ng tin c\u00f4ng tr\u00ecnh b\u1eb1ng m\u00f4 h\u00ecnh BIM\">\r\n        <span style=\"margin-left: 10px;\">Establish and oversee construction information data utilizing the BIM model.<\/span>\r\n    <\/div>\r\n<\/div>\t\t\t\t<\/div>\n\t\t\t\t<\/div>\n\t\t\t\t\t<\/div>\n\t\t<\/div>\n\t\t\t\t\t<\/div>\n\t\t<\/section>\n\t\t\t\t<section class=\"elementor-section elementor-top-section elementor-element elementor-element-16b58de elementor-section-boxed elementor-section-height-default elementor-section-height-default\" data-id=\"16b58de\" data-element_type=\"section\" data-e-type=\"section\">\n\t\t\t\t\t\t<div class=\"elementor-container elementor-column-gap-default\">\n\t\t\t\t\t<div class=\"elementor-column elementor-col-100 elementor-top-column elementor-element elementor-element-b2ab9d7\" data-id=\"b2ab9d7\" data-element_type=\"column\" data-e-type=\"column\">\n\t\t\t<div class=\"elementor-widget-wrap elementor-element-populated\">\n\t\t\t\t\t\t<div class=\"elementor-element elementor-element-ba16368 elementor-widget elementor-widget-heading\" data-id=\"ba16368\" data-element_type=\"widget\" data-e-type=\"widget\" data-widget_type=\"heading.default\">\n\t\t\t\t<div class=\"elementor-widget-container\">\n\t\t\t\t\t<h3 class=\"elementor-heading-title elementor-size-default\">OUR SERVICES<\/h3>\t\t\t\t<\/div>\n\t\t\t\t<\/div>\n\t\t\t\t<div class=\"elementor-element elementor-element-8efd1f0 elementor-widget elementor-widget-html\" data-id=\"8efd1f0\" data-element_type=\"widget\" data-e-type=\"widget\" data-widget_type=\"html.default\">\n\t\t\t\t<div class=\"elementor-widget-container\">\n\t\t\t\t\t<div class=\"row ung-dung-dich-vu\">\r\n    <div class=\"col-lg-6 col-md-6 col-sm-12 d-flex flex-row align-items-center\">\r\n        <img decoding=\"async\" src=\"https:\/\/e2cs.com.vn\/wp-content\/uploads\/2025\/07\/5-1.avif\" alt=\"Kh\u1ea3o s\u00e1t thu th\u1eadp d\u1eef li\u1ec7u c\u00f4ng tr\u00ecnh b\u1eb1ng m\u00e1y qu\u00e9t 3D Laser Scan\">\r\n        <span style=\"margin-left: 10px;\">Survey and gather construction data utilizing 3D Laser Scanning.<\/span>\r\n    <\/div>\r\n    <div class=\"col-lg-6 col-md-6 col-sm-12 d-flex flex-row align-items-center\">\r\n        <img decoding=\"async\" src=\"https:\/\/e2cs.com.vn\/wp-content\/uploads\/2025\/07\/10.avif\" alt=\"Quan tr\u1eafc ki\u1ec3m tra bi\u1ebfn d\u1ea1ng k\u1ebft c\u1ea5u (\u0110\u1ed9 v\u00f5ng, \u0111\u1ed9 nghi\u00eang, l\u00fan l\u1ec7ch k\u1ebft c\u1ea5u)\">\r\n        <span style=\"margin-left: 10px;\">Monitoring and assessing structural deformation (deflection, tilt, structural settlement).<\/span>\r\n    <\/div>\r\n    <div class=\"col-lg-6 col-md-6 col-sm-12 d-flex flex-row align-items-center\">\r\n        <img decoding=\"async\" src=\"https:\/\/e2cs.com.vn\/wp-content\/uploads\/2025\/07\/6-1.avif\" alt=\"Ki\u1ec3m \u0111\u1ecbnh c\u00f4ng tr\u00ecnh ph\u1ee5c v\u1ee5 l\u1eafp \u0111\u1eb7t Pin NLMT\">\r\n        <span style=\"margin-left: 10px;\">Construction inspection for solar panel installation.<\/span>\r\n    <\/div>\r\n    <div class=\"col-lg-6 col-md-6 col-sm-12 d-flex flex-row align-items-center\">\r\n        <img decoding=\"async\" src=\"https:\/\/e2cs.com.vn\/wp-content\/uploads\/2025\/07\/11.avif\" alt=\"T\u01b0 v\u1ea5n thi\u1ebft k\u1ebf ph\u01b0\u01a1ng \u00e1n gia c\u1ed1 k\u1ebft c\u1ea5u\">\r\n        <span style=\"margin-left: 10px;\">Consultation on the design of a structural reinforcement plan.<\/span>\r\n    <\/div>\r\n    <div class=\"col-lg-6 col-md-6 col-sm-12 d-flex flex-row align-items-center\">\r\n        <img decoding=\"async\" src=\"https:\/\/e2cs.com.vn\/wp-content\/uploads\/2025\/07\/7-1.avif\" alt=\"Nghi\u1ec7m thu ki\u1ec3m tra ph\u01b0\u01a1ng \u00e1n gia c\u1ed1 k\u1ebft c\u1ea5u\">\r\n        <span style=\"margin-left: 10px;\">Acceptance and evaluation of the structural reinforcement plan.<\/span>\r\n    <\/div>\r\n    <div class=\"col-lg-6 col-md-6 col-sm-12 d-flex flex-row align-items-center\">\r\n        <img decoding=\"async\" src=\"https:\/\/e2cs.com.vn\/wp-content\/uploads\/2025\/07\/12.avif\" alt=\"Th\u1ea9m tra ph\u00e2n t\u00edch k\u1ebft c\u1ea5u t\u1eeb b\u1ea3n v\u1ebd\">\r\n        <span style=\"margin-left: 10px;\">Examine structural analysis derived from drawings.<\/span>\r\n    <\/div>\r\n    <div class=\"col-lg-6 col-md-6 col-sm-12 d-flex flex-row align-items-center\">\r\n        <img decoding=\"async\" src=\"https:\/\/e2cs.com.vn\/wp-content\/uploads\/2025\/07\/8.avif\" alt=\"B\u00e1o c\u00e1o t\u00ednh to\u00e1n k\u1ebft c\u1ea5u Inverter, thang c\u00e1p, c\u1ea9u c\u00e1p\">\r\n        <span style=\"margin-left: 10px;\">Structural calculation report for inverter, cable ladder, and cable crane.<\/span>\r\n    <\/div>\r\n    <div class=\"col-lg-6 col-md-6 col-sm-12 d-flex flex-row align-items-center\">\r\n        <img decoding=\"async\" src=\"https:\/\/e2cs.com.vn\/wp-content\/uploads\/2025\/07\/13.avif\" alt=\"Ki\u1ec3m tra \u0111\u1ecbnh k\u1ef3 k\u1ebft c\u1ea5u sau l\u1eafp pin\">\r\n        <span style=\"margin-left: 10px;\">Periodically inspect the structure following the installation of the battery.<\/span>\r\n    <\/div>\r\n    <div class=\"col-lg-6 col-md-6 col-sm-12 d-flex flex-row align-items-center\">\r\n        <img decoding=\"async\" src=\"https:\/\/e2cs.com.vn\/wp-content\/uploads\/2025\/07\/9.avif\" alt=\"Ki\u1ec3m tra b\u1ea3o tr\u00ec nh\u00e0 x\u01b0\u1edfng k\u1ebft c\u00e1u th\u00e9p\">\r\n        <span style=\"margin-left: 10px;\">Inspection of maintenance for steel structure workshops.<\/span>\r\n    <\/div>\r\n<\/div>\t\t\t\t<\/div>\n\t\t\t\t<\/div>\n\t\t\t\t\t<\/div>\n\t\t<\/div>\n\t\t\t\t\t<\/div>\n\t\t<\/section>\n\t\t\t\t<section class=\"elementor-section elementor-top-section elementor-element elementor-element-758653e elementor-section-boxed elementor-section-height-default elementor-section-height-default\" data-id=\"758653e\" data-element_type=\"section\" data-e-type=\"section\" data-settings=\"{&quot;background_background&quot;:&quot;gradient&quot;}\">\n\t\t\t\t\t\t<div class=\"elementor-container elementor-column-gap-default\">\n\t\t\t\t\t<div class=\"elementor-column elementor-col-100 elementor-top-column elementor-element elementor-element-2cc94e7\" data-id=\"2cc94e7\" data-element_type=\"column\" data-e-type=\"column\">\n\t\t\t<div class=\"elementor-widget-wrap elementor-element-populated\">\n\t\t\t\t\t\t<div class=\"elementor-element elementor-element-57c1ba1 elementor-widget elementor-widget-heading\" data-id=\"57c1ba1\" data-element_type=\"widget\" data-e-type=\"widget\" data-widget_type=\"heading.default\">\n\t\t\t\t<div class=\"elementor-widget-container\">\n\t\t\t\t\t<h3 class=\"elementor-heading-title elementor-size-default\">KEY BENEFITS<\/h3>\t\t\t\t<\/div>\n\t\t\t\t<\/div>\n\t\t\t\t<div class=\"elementor-element elementor-element-05fb4af elementor-widget elementor-widget-text-editor\" data-id=\"05fb4af\" data-element_type=\"widget\" data-e-type=\"widget\" data-widget_type=\"text-editor.default\">\n\t\t\t\t<div class=\"elementor-widget-container\">\n\t\t\t\t\t\t\t\t\t<ul><li>Measure steel structures with precision ranging from 1 to 5 millimeters, facilitating quality control and the early detection of deviations.<\/li><li>Efficiently link the design room to the construction site, harmonizing data to facilitate straightforward communication and execution.<\/li><li>Provide comprehensive point-cloud data to enhance construction methodologies.<\/li><li>Utilizing advanced BIM technology to stay abreast of contemporary trends in steel structure management and construction.<\/li><\/ul>\t\t\t\t\t\t\t\t<\/div>\n\t\t\t\t<\/div>\n\t\t\t\t\t<\/div>\n\t\t<\/div>\n\t\t\t\t\t<\/div>\n\t\t<\/section>\n\t\t\t\t<section class=\"elementor-section elementor-top-section elementor-element elementor-element-b9190fb elementor-section-boxed elementor-section-height-default elementor-section-height-default\" data-id=\"b9190fb\" data-element_type=\"section\" data-e-type=\"section\">\n\t\t\t\t\t\t<div class=\"elementor-container elementor-column-gap-default\">\n\t\t\t\t\t<div class=\"elementor-column elementor-col-100 elementor-top-column elementor-element elementor-element-696a078\" data-id=\"696a078\" data-element_type=\"column\" data-e-type=\"column\">\n\t\t\t<div class=\"elementor-widget-wrap elementor-element-populated\">\n\t\t\t\t\t\t<div class=\"elementor-element elementor-element-c6c58e2 elementor-widget elementor-widget-heading\" data-id=\"c6c58e2\" data-element_type=\"widget\" data-e-type=\"widget\" data-widget_type=\"heading.default\">\n\t\t\t\t<div class=\"elementor-widget-container\">\n\t\t\t\t\t<h3 class=\"elementor-heading-title elementor-size-default\">OUR PROJECTS<\/h3>\t\t\t\t<\/div>\n\t\t\t\t<\/div>\n\t\t\t\t\t<\/div>\n\t\t<\/div>\n\t\t\t\t\t<\/div>\n\t\t<\/section>\n\t\t\t\t<section class=\"elementor-section elementor-top-section elementor-element elementor-element-4933531 elementor-section-boxed elementor-section-height-default elementor-section-height-default\" data-id=\"4933531\" data-element_type=\"section\" data-e-type=\"section\">\n\t\t\t\t\t\t<div class=\"elementor-container elementor-column-gap-default\">\n\t\t\t\t\t<div class=\"elementor-column elementor-col-100 elementor-top-column elementor-element elementor-element-5ee05cf\" data-id=\"5ee05cf\" data-element_type=\"column\" data-e-type=\"column\">\n\t\t\t<div class=\"elementor-widget-wrap elementor-element-populated\">\n\t\t\t\t\t\t<div class=\"elementor-element elementor-element-6ac90c2 elementor-widget elementor-widget-html\" data-id=\"6ac90c2\" data-element_type=\"widget\" data-e-type=\"widget\" data-widget_type=\"html.default\">\n\t\t\t\t<div class=\"elementor-widget-container\">\n\t\t\t\t\t<style>\r\n    .du-an .item img {\r\n        box-shadow: 0 4px 10px rgba(0, 0, 0, 0.2); \/* b\u00f3ng m\u1ec1m h\u01a1n *\/\r\n        transition: transform 0.3s ease, box-shadow 0.3s ease;\r\n    }\r\n    .du-an .item img:hover {\r\n        transform: scale(1.05); \/* scale nh\u1eb9 h\u01a1n 1.1 \u0111\u1ec3 tr\u00f4ng t\u1ef1 nhi\u00ean h\u01a1n *\/\r\n        box-shadow: 0 8px 20px rgba(0, 0, 0, 0.3);\r\n    }\r\n<\/style>\t\t\t\t<\/div>\n\t\t\t\t<\/div>\n\t\t\t\t<div class=\"elementor-element elementor-element-fa4159a elementor-widget elementor-widget-html\" data-id=\"fa4159a\" data-element_type=\"widget\" data-e-type=\"widget\" data-widget_type=\"html.default\">\n\t\t\t\t<div class=\"elementor-widget-container\">\n\t\t\t\t\t<style>.elementor-element-fa4159a{display:none !important}<\/style>\t\t\t\t<\/div>\n\t\t\t\t<\/div>\n\t\t\t\t<div class=\"elementor-element elementor-element-62b309f elementor-widget elementor-widget-html\" data-id=\"62b309f\" data-element_type=\"widget\" data-e-type=\"widget\" data-widget_type=\"html.default\">\n\t\t\t\t<div class=\"elementor-widget-container\">\n\t\t\t\t\t<div class=\"row du-an\">\r\n    <div class=\"col-lg-3 col-md-3 col-6 pd-lg-15 pd-sm-10\">\r\n        <div class=\"item\">\r\n            <a href=\"https:\/\/e2cs.com.vn\/en\/du-an\/du-an-vinfast\/\"><img decoding=\"async\" src=\"https:\/\/e2cs.com.vn\/wp-content\/uploads\/2025\/08\/du-an-vinfast_en.avif\" alt=\"\"><\/a>\r\n        <\/div>\r\n    <\/div>\r\n    <div class=\"col-lg-3 col-md-3 col-6 pd-lg-15 pd-sm-10\">\r\n        <div class=\"item\">\r\n            <a href=\"https:\/\/e2cs.com.vn\/en\/du-an\/du-an-icd-dong-nai\/\"><img decoding=\"async\" src=\"https:\/\/e2cs.com.vn\/wp-content\/uploads\/2025\/08\/du-an-ICD_en.avif\" alt=\"\"><\/a>\r\n        <\/div>\r\n    <\/div>\r\n    <div class=\"col-lg-3 col-md-3 col-6 pd-lg-15 pd-sm-10\">\r\n        <div class=\"item\">\r\n            <a href=\"https:\/\/e2cs.com.vn\/en\/du-an\/du-an-nha-may-gyproc\/\"><img decoding=\"async\" src=\"https:\/\/e2cs.com.vn\/wp-content\/uploads\/2025\/08\/du-an-saint-gobain_en.avif\" alt=\"\"><\/a>\r\n        <\/div>\r\n    <\/div>\r\n    <div class=\"col-lg-3 col-md-3 col-6 pd-lg-15 pd-sm-10\">\r\n        <div class=\"item\">\r\n            <a href=\"https:\/\/e2cs.com.vn\/en\/du-an\/du-an-tkg-can-tho\/\"><img decoding=\"async\" src=\"https:\/\/e2cs.com.vn\/wp-content\/uploads\/2025\/08\/du-an-TKG_en.avif\" alt=\"\"><\/a>\r\n        <\/div>\r\n    <\/div>\r\n<\/div>\t\t\t\t<\/div>\n\t\t\t\t<\/div>\n\t\t\t\t\t<\/div>\n\t\t<\/div>\n\t\t\t\t\t<\/div>\n\t\t<\/section>\n\t\t\t\t<section class=\"elementor-section elementor-top-section elementor-element elementor-element-4133e6b elementor-section-boxed elementor-section-height-default elementor-section-height-default\" data-id=\"4133e6b\" data-element_type=\"section\" data-e-type=\"section\" data-settings=\"{&quot;background_background&quot;:&quot;classic&quot;}\">\n\t\t\t\t\t\t<div class=\"elementor-container elementor-column-gap-default\">\n\t\t\t\t\t<div class=\"elementor-column elementor-col-66 elementor-top-column elementor-element elementor-element-78fd8fe\" data-id=\"78fd8fe\" data-element_type=\"column\" data-e-type=\"column\">\n\t\t\t<div class=\"elementor-widget-wrap elementor-element-populated\">\n\t\t\t\t\t\t<div class=\"elementor-element elementor-element-bad1150 elementor-widget elementor-widget-heading\" data-id=\"bad1150\" data-element_type=\"widget\" data-e-type=\"widget\" data-widget_type=\"heading.default\">\n\t\t\t\t<div class=\"elementor-widget-container\">\n\t\t\t\t\t<h3 class=\"elementor-heading-title elementor-size-default\">Get in touch with us<\/h3>\t\t\t\t<\/div>\n\t\t\t\t<\/div>\n\t\t\t\t<div class=\"elementor-element elementor-element-1b7a8bb elementor-widget elementor-widget-text-editor\" data-id=\"1b7a8bb\" data-element_type=\"widget\" data-e-type=\"widget\" data-widget_type=\"text-editor.default\">\n\t\t\t\t<div class=\"elementor-widget-container\">\n\t\t\t\t\t\t\t\t\t<p>Drop us an online enquiry and our qualified professionals will reach out to\u00a0<span style=\"font-size: 15px;\">you.<\/span><\/p>\t\t\t\t\t\t\t\t<\/div>\n\t\t\t\t<\/div>\n\t\t\t\t\t<\/div>\n\t\t<\/div>\n\t\t\t\t<div class=\"elementor-column elementor-col-33 elementor-top-column elementor-element elementor-element-bb9c963\" data-id=\"bb9c963\" data-element_type=\"column\" data-e-type=\"column\">\n\t\t\t<div class=\"elementor-widget-wrap elementor-element-populated\">\n\t\t\t\t\t\t<div class=\"elementor-element elementor-element-56e241e elementor-align-center hover-underline elementor-widget elementor-widget-button\" data-id=\"56e241e\" data-element_type=\"widget\" data-e-type=\"widget\" data-widget_type=\"button.default\">\n\t\t\t\t<div class=\"elementor-widget-container\">\n\t\t\t\t\t\t\t\t\t<div class=\"elementor-button-wrapper\">\n\t\t\t\t\t<a class=\"elementor-button elementor-button-link elementor-size-sm elementor-animation-grow\" href=\"https:\/\/e2cs.com.vn\/en\/lien-he\/\">\n\t\t\t\t\t\t<span class=\"elementor-button-content-wrapper\">\n\t\t\t\t\t\t\t\t\t<span class=\"elementor-button-text\">CONTACT US<\/span>\n\t\t\t\t\t<\/span>\n\t\t\t\t\t<\/a>\n\t\t\t\t<\/div>\n\t\t\t\t\t\t\t\t<\/div>\n\t\t\t\t<\/div>\n\t\t\t\t\t<\/div>\n\t\t<\/div>\n\t\t\t\t\t<\/div>\n\t\t<\/section>\n\t\t\t\t<\/div>","protected":false},"excerpt":{"rendered":"<p>K\u1ebft c\u1ea5u th\u00e9p K\u1ebeT C\u1ea4U TH\u00c9P GI\u1ea2I PH\u00c1P C\u00d4NG NGH\u1ec6 CHO K\u1ebeT C\u1ea4U TH\u00c9P Thi c\u00f4ng v\u00e0 s\u1eeda ch\u1eefa k\u1ebft c\u1ea5u th\u00e9p l\u00e0 c\u00f4ng vi\u1ec7c \u0111\u00f2i h\u1ecfi s\u1ef1 tu\u00e2n th\u1ee7 nghi\u00eam ng\u1eb7t c\u00e1c ti\u00eau chu\u1ea9n thi\u1ebft k\u1ebf, bi\u1ec7n ph\u00e1p thi c\u00f4ng v\u00e0 gi\u1ea3i ph\u00e1p \u0111o \u0111\u1ea1c hi\u1ec7n \u0111\u1ea1i nh\u1eb1m \u0111\u1ea3m b\u1ea3o t\u1ea5t c\u1ea3 c\u00e1c c\u1ea5u &hellip;<\/p>\n<p class=\"read-more\"> <a class=\"\" href=\"https:\/\/e2cs.com.vn\/en\/ung-dung\/ket-cau-thep\/\"> <span class=\"screen-reader-text\">STEEL STRUCTURES<\/span> Read More &raquo;<\/a><\/p>","protected":false},"author":1,"featured_media":0,"parent":6658,"menu_order":0,"comment_status":"closed","ping_status":"closed","template":"","meta":{"_acf_changed":false,"inline_featured_image":false,"site-sidebar-layout":"no-sidebar","site-content-layout":"page-builder","ast-global-header-display":"","ast-main-header-display":"","ast-hfb-above-header-display":"","ast-hfb-below-header-display":"","ast-hfb-mobile-header-display":"","site-post-title":"disabled","ast-breadcrumbs-content":"","ast-featured-img":"disabled","footer-sml-layout":"","theme-transparent-header-meta":"","adv-header-id-meta":"","stick-header-meta":"","header-above-stick-meta":"","header-main-stick-meta":"","header-below-stick-meta":"","footnotes":""},"class_list":["post-7844","page","type-page","status-publish","hentry"],"acf":[],"_links":{"self":[{"href":"https:\/\/e2cs.com.vn\/en\/wp-json\/wp\/v2\/pages\/7844","targetHints":{"allow":["GET"]}}],"collection":[{"href":"https:\/\/e2cs.com.vn\/en\/wp-json\/wp\/v2\/pages"}],"about":[{"href":"https:\/\/e2cs.com.vn\/en\/wp-json\/wp\/v2\/types\/page"}],"author":[{"embeddable":true,"href":"https:\/\/e2cs.com.vn\/en\/wp-json\/wp\/v2\/users\/1"}],"replies":[{"embeddable":true,"href":"https:\/\/e2cs.com.vn\/en\/wp-json\/wp\/v2\/comments?post=7844"}],"version-history":[{"count":0,"href":"https:\/\/e2cs.com.vn\/en\/wp-json\/wp\/v2\/pages\/7844\/revisions"}],"up":[{"embeddable":true,"href":"https:\/\/e2cs.com.vn\/en\/wp-json\/wp\/v2\/pages\/6658"}],"wp:attachment":[{"href":"https:\/\/e2cs.com.vn\/en\/wp-json\/wp\/v2\/media?parent=7844"}],"curies":[{"name":"wp","href":"https:\/\/api.w.org\/{rel}","templated":true}]}}