{"id":7781,"date":"2025-07-03T08:41:09","date_gmt":"2025-07-03T01:41:09","guid":{"rendered":"https:\/\/e2cs.com.vn\/?page_id=7781"},"modified":"2025-10-18T17:25:28","modified_gmt":"2025-10-18T10:25:28","slug":"nang-luong-mat-troi-ap-mai","status":"publish","type":"page","link":"https:\/\/e2cs.com.vn\/en\/ung-dung\/nang-luong-mat-troi-ap-mai\/","title":{"rendered":"Rooftop Solar System"},"content":{"rendered":"<div data-elementor-type=\"wp-page\" data-elementor-id=\"7781\" class=\"elementor elementor-7781\">\n\t\t\t\t\t\t<section class=\"elementor-section elementor-top-section elementor-element elementor-element-8e2fd9a elementor-section-full_width elementor-section-height-min-height elementor-section-content-middle elementor-hidden-mobile elementor-section-height-default elementor-section-items-middle\" data-id=\"8e2fd9a\" data-element_type=\"section\" data-e-type=\"section\" data-settings=\"{&quot;background_background&quot;:&quot;classic&quot;}\">\n\t\t\t\t\t\t<div class=\"elementor-container elementor-column-gap-default\">\n\t\t\t\t\t<div class=\"elementor-column elementor-col-100 elementor-top-column elementor-element elementor-element-b1dd4a1\" data-id=\"b1dd4a1\" data-element_type=\"column\" data-e-type=\"column\">\n\t\t\t<div class=\"elementor-widget-wrap elementor-element-populated\">\n\t\t\t\t\t\t<div class=\"elementor-element elementor-element-0b10893 elementor-widget elementor-widget-heading\" data-id=\"0b10893\" data-element_type=\"widget\" data-e-type=\"widget\" data-widget_type=\"heading.default\">\n\t\t\t\t<div class=\"elementor-widget-container\">\n\t\t\t\t\t<h2 class=\"elementor-heading-title elementor-size-default\">Rooftop Solar System<\/h2>\t\t\t\t<\/div>\n\t\t\t\t<\/div>\n\t\t\t\t\t<\/div>\n\t\t<\/div>\n\t\t\t\t\t<\/div>\n\t\t<\/section>\n\t\t\t\t<section class=\"elementor-section elementor-top-section elementor-element elementor-element-7db3e2d elementor-section-full_width elementor-section-height-min-height elementor-hidden-desktop elementor-hidden-tablet elementor-section-height-default elementor-section-items-middle\" data-id=\"7db3e2d\" data-element_type=\"section\" data-e-type=\"section\" data-settings=\"{&quot;background_background&quot;:&quot;classic&quot;}\">\n\t\t\t\t\t\t<div class=\"elementor-container elementor-column-gap-default\">\n\t\t\t\t\t<div class=\"elementor-column elementor-col-100 elementor-top-column elementor-element elementor-element-d44e7f5\" data-id=\"d44e7f5\" data-element_type=\"column\" data-e-type=\"column\">\n\t\t\t<div class=\"elementor-widget-wrap elementor-element-populated\">\n\t\t\t\t\t\t<div class=\"elementor-element elementor-element-9af0ef1 elementor-widget elementor-widget-heading\" data-id=\"9af0ef1\" data-element_type=\"widget\" data-e-type=\"widget\" data-widget_type=\"heading.default\">\n\t\t\t\t<div class=\"elementor-widget-container\">\n\t\t\t\t\t<h1 class=\"elementor-heading-title elementor-size-default\">Rooftop Solar System<\/h1>\t\t\t\t<\/div>\n\t\t\t\t<\/div>\n\t\t\t\t\t<\/div>\n\t\t<\/div>\n\t\t\t\t\t<\/div>\n\t\t<\/section>\n\t\t\t\t<section class=\"elementor-section elementor-top-section elementor-element elementor-element-c88020e elementor-section-boxed elementor-section-height-default elementor-section-height-default\" data-id=\"c88020e\" data-element_type=\"section\" data-e-type=\"section\" data-settings=\"{&quot;background_background&quot;:&quot;gradient&quot;}\">\n\t\t\t\t\t\t<div class=\"elementor-container elementor-column-gap-default\">\n\t\t\t\t\t<div class=\"elementor-column elementor-col-100 elementor-top-column elementor-element elementor-element-4fe4b84\" data-id=\"4fe4b84\" data-element_type=\"column\" data-e-type=\"column\">\n\t\t\t<div class=\"elementor-widget-wrap elementor-element-populated\">\n\t\t\t\t\t\t<div class=\"elementor-element elementor-element-370d277 elementor-widget elementor-widget-heading\" data-id=\"370d277\" data-element_type=\"widget\" data-e-type=\"widget\" data-widget_type=\"heading.default\">\n\t\t\t\t<div class=\"elementor-widget-container\">\n\t\t\t\t\t<h3 class=\"elementor-heading-title elementor-size-default\">APPLICATION OF SURVEYING TECHNOLOGY AND STRUCTURAL ASSESSMENT IN ROOFTOP SOLAR PROJECTS<\/h3>\t\t\t\t<\/div>\n\t\t\t\t<\/div>\n\t\t\t\t<div class=\"elementor-element elementor-element-90477cd elementor-widget elementor-widget-text-editor\" data-id=\"90477cd\" data-element_type=\"widget\" data-e-type=\"widget\" data-widget_type=\"text-editor.default\">\n\t\t\t\t<div class=\"elementor-widget-container\">\n\t\t\t\t\t\t\t\t\t<p>The building's structure is crucial in maintaining the safety and stability of the factory against the effects of weather, construction, and long-term operation. This is particularly true for rooftop solar projects, where the investment value on the roof is substantial and the standards for construction and operational safety are becoming increasingly stringent. Therefore, surveying, inspecting, and assessing the structure is an essential requirement to ensure the project's integrity.<\/p><p>E2CS offers a solution for surveying and assessing the structural integrity of rooftop solar projects through advanced technology, enabling businesses to accurately evaluate the condition of the facility prior to the installation of a solar power system.<\/p>\t\t\t\t\t\t\t\t<\/div>\n\t\t\t\t<\/div>\n\t\t\t\t\t<\/div>\n\t\t<\/div>\n\t\t\t\t\t<\/div>\n\t\t<\/section>\n\t\t\t\t<section class=\"elementor-section elementor-top-section elementor-element elementor-element-5c711a7 elementor-section-boxed elementor-section-height-default elementor-section-height-default\" data-id=\"5c711a7\" data-element_type=\"section\" data-e-type=\"section\">\n\t\t\t\t\t\t<div class=\"elementor-container elementor-column-gap-default\">\n\t\t\t\t\t<div class=\"elementor-column elementor-col-100 elementor-top-column elementor-element elementor-element-057025c\" data-id=\"057025c\" data-element_type=\"column\" data-e-type=\"column\">\n\t\t\t<div class=\"elementor-widget-wrap elementor-element-populated\">\n\t\t\t\t\t\t<div class=\"elementor-element elementor-element-b3ac29a elementor-widget elementor-widget-heading\" data-id=\"b3ac29a\" data-element_type=\"widget\" data-e-type=\"widget\" data-widget_type=\"heading.default\">\n\t\t\t\t<div class=\"elementor-widget-container\">\n\t\t\t\t\t<h3 class=\"elementor-heading-title elementor-size-default\">OUR SERVICES<\/h3>\t\t\t\t<\/div>\n\t\t\t\t<\/div>\n\t\t\t\t<div class=\"elementor-element elementor-element-2d48562 elementor-widget elementor-widget-html\" data-id=\"2d48562\" data-element_type=\"widget\" data-e-type=\"widget\" data-widget_type=\"html.default\">\n\t\t\t\t<div class=\"elementor-widget-container\">\n\t\t\t\t\t<style>\r\n    .row .col-lg-6 img {\r\n        width: 30%;\r\n    }\r\n<\/style>\r\n<div class=\"row\">\r\n    <div class=\"col-lg-6 col-md-6 col-sm-12 d-flex flex-row align-items-center\">\r\n        <img decoding=\"async\" src=\"https:\/\/e2cs.com.vn\/wp-content\/uploads\/2025\/07\/5-1.avif\" alt=\"Kh\u1ea3o s\u00e1t thu th\u1eadp d\u1eef li\u1ec7u c\u00f4ng tr\u00ecnh b\u1eb1ng m\u00e1y qu\u00e9t 3D Laser Scan\">\r\n        <span style=\"margin-left: 10px;\">Survey and gather construction data utilizing 3D Laser Scanning.<\/span>\r\n    <\/div>\r\n    <div class=\"col-lg-6 col-md-6 col-sm-12 d-flex flex-row align-items-center\">\r\n        <img decoding=\"async\" src=\"https:\/\/e2cs.com.vn\/wp-content\/uploads\/2025\/07\/10.avif\" alt=\"Quan tr\u1eafc ki\u1ec3m tra bi\u1ebfn d\u1ea1ng k\u1ebft c\u1ea5u (\u0110\u1ed9 v\u00f5ng, \u0111\u1ed9 nghi\u00eang, l\u00fan l\u1ec7ch k\u1ebft c\u1ea5u)\">\r\n        <span style=\"margin-left: 10px;\">Monitoring and assessing structural deformation (deflection, tilt, structural settlement).<\/span>\r\n    <\/div>\r\n    <div class=\"col-lg-6 col-md-6 col-sm-12 d-flex flex-row align-items-center\">\r\n        <img decoding=\"async\" src=\"https:\/\/e2cs.com.vn\/wp-content\/uploads\/2025\/07\/6-1.avif\" alt=\"Ki\u1ec3m \u0111\u1ecbnh c\u00f4ng tr\u00ecnh ph\u1ee5c v\u1ee5 l\u1eafp \u0111\u1eb7t Pin NLMT\">\r\n        <span style=\"margin-left: 10px;\">Construction inspection for solar panel installation.<\/span>\r\n    <\/div>\r\n    <div class=\"col-lg-6 col-md-6 col-sm-12 d-flex flex-row align-items-center\">\r\n        <img decoding=\"async\" src=\"https:\/\/e2cs.com.vn\/wp-content\/uploads\/2025\/07\/11.avif\" alt=\"T\u01b0 v\u1ea5n thi\u1ebft k\u1ebf ph\u01b0\u01a1ng \u00e1n gia c\u1ed1 k\u1ebft c\u1ea5u\">\r\n        <span style=\"margin-left: 10px;\">Consultation on the design of a structural reinforcement plan.<\/span>\r\n    <\/div>\r\n    <div class=\"col-lg-6 col-md-6 col-sm-12 d-flex flex-row align-items-center\">\r\n        <img decoding=\"async\" src=\"https:\/\/e2cs.com.vn\/wp-content\/uploads\/2025\/07\/7-1.avif\" alt=\"Nghi\u1ec7m thu ki\u1ec3m tra ph\u01b0\u01a1ng \u00e1n gia c\u1ed1 k\u1ebft c\u1ea5u\">\r\n        <span style=\"margin-left: 10px;\">Acceptance and evaluation of the structural reinforcement plan.<\/span>\r\n    <\/div>\r\n    <div class=\"col-lg-6 col-md-6 col-sm-12 d-flex flex-row align-items-center\">\r\n        <img decoding=\"async\" src=\"https:\/\/e2cs.com.vn\/wp-content\/uploads\/2025\/07\/12.avif\" alt=\"Th\u1ea9m tra ph\u00e2n t\u00edch k\u1ebft c\u1ea5u t\u1eeb b\u1ea3n v\u1ebd\">\r\n        <span style=\"margin-left: 10px;\">Examine structural analysis derived from drawings.<\/span>\r\n    <\/div>\r\n    <div class=\"col-lg-6 col-md-6 col-sm-12 d-flex flex-row align-items-center\">\r\n        <img decoding=\"async\" src=\"https:\/\/e2cs.com.vn\/wp-content\/uploads\/2025\/07\/8.avif\" alt=\"B\u00e1o c\u00e1o t\u00ednh to\u00e1n k\u1ebft c\u1ea5u Inverter, thang c\u00e1p, c\u1ea9u c\u00e1p\">\r\n        <span style=\"margin-left: 10px;\">Structural calculation report for inverter, cable ladder, and cable crane.<\/span>\r\n    <\/div>\r\n    <div class=\"col-lg-6 col-md-6 col-sm-12 d-flex flex-row align-items-center\">\r\n        <img decoding=\"async\" src=\"https:\/\/e2cs.com.vn\/wp-content\/uploads\/2025\/07\/13.avif\" alt=\"Ki\u1ec3m tra \u0111\u1ecbnh k\u1ef3 k\u1ebft c\u1ea5u sau l\u1eafp pin\">\r\n        <span style=\"margin-left: 10px;\">Periodically inspect the structure following the installation of the battery.<\/span>\r\n    <\/div>\r\n    <div class=\"col-lg-6 col-md-6 col-sm-12 d-flex flex-row align-items-center\">\r\n        <img decoding=\"async\" src=\"https:\/\/e2cs.com.vn\/wp-content\/uploads\/2025\/07\/9.avif\" alt=\"Ki\u1ec3m tra b\u1ea3o tr\u00ec nh\u00e0 x\u01b0\u1edfng k\u1ebft c\u00e1u th\u00e9p\">\r\n        <span style=\"margin-left: 10px;\">Inspection of maintenance for steel structure workshops.<\/span>\r\n    <\/div>\r\n<\/div>\t\t\t\t<\/div>\n\t\t\t\t<\/div>\n\t\t\t\t\t<\/div>\n\t\t<\/div>\n\t\t\t\t\t<\/div>\n\t\t<\/section>\n\t\t\t\t<section class=\"elementor-section elementor-top-section elementor-element elementor-element-25cf816 elementor-section-boxed elementor-section-height-default elementor-section-height-default\" data-id=\"25cf816\" data-element_type=\"section\" data-e-type=\"section\" data-settings=\"{&quot;background_background&quot;:&quot;gradient&quot;}\">\n\t\t\t\t\t\t<div class=\"elementor-container elementor-column-gap-default\">\n\t\t\t\t\t<div class=\"elementor-column elementor-col-100 elementor-top-column elementor-element elementor-element-eea4372\" data-id=\"eea4372\" data-element_type=\"column\" data-e-type=\"column\">\n\t\t\t<div class=\"elementor-widget-wrap elementor-element-populated\">\n\t\t\t\t\t\t<div class=\"elementor-element elementor-element-3bfb325 elementor-widget elementor-widget-heading\" data-id=\"3bfb325\" data-element_type=\"widget\" data-e-type=\"widget\" data-widget_type=\"heading.default\">\n\t\t\t\t<div class=\"elementor-widget-container\">\n\t\t\t\t\t<h3 class=\"elementor-heading-title elementor-size-default\">KEY BENEFITS<\/h3>\t\t\t\t<\/div>\n\t\t\t\t<\/div>\n\t\t\t\t<div class=\"elementor-element elementor-element-d6f547c elementor-widget elementor-widget-text-editor\" data-id=\"d6f547c\" data-element_type=\"widget\" data-e-type=\"widget\" data-widget_type=\"text-editor.default\">\n\t\t\t\t<div class=\"elementor-widget-container\">\n\t\t\t\t\t\t\t\t\t<ul><li>Survey and evaluation progress is 2 to 5 times more rapid than conventional methods.<\/li><li>Data provides an accurate assessment of the project's current status and can be compared with completion records.<\/li><li>Data is stored in a 3D point cloud format, facilitating easy verification and comparison when necessary.<\/li><li>Viable for extensive rooftop projects characterized by stringent timelines and elevated precision demands.<\/li><\/ul>\t\t\t\t\t\t\t\t<\/div>\n\t\t\t\t<\/div>\n\t\t\t\t\t<\/div>\n\t\t<\/div>\n\t\t\t\t\t<\/div>\n\t\t<\/section>\n\t\t\t\t<section class=\"elementor-section elementor-top-section elementor-element elementor-element-59dfd95 elementor-section-boxed elementor-section-height-default elementor-section-height-default\" data-id=\"59dfd95\" data-element_type=\"section\" data-e-type=\"section\">\n\t\t\t\t\t\t<div class=\"elementor-container elementor-column-gap-default\">\n\t\t\t\t\t<div class=\"elementor-column elementor-col-50 elementor-top-column elementor-element elementor-element-7ccfd6d\" data-id=\"7ccfd6d\" data-element_type=\"column\" data-e-type=\"column\">\n\t\t\t<div class=\"elementor-widget-wrap elementor-element-populated\">\n\t\t\t\t\t\t<div class=\"elementor-element elementor-element-6ea3305 elementor-widget elementor-widget-heading\" data-id=\"6ea3305\" data-element_type=\"widget\" data-e-type=\"widget\" data-widget_type=\"heading.default\">\n\t\t\t\t<div class=\"elementor-widget-container\">\n\t\t\t\t\t<h3 class=\"elementor-heading-title elementor-size-default\">Overview of the implementation procedure<\/h3>\t\t\t\t<\/div>\n\t\t\t\t<\/div>\n\t\t\t\t\t<\/div>\n\t\t<\/div>\n\t\t\t\t<div class=\"elementor-column elementor-col-50 elementor-top-column elementor-element elementor-element-cea4793\" data-id=\"cea4793\" data-element_type=\"column\" data-e-type=\"column\">\n\t\t\t<div class=\"elementor-widget-wrap elementor-element-populated\">\n\t\t\t\t\t\t<div class=\"elementor-element elementor-element-4228365 elementor-widget elementor-widget-video\" data-id=\"4228365\" data-element_type=\"widget\" data-e-type=\"widget\" data-settings=\"{&quot;youtube_url&quot;:&quot;https:\\\/\\\/www.youtube.com\\\/watch?v=eTHSdiy1JDg&amp;t=3s&quot;,&quot;lazy_load&quot;:&quot;yes&quot;,&quot;video_type&quot;:&quot;youtube&quot;,&quot;controls&quot;:&quot;yes&quot;}\" data-widget_type=\"video.default\">\n\t\t\t\t<div class=\"elementor-widget-container\">\n\t\t\t\t\t\t\t<div class=\"elementor-wrapper elementor-open-inline\">\n\t\t\t<div class=\"elementor-video\"><\/div>\t\t<\/div>\n\t\t\t\t\t\t<\/div>\n\t\t\t\t<\/div>\n\t\t\t\t\t<\/div>\n\t\t<\/div>\n\t\t\t\t\t<\/div>\n\t\t<\/section>\n\t\t\t\t<section class=\"elementor-section elementor-top-section elementor-element elementor-element-008b7af elementor-section-boxed elementor-section-height-default elementor-section-height-default\" data-id=\"008b7af\" data-element_type=\"section\" data-e-type=\"section\">\n\t\t\t\t\t\t<div class=\"elementor-container elementor-column-gap-default\">\n\t\t\t\t\t<div class=\"elementor-column elementor-col-100 elementor-top-column elementor-element elementor-element-e154be4\" data-id=\"e154be4\" data-element_type=\"column\" data-e-type=\"column\">\n\t\t\t<div class=\"elementor-widget-wrap elementor-element-populated\">\n\t\t\t\t\t\t<div class=\"elementor-element elementor-element-635ebb9 elementor-widget elementor-widget-heading\" data-id=\"635ebb9\" data-element_type=\"widget\" data-e-type=\"widget\" data-widget_type=\"heading.default\">\n\t\t\t\t<div class=\"elementor-widget-container\">\n\t\t\t\t\t<h3 class=\"elementor-heading-title elementor-size-default\">OUR PROJECTS<\/h3>\t\t\t\t<\/div>\n\t\t\t\t<\/div>\n\t\t\t\t\t<\/div>\n\t\t<\/div>\n\t\t\t\t\t<\/div>\n\t\t<\/section>\n\t\t\t\t<section class=\"elementor-section elementor-top-section elementor-element elementor-element-d8f1c18 elementor-section-boxed elementor-section-height-default elementor-section-height-default\" data-id=\"d8f1c18\" data-element_type=\"section\" data-e-type=\"section\">\n\t\t\t\t\t\t<div class=\"elementor-container elementor-column-gap-default\">\n\t\t\t\t\t<div class=\"elementor-column elementor-col-100 elementor-top-column elementor-element elementor-element-12cbe3f\" data-id=\"12cbe3f\" data-element_type=\"column\" data-e-type=\"column\">\n\t\t\t<div class=\"elementor-widget-wrap elementor-element-populated\">\n\t\t\t\t\t\t<div class=\"elementor-element elementor-element-7ed9a9c elementor-widget elementor-widget-html\" data-id=\"7ed9a9c\" data-element_type=\"widget\" data-e-type=\"widget\" data-widget_type=\"html.default\">\n\t\t\t\t<div class=\"elementor-widget-container\">\n\t\t\t\t\t<style>\r\n    .du-an .item img {\r\n        box-shadow: 0 4px 10px rgba(0, 0, 0, 0.2); \/* b\u00f3ng m\u1ec1m h\u01a1n *\/\r\n        transition: transform 0.3s ease, box-shadow 0.3s ease;\r\n    }\r\n    .du-an .item img:hover {\r\n        transform: scale(1.05); \/* scale nh\u1eb9 h\u01a1n 1.1 \u0111\u1ec3 tr\u00f4ng t\u1ef1 nhi\u00ean h\u01a1n *\/\r\n        box-shadow: 0 8px 20px rgba(0, 0, 0, 0.3);\r\n    }\r\n<\/style>\t\t\t\t<\/div>\n\t\t\t\t<\/div>\n\t\t\t\t<div class=\"elementor-element elementor-element-528abc6 elementor-widget elementor-widget-html\" data-id=\"528abc6\" data-element_type=\"widget\" data-e-type=\"widget\" data-widget_type=\"html.default\">\n\t\t\t\t<div class=\"elementor-widget-container\">\n\t\t\t\t\t<style>.elementor-element-528abc6{display:none !important}<\/style>\t\t\t\t<\/div>\n\t\t\t\t<\/div>\n\t\t\t\t<div class=\"elementor-element elementor-element-9b097f7 elementor-widget elementor-widget-html\" data-id=\"9b097f7\" data-element_type=\"widget\" data-e-type=\"widget\" data-widget_type=\"html.default\">\n\t\t\t\t<div class=\"elementor-widget-container\">\n\t\t\t\t\t<div class=\"row du-an\">\r\n    <div class=\"col-lg-3 col-md-3 col-6 pd-lg-15 pd-sm-10\">\r\n        <div class=\"item\">\r\n            <a href=\"https:\/\/e2cs.com.vn\/en\/du-an\/du-an-foxconn\/\"><img decoding=\"async\" src=\"https:\/\/e2cs.com.vn\/wp-content\/uploads\/2025\/08\/du-an-foxconn_en.avif\" alt=\"\"><\/a>\r\n        <\/div>\r\n    <\/div>\r\n    <div class=\"col-lg-3 col-md-3 col-6 pd-lg-15 pd-sm-10\">\r\n        <div class=\"item\">\r\n            <a href=\"https:\/\/e2cs.com.vn\/en\/du-an\/du-an-dobla-asia\/\"><img decoding=\"async\" src=\"https:\/\/e2cs.com.vn\/wp-content\/uploads\/2025\/08\/du-an-dobla-asia_en.avif\" alt=\"\"><\/a>\r\n        <\/div>\r\n    <\/div>\r\n    <div class=\"col-lg-3 col-md-3 col-6 pd-lg-15 pd-sm-10\">\r\n        <div class=\"item\">\r\n            <a href=\"https:\/\/e2cs.com.vn\/en\/du-an\/du-an-beesco-vina\/\"><img decoding=\"async\" src=\"https:\/\/e2cs.com.vn\/wp-content\/uploads\/2025\/08\/du-an-beesco-vina_en.avif\" alt=\"\"><\/a>\r\n        <\/div>\r\n    <\/div>\r\n    <div class=\"col-lg-3 col-md-3 col-6 pd-lg-15 pd-sm-10\">\r\n        <div class=\"item\">\r\n            <a href=\"https:\/\/e2cs.com.vn\/en\/du-an\/du-an-tien-nga\/\"><img decoding=\"async\" src=\"https:\/\/e2cs.com.vn\/wp-content\/uploads\/2025\/08\/du-an-tien-nga_en.avif\" alt=\"\"><\/a>\r\n        <\/div>\r\n    <\/div>\r\n<\/div>\t\t\t\t<\/div>\n\t\t\t\t<\/div>\n\t\t\t\t\t<\/div>\n\t\t<\/div>\n\t\t\t\t\t<\/div>\n\t\t<\/section>\n\t\t\t\t<section class=\"elementor-section elementor-top-section elementor-element elementor-element-1f00dab elementor-section-boxed elementor-section-height-default elementor-section-height-default\" data-id=\"1f00dab\" data-element_type=\"section\" data-e-type=\"section\">\n\t\t\t\t\t\t<div class=\"elementor-container elementor-column-gap-default\">\n\t\t\t\t\t<div class=\"elementor-column elementor-col-100 elementor-top-column elementor-element elementor-element-efda51a\" data-id=\"efda51a\" data-element_type=\"column\" data-e-type=\"column\">\n\t\t\t<div class=\"elementor-widget-wrap elementor-element-populated\">\n\t\t\t\t\t\t<div class=\"elementor-element elementor-element-74e5a09 elementor-align-center elementor-widget elementor-widget-button\" data-id=\"74e5a09\" data-element_type=\"widget\" data-e-type=\"widget\" data-widget_type=\"button.default\">\n\t\t\t\t<div class=\"elementor-widget-container\">\n\t\t\t\t\t\t\t\t\t<div class=\"elementor-button-wrapper\">\n\t\t\t\t\t<a class=\"elementor-button elementor-button-link elementor-size-sm elementor-animation-grow\" href=\"https:\/\/e2cs.com.vn\/en\/khao-sat-danh-gia-ket-cau\/\">\n\t\t\t\t\t\t<span class=\"elementor-button-content-wrapper\">\n\t\t\t\t\t\t\t\t\t<span class=\"elementor-button-text\">Learn More<\/span>\n\t\t\t\t\t<\/span>\n\t\t\t\t\t<\/a>\n\t\t\t\t<\/div>\n\t\t\t\t\t\t\t\t<\/div>\n\t\t\t\t<\/div>\n\t\t\t\t\t<\/div>\n\t\t<\/div>\n\t\t\t\t\t<\/div>\n\t\t<\/section>\n\t\t\t\t<section class=\"elementor-section elementor-top-section elementor-element elementor-element-bf3ab6e elementor-section-boxed elementor-section-height-default elementor-section-height-default\" data-id=\"bf3ab6e\" data-element_type=\"section\" data-e-type=\"section\" data-settings=\"{&quot;background_background&quot;:&quot;classic&quot;}\">\n\t\t\t\t\t\t<div class=\"elementor-container elementor-column-gap-default\">\n\t\t\t\t\t<div class=\"elementor-column elementor-col-66 elementor-top-column elementor-element elementor-element-2f3a52b\" data-id=\"2f3a52b\" data-element_type=\"column\" data-e-type=\"column\">\n\t\t\t<div class=\"elementor-widget-wrap elementor-element-populated\">\n\t\t\t\t\t\t<div class=\"elementor-element elementor-element-d04c6f1 elementor-widget elementor-widget-heading\" data-id=\"d04c6f1\" data-element_type=\"widget\" data-e-type=\"widget\" data-widget_type=\"heading.default\">\n\t\t\t\t<div class=\"elementor-widget-container\">\n\t\t\t\t\t<h3 class=\"elementor-heading-title elementor-size-default\">Get in touch with us<\/h3>\t\t\t\t<\/div>\n\t\t\t\t<\/div>\n\t\t\t\t<div class=\"elementor-element elementor-element-920adf2 elementor-widget elementor-widget-text-editor\" data-id=\"920adf2\" data-element_type=\"widget\" data-e-type=\"widget\" data-widget_type=\"text-editor.default\">\n\t\t\t\t<div class=\"elementor-widget-container\">\n\t\t\t\t\t\t\t\t\t<p>Drop us an online enquiry and our qualified professionals will reach out to\u00a0<span style=\"font-size: 15px;\">you.<\/span><\/p>\t\t\t\t\t\t\t\t<\/div>\n\t\t\t\t<\/div>\n\t\t\t\t\t<\/div>\n\t\t<\/div>\n\t\t\t\t<div class=\"elementor-column elementor-col-33 elementor-top-column elementor-element elementor-element-b64c288\" data-id=\"b64c288\" data-element_type=\"column\" data-e-type=\"column\">\n\t\t\t<div class=\"elementor-widget-wrap elementor-element-populated\">\n\t\t\t\t\t\t<div class=\"elementor-element elementor-element-799e2ec elementor-align-center hover-underline elementor-widget elementor-widget-button\" data-id=\"799e2ec\" data-element_type=\"widget\" data-e-type=\"widget\" data-widget_type=\"button.default\">\n\t\t\t\t<div class=\"elementor-widget-container\">\n\t\t\t\t\t\t\t\t\t<div class=\"elementor-button-wrapper\">\n\t\t\t\t\t<a class=\"elementor-button elementor-button-link elementor-size-sm elementor-animation-grow\" href=\"https:\/\/e2cs.com.vn\/en\/lien-he\/\">\n\t\t\t\t\t\t<span class=\"elementor-button-content-wrapper\">\n\t\t\t\t\t\t\t\t\t<span class=\"elementor-button-text\">CONTACT US<\/span>\n\t\t\t\t\t<\/span>\n\t\t\t\t\t<\/a>\n\t\t\t\t<\/div>\n\t\t\t\t\t\t\t\t<\/div>\n\t\t\t\t<\/div>\n\t\t\t\t\t<\/div>\n\t\t<\/div>\n\t\t\t\t\t<\/div>\n\t\t<\/section>\n\t\t\t\t<\/div>","protected":false},"excerpt":{"rendered":"<p>N\u0103ng l\u01b0\u1ee3ng m\u1eb7t tr\u1eddi \u00e1p m\u00e1i N\u0102NG L\u01af\u1ee2NG M\u1eb6T TR\u1edcI \u00c1P M\u00c1I \u1ee8NG D\u1ee4NG C\u00d4NG NGH\u1ec6 KH\u1ea2O S\u00c1T &amp; \u0110\u00c1NH GI\u00c1 K\u1ebeT C\u1ea4U D\u1ef0 \u00c1N \u0110I\u1ec6N \u00c1P M\u00c1I K\u1ebft c\u1ea5u c\u00f4ng tr\u00ecnh \u0111\u00f3ng vai tr\u00f2 then ch\u1ed1t trong vi\u1ec7c \u0111\u1ea3m b\u1ea3o \u0111\u1ed9 an to\u00e0n, \u0111\u1ed9 c\u1ee9ng v\u1eefng c\u1ee7a nh\u00e0 x\u01b0\u1edfng tr\u01b0\u1edbc c\u00e1c t\u00e1c \u0111\u1ed9ng t\u1eeb &hellip;<\/p>\n<p class=\"read-more\"> <a class=\"\" href=\"https:\/\/e2cs.com.vn\/en\/ung-dung\/nang-luong-mat-troi-ap-mai\/\"> <span class=\"screen-reader-text\">Rooftop Solar System<\/span> Read More &raquo;<\/a><\/p>","protected":false},"author":1,"featured_media":0,"parent":6658,"menu_order":0,"comment_status":"closed","ping_status":"closed","template":"","meta":{"_acf_changed":false,"inline_featured_image":false,"site-sidebar-layout":"no-sidebar","site-content-layout":"page-builder","ast-global-header-display":"","ast-main-header-display":"","ast-hfb-above-header-display":"","ast-hfb-below-header-display":"","ast-hfb-mobile-header-display":"","site-post-title":"disabled","ast-breadcrumbs-content":"","ast-featured-img":"disabled","footer-sml-layout":"","theme-transparent-header-meta":"","adv-header-id-meta":"","stick-header-meta":"","header-above-stick-meta":"","header-main-stick-meta":"","header-below-stick-meta":"","footnotes":""},"class_list":["post-7781","page","type-page","status-publish","hentry"],"acf":[],"_links":{"self":[{"href":"https:\/\/e2cs.com.vn\/en\/wp-json\/wp\/v2\/pages\/7781","targetHints":{"allow":["GET"]}}],"collection":[{"href":"https:\/\/e2cs.com.vn\/en\/wp-json\/wp\/v2\/pages"}],"about":[{"href":"https:\/\/e2cs.com.vn\/en\/wp-json\/wp\/v2\/types\/page"}],"author":[{"embeddable":true,"href":"https:\/\/e2cs.com.vn\/en\/wp-json\/wp\/v2\/users\/1"}],"replies":[{"embeddable":true,"href":"https:\/\/e2cs.com.vn\/en\/wp-json\/wp\/v2\/comments?post=7781"}],"version-history":[{"count":0,"href":"https:\/\/e2cs.com.vn\/en\/wp-json\/wp\/v2\/pages\/7781\/revisions"}],"up":[{"embeddable":true,"href":"https:\/\/e2cs.com.vn\/en\/wp-json\/wp\/v2\/pages\/6658"}],"wp:attachment":[{"href":"https:\/\/e2cs.com.vn\/en\/wp-json\/wp\/v2\/media?parent=7781"}],"curies":[{"name":"wp","href":"https:\/\/api.w.org\/{rel}","templated":true}]}}