{"id":7730,"date":"2025-07-04T23:39:27","date_gmt":"2025-07-04T16:39:27","guid":{"rendered":"https:\/\/e2cs.com.vn\/?page_id=7730"},"modified":"2025-10-18T17:26:49","modified_gmt":"2025-10-18T10:26:49","slug":"nha-may-fb","status":"publish","type":"page","link":"https:\/\/e2cs.com.vn\/en\/ung-dung\/nha-may-fb\/","title":{"rendered":"F&amp;B Factory"},"content":{"rendered":"<div data-elementor-type=\"wp-page\" data-elementor-id=\"7730\" class=\"elementor elementor-7730\">\n\t\t\t\t\t\t<section class=\"elementor-section elementor-top-section elementor-element elementor-element-513b3a5 elementor-section-full_width elementor-section-height-min-height elementor-hidden-mobile elementor-section-height-default elementor-section-items-middle\" data-id=\"513b3a5\" data-element_type=\"section\" data-e-type=\"section\" data-settings=\"{&quot;background_background&quot;:&quot;classic&quot;}\">\n\t\t\t\t\t\t<div class=\"elementor-container elementor-column-gap-default\">\n\t\t\t\t\t<div class=\"elementor-column elementor-col-100 elementor-top-column elementor-element elementor-element-54acd00\" data-id=\"54acd00\" data-element_type=\"column\" data-e-type=\"column\">\n\t\t\t<div class=\"elementor-widget-wrap elementor-element-populated\">\n\t\t\t\t\t\t<div class=\"elementor-element elementor-element-dd3dd6f elementor-widget elementor-widget-heading\" data-id=\"dd3dd6f\" data-element_type=\"widget\" data-e-type=\"widget\" data-widget_type=\"heading.default\">\n\t\t\t\t<div class=\"elementor-widget-container\">\n\t\t\t\t\t<h2 class=\"elementor-heading-title elementor-size-default\">F&amp;B Factory<\/h2>\t\t\t\t<\/div>\n\t\t\t\t<\/div>\n\t\t\t\t\t<\/div>\n\t\t<\/div>\n\t\t\t\t\t<\/div>\n\t\t<\/section>\n\t\t\t\t<section class=\"elementor-section elementor-top-section elementor-element elementor-element-6dcc3b1 elementor-section-full_width elementor-section-height-min-height elementor-hidden-desktop elementor-hidden-tablet elementor-section-height-default elementor-section-items-middle\" data-id=\"6dcc3b1\" data-element_type=\"section\" data-e-type=\"section\" data-settings=\"{&quot;background_background&quot;:&quot;classic&quot;}\">\n\t\t\t\t\t\t<div class=\"elementor-container elementor-column-gap-default\">\n\t\t\t\t\t<div class=\"elementor-column elementor-col-100 elementor-top-column elementor-element elementor-element-9d4a06e\" data-id=\"9d4a06e\" data-element_type=\"column\" data-e-type=\"column\">\n\t\t\t<div class=\"elementor-widget-wrap elementor-element-populated\">\n\t\t\t\t\t\t<div class=\"elementor-element elementor-element-b110aec elementor-widget elementor-widget-heading\" data-id=\"b110aec\" data-element_type=\"widget\" data-e-type=\"widget\" data-widget_type=\"heading.default\">\n\t\t\t\t<div class=\"elementor-widget-container\">\n\t\t\t\t\t<h1 class=\"elementor-heading-title elementor-size-default\">F&amp;B Factory<\/h1>\t\t\t\t<\/div>\n\t\t\t\t<\/div>\n\t\t\t\t\t<\/div>\n\t\t<\/div>\n\t\t\t\t\t<\/div>\n\t\t<\/section>\n\t\t\t\t<section class=\"elementor-section elementor-top-section elementor-element elementor-element-38e2ca2 elementor-section-boxed elementor-section-height-default elementor-section-height-default\" data-id=\"38e2ca2\" data-element_type=\"section\" data-e-type=\"section\">\n\t\t\t\t\t\t<div class=\"elementor-container elementor-column-gap-default\">\n\t\t\t\t\t<div class=\"elementor-column elementor-col-100 elementor-top-column elementor-element elementor-element-324607a\" data-id=\"324607a\" data-element_type=\"column\" data-e-type=\"column\">\n\t\t\t<div class=\"elementor-widget-wrap elementor-element-populated\">\n\t\t\t\t\t\t<div class=\"elementor-element elementor-element-5a13fb3 elementor-widget elementor-widget-heading\" data-id=\"5a13fb3\" data-element_type=\"widget\" data-e-type=\"widget\" data-widget_type=\"heading.default\">\n\t\t\t\t<div class=\"elementor-widget-container\">\n\t\t\t\t\t<h3 class=\"elementor-heading-title elementor-size-default\">Enhanced Safety \u2013 Improved Efficiency<\/h3>\t\t\t\t<\/div>\n\t\t\t\t<\/div>\n\t\t\t\t<div class=\"elementor-element elementor-element-10da669 elementor-widget elementor-widget-text-editor\" data-id=\"10da669\" data-element_type=\"widget\" data-e-type=\"widget\" data-widget_type=\"text-editor.default\">\n\t\t\t\t<div class=\"elementor-widget-container\">\n\t\t\t\t\t\t\t\t\t<p>The absence of precise drawings or comprehensive data frequently complicates the expansion, maintenance, or relocation of a factory, particularly in urgent situations. E2CS's 3D Scanning &amp; Modeling service ensures that your food and beverage factory is digitized with accuracy, transparency, and convenience, enabling you to monitor and manage the current status directly from your PC or mobile device\u2014efficiently, proactively, and conveniently.<\/p>\t\t\t\t\t\t\t\t<\/div>\n\t\t\t\t<\/div>\n\t\t\t\t\t<\/div>\n\t\t<\/div>\n\t\t\t\t\t<\/div>\n\t\t<\/section>\n\t\t\t\t<section class=\"elementor-section elementor-top-section elementor-element elementor-element-b4f59a0 elementor-section-boxed elementor-section-height-default elementor-section-height-default\" data-id=\"b4f59a0\" data-element_type=\"section\" data-e-type=\"section\" data-settings=\"{&quot;background_background&quot;:&quot;gradient&quot;}\">\n\t\t\t\t\t\t<div class=\"elementor-container elementor-column-gap-default\">\n\t\t\t\t\t<div class=\"elementor-column elementor-col-100 elementor-top-column elementor-element elementor-element-7eaa9ca\" data-id=\"7eaa9ca\" data-element_type=\"column\" data-e-type=\"column\">\n\t\t\t<div class=\"elementor-widget-wrap elementor-element-populated\">\n\t\t\t\t\t\t<div class=\"elementor-element elementor-element-b340e4f elementor-widget elementor-widget-heading\" data-id=\"b340e4f\" data-element_type=\"widget\" data-e-type=\"widget\" data-widget_type=\"heading.default\">\n\t\t\t\t<div class=\"elementor-widget-container\">\n\t\t\t\t\t<h2 class=\"elementor-heading-title elementor-size-default\">PROCESS OVERVIEW<\/h2>\t\t\t\t<\/div>\n\t\t\t\t<\/div>\n\t\t\t\t<div class=\"elementor-element elementor-element-3a45482 elementor-widget elementor-widget-html\" data-id=\"3a45482\" data-element_type=\"widget\" data-e-type=\"widget\" data-widget_type=\"html.default\">\n\t\t\t\t<div class=\"elementor-widget-container\">\n\t\t\t\t\t<style>.elementor-element-3a45482{display:none !important}<\/style>\t\t\t\t<\/div>\n\t\t\t\t<\/div>\n\t\t\t\t<div class=\"elementor-element elementor-element-e83a766 elementor-widget elementor-widget-html\" data-id=\"e83a766\" data-element_type=\"widget\" data-e-type=\"widget\" data-widget_type=\"html.default\">\n\t\t\t\t<div class=\"elementor-widget-container\">\n\t\t\t\t\t<div class=\"row\">   \r\n    <div class=\"col-6 col-md-3 col-lg-3 pd-sm-bottom-15\">\r\n        <div class=\"item\">\r\n            <img decoding=\"async\" src=\"https:\/\/e2cs.com.vn\/wp-content\/uploads\/2025\/08\/Brief-web-Trang-web-2.avif\" alt=\"\">\r\n        <\/div>\r\n    <\/div>\r\n    <div class=\"col-6 col-md-3 col-lg-3 pd-sm-bottom-15\">\r\n        <div class=\"item\">\r\n            <img decoding=\"async\" src=\"https:\/\/e2cs.com.vn\/wp-content\/uploads\/2025\/08\/Brief-web-Trang-web-3.avif\" alt=\"\">\r\n        <\/div>\r\n    <\/div>\r\n    <div class=\"col-6 col-md-3 col-lg-3 pd-sm-bottom-15\">\r\n        <div class=\"item\">\r\n            <img decoding=\"async\" src=\"https:\/\/e2cs.com.vn\/wp-content\/uploads\/2025\/08\/Thiet-ke-chua-co-ten.avif\" alt=\"\">\r\n        <\/div>\r\n    <\/div>\r\n    <div class=\"col-6 col-md-3 col-lg-3 pd-sm-bottom-15\">\r\n        <div class=\"item\">\r\n            <img decoding=\"async\" src=\"https:\/\/e2cs.com.vn\/wp-content\/uploads\/2025\/08\/Brief-web-Trang-web-5.avif\" alt=\"\">\r\n        <\/div>\r\n    <\/div>\r\n<\/div>\t\t\t\t<\/div>\n\t\t\t\t<\/div>\n\t\t\t\t\t<\/div>\n\t\t<\/div>\n\t\t\t\t\t<\/div>\n\t\t<\/section>\n\t\t\t\t<section class=\"elementor-section elementor-top-section elementor-element elementor-element-be4da3d elementor-section-boxed elementor-section-height-default elementor-section-height-default\" data-id=\"be4da3d\" data-element_type=\"section\" data-e-type=\"section\">\n\t\t\t\t\t\t<div class=\"elementor-container elementor-column-gap-default\">\n\t\t\t\t\t<div class=\"elementor-column elementor-col-50 elementor-top-column elementor-element elementor-element-205765b\" data-id=\"205765b\" data-element_type=\"column\" data-e-type=\"column\">\n\t\t\t<div class=\"elementor-widget-wrap elementor-element-populated\">\n\t\t\t\t\t\t<div class=\"elementor-element elementor-element-e86aeee elementor-widget elementor-widget-heading\" data-id=\"e86aeee\" data-element_type=\"widget\" data-e-type=\"widget\" data-widget_type=\"heading.default\">\n\t\t\t\t<div class=\"elementor-widget-container\">\n\t\t\t\t\t<h2 class=\"elementor-heading-title elementor-size-default\">Our Solutions<\/h2>\t\t\t\t<\/div>\n\t\t\t\t<\/div>\n\t\t\t\t\t<\/div>\n\t\t<\/div>\n\t\t\t\t<div class=\"elementor-column elementor-col-50 elementor-top-column elementor-element elementor-element-194899a\" data-id=\"194899a\" data-element_type=\"column\" data-e-type=\"column\">\n\t\t\t<div class=\"elementor-widget-wrap elementor-element-populated\">\n\t\t\t\t\t\t<div class=\"elementor-element elementor-element-06d83be elementor-widget elementor-widget-video\" data-id=\"06d83be\" data-element_type=\"widget\" data-e-type=\"widget\" data-settings=\"{&quot;youtube_url&quot;:&quot;https:\\\/\\\/www.youtube.com\\\/watch?v=3MZF4U8jEng&quot;,&quot;lazy_load&quot;:&quot;yes&quot;,&quot;video_type&quot;:&quot;youtube&quot;,&quot;controls&quot;:&quot;yes&quot;}\" data-widget_type=\"video.default\">\n\t\t\t\t<div class=\"elementor-widget-container\">\n\t\t\t\t\t\t\t<div class=\"elementor-wrapper elementor-open-inline\">\n\t\t\t<div class=\"elementor-video\"><\/div>\t\t<\/div>\n\t\t\t\t\t\t<\/div>\n\t\t\t\t<\/div>\n\t\t\t\t\t<\/div>\n\t\t<\/div>\n\t\t\t\t\t<\/div>\n\t\t<\/section>\n\t\t\t\t<section class=\"elementor-section elementor-top-section elementor-element elementor-element-9968515 elementor-section-boxed elementor-section-height-default elementor-section-height-default\" data-id=\"9968515\" data-element_type=\"section\" data-e-type=\"section\" data-settings=\"{&quot;background_background&quot;:&quot;gradient&quot;}\">\n\t\t\t\t\t\t<div class=\"elementor-container elementor-column-gap-default\">\n\t\t\t\t\t<div class=\"elementor-column elementor-col-100 elementor-top-column elementor-element elementor-element-8012984\" data-id=\"8012984\" data-element_type=\"column\" data-e-type=\"column\">\n\t\t\t<div class=\"elementor-widget-wrap elementor-element-populated\">\n\t\t\t\t\t\t<div class=\"elementor-element elementor-element-626911e elementor-widget elementor-widget-heading\" data-id=\"626911e\" data-element_type=\"widget\" data-e-type=\"widget\" data-widget_type=\"heading.default\">\n\t\t\t\t<div class=\"elementor-widget-container\">\n\t\t\t\t\t<h2 class=\"elementor-heading-title elementor-size-default\">KEY BENEFITS<\/h2>\t\t\t\t<\/div>\n\t\t\t\t<\/div>\n\t\t\t\t<div class=\"elementor-element elementor-element-3ce39bb elementor-widget elementor-widget-text-editor\" data-id=\"3ce39bb\" data-element_type=\"widget\" data-e-type=\"widget\" data-widget_type=\"text-editor.default\">\n\t\t\t\t<div class=\"elementor-widget-container\">\n\t\t\t\t\t\t\t\t\t<ul><li>Up to 10 times more cost-effective than traditional manual surveying.<\/li><li>Surveys typically completed within one day, depending on the project's scale.<\/li><li>Modern 3D scanning technology provides millimeter-level accuracy.<\/li><li>Requires only 1-2 engineers to survey an entire facility.<\/li><\/ul>\t\t\t\t\t\t\t\t<\/div>\n\t\t\t\t<\/div>\n\t\t\t\t\t<\/div>\n\t\t<\/div>\n\t\t\t\t\t<\/div>\n\t\t<\/section>\n\t\t\t\t<section class=\"elementor-section elementor-top-section elementor-element elementor-element-1fd0bb0 elementor-section-boxed elementor-section-height-default elementor-section-height-default\" data-id=\"1fd0bb0\" data-element_type=\"section\" data-e-type=\"section\">\n\t\t\t\t\t\t<div class=\"elementor-container elementor-column-gap-default\">\n\t\t\t\t\t<div class=\"elementor-column elementor-col-100 elementor-top-column elementor-element elementor-element-ac32fc6\" data-id=\"ac32fc6\" data-element_type=\"column\" data-e-type=\"column\">\n\t\t\t<div class=\"elementor-widget-wrap elementor-element-populated\">\n\t\t\t\t\t\t<div class=\"elementor-element elementor-element-f0f2768 elementor-widget elementor-widget-heading\" data-id=\"f0f2768\" data-element_type=\"widget\" data-e-type=\"widget\" data-widget_type=\"heading.default\">\n\t\t\t\t<div class=\"elementor-widget-container\">\n\t\t\t\t\t<h2 class=\"elementor-heading-title elementor-size-default\">OUR PROJECTS<\/h2>\t\t\t\t<\/div>\n\t\t\t\t<\/div>\n\t\t\t\t\t<\/div>\n\t\t<\/div>\n\t\t\t\t\t<\/div>\n\t\t<\/section>\n\t\t\t\t<section class=\"elementor-section elementor-top-section elementor-element elementor-element-4bf272b elementor-section-boxed elementor-section-height-default elementor-section-height-default\" data-id=\"4bf272b\" data-element_type=\"section\" data-e-type=\"section\">\n\t\t\t\t\t\t<div class=\"elementor-container elementor-column-gap-default\">\n\t\t\t\t\t<div class=\"elementor-column elementor-col-100 elementor-top-column elementor-element elementor-element-3fa8419\" data-id=\"3fa8419\" data-element_type=\"column\" data-e-type=\"column\">\n\t\t\t<div class=\"elementor-widget-wrap elementor-element-populated\">\n\t\t\t\t\t\t<div class=\"elementor-element elementor-element-1cea18c elementor-widget elementor-widget-html\" data-id=\"1cea18c\" data-element_type=\"widget\" data-e-type=\"widget\" data-widget_type=\"html.default\">\n\t\t\t\t<div class=\"elementor-widget-container\">\n\t\t\t\t\t<style>\r\n    .du-an .item img {\r\n        box-shadow: 0 4px 10px rgba(0, 0, 0, 0.2); \/* b\u00f3ng m\u1ec1m h\u01a1n *\/\r\n        transition: transform 0.3s ease, box-shadow 0.3s ease;\r\n    }\r\n    .du-an .item img:hover {\r\n        transform: scale(1.05); \/* scale nh\u1eb9 h\u01a1n 1.1 \u0111\u1ec3 tr\u00f4ng t\u1ef1 nhi\u00ean h\u01a1n *\/\r\n        box-shadow: 0 8px 20px rgba(0, 0, 0, 0.3);\r\n    }\r\n<\/style>\t\t\t\t<\/div>\n\t\t\t\t<\/div>\n\t\t\t\t<div class=\"elementor-element elementor-element-f202f18 elementor-widget elementor-widget-html\" data-id=\"f202f18\" data-element_type=\"widget\" data-e-type=\"widget\" data-widget_type=\"html.default\">\n\t\t\t\t<div class=\"elementor-widget-container\">\n\t\t\t\t\t<style>.elementor-element-f202f18{display:none !important}<\/style>\t\t\t\t<\/div>\n\t\t\t\t<\/div>\n\t\t\t\t<div class=\"elementor-element elementor-element-0a57b99 elementor-widget elementor-widget-html\" data-id=\"0a57b99\" data-element_type=\"widget\" data-e-type=\"widget\" data-widget_type=\"html.default\">\n\t\t\t\t<div class=\"elementor-widget-container\">\n\t\t\t\t\t<div class=\"row du-an\">\r\n    <div class=\"col-lg-3 col-md-3 col-6 pd-lg-15 pd-sm-10\">\r\n        <div class=\"item\">\r\n            <a href=\"https:\/\/e2cs.com.vn\/en\/du-an\/du-an-nestle\/\"><img decoding=\"async\" src=\"https:\/\/e2cs.com.vn\/wp-content\/uploads\/2025\/08\/du-an-netsle_en.avif\" alt=\"\"><\/a>\r\n        <\/div>\r\n    <\/div>\r\n    <div class=\"col-lg-3 col-md-3 col-6 pd-lg-15 pd-sm-10\">\r\n        <div class=\"item\">\r\n            <a href=\"https:\/\/e2cs.com.vn\/en\/du-an\/du-an-cj-food\/\"><img decoding=\"async\" src=\"https:\/\/e2cs.com.vn\/wp-content\/uploads\/2025\/08\/du-an-cj-food_en.avif\" alt=\"\"><\/a>\r\n        <\/div>\r\n    <\/div>\r\n    <div class=\"col-lg-3 col-md-3 col-6 pd-lg-15 pd-sm-10\">\r\n        <div class=\"item\">\r\n            <a href=\"https:\/\/e2cs.com.vn\/en\/du-an\/du-an-heineken\/\"><img decoding=\"async\" src=\"https:\/\/e2cs.com.vn\/wp-content\/uploads\/2025\/08\/du-an-heineken_en.avif\" alt=\"\"><\/a>\r\n        <\/div>\r\n    <\/div>\r\n    <div class=\"col-lg-3 col-md-3 col-6 pd-lg-15 pd-sm-10\">\r\n        <div class=\"item\">\r\n            <a href=\"https:\/\/e2cs.com.vn\/en\/du-an\/du-an-mondelez-binh-duong\/\"><img decoding=\"async\" src=\"https:\/\/e2cs.com.vn\/wp-content\/uploads\/2025\/08\/du-an-mondelez_en.avif\" alt=\"\"><\/a>\r\n        <\/div>\r\n    <\/div>\r\n<\/div>\t\t\t\t<\/div>\n\t\t\t\t<\/div>\n\t\t\t\t\t<\/div>\n\t\t<\/div>\n\t\t\t\t\t<\/div>\n\t\t<\/section>\n\t\t\t\t<section class=\"elementor-section elementor-top-section elementor-element elementor-element-06edfb8 elementor-section-boxed elementor-section-height-default elementor-section-height-default\" data-id=\"06edfb8\" data-element_type=\"section\" data-e-type=\"section\" data-settings=\"{&quot;background_background&quot;:&quot;classic&quot;}\">\n\t\t\t\t\t\t<div class=\"elementor-container elementor-column-gap-default\">\n\t\t\t\t\t<div class=\"elementor-column elementor-col-66 elementor-top-column elementor-element elementor-element-c692666\" data-id=\"c692666\" data-element_type=\"column\" data-e-type=\"column\">\n\t\t\t<div class=\"elementor-widget-wrap elementor-element-populated\">\n\t\t\t\t\t\t<div class=\"elementor-element elementor-element-911f76a elementor-widget elementor-widget-heading\" data-id=\"911f76a\" data-element_type=\"widget\" data-e-type=\"widget\" data-widget_type=\"heading.default\">\n\t\t\t\t<div class=\"elementor-widget-container\">\n\t\t\t\t\t<h2 class=\"elementor-heading-title elementor-size-default\">Get in touch with us<\/h2>\t\t\t\t<\/div>\n\t\t\t\t<\/div>\n\t\t\t\t<div class=\"elementor-element elementor-element-6902d07 elementor-widget elementor-widget-text-editor\" data-id=\"6902d07\" data-element_type=\"widget\" data-e-type=\"widget\" data-widget_type=\"text-editor.default\">\n\t\t\t\t<div class=\"elementor-widget-container\">\n\t\t\t\t\t\t\t\t\t<p>We\u2019d be happy to assist you with any questions or concerns.<\/p>\t\t\t\t\t\t\t\t<\/div>\n\t\t\t\t<\/div>\n\t\t\t\t\t<\/div>\n\t\t<\/div>\n\t\t\t\t<div class=\"elementor-column elementor-col-33 elementor-top-column elementor-element elementor-element-fc7a520\" data-id=\"fc7a520\" data-element_type=\"column\" data-e-type=\"column\">\n\t\t\t<div class=\"elementor-widget-wrap elementor-element-populated\">\n\t\t\t\t\t\t<div class=\"elementor-element elementor-element-d07c9c8 elementor-align-center hover-underline elementor-widget elementor-widget-button\" data-id=\"d07c9c8\" data-element_type=\"widget\" data-e-type=\"widget\" data-widget_type=\"button.default\">\n\t\t\t\t<div class=\"elementor-widget-container\">\n\t\t\t\t\t\t\t\t\t<div class=\"elementor-button-wrapper\">\n\t\t\t\t\t<a class=\"elementor-button elementor-button-link elementor-size-sm elementor-animation-grow\" href=\"https:\/\/e2cs.com.vn\/en\/lien-he\/\">\n\t\t\t\t\t\t<span class=\"elementor-button-content-wrapper\">\n\t\t\t\t\t\t\t\t\t<span class=\"elementor-button-text\">CONTACT US<\/span>\n\t\t\t\t\t<\/span>\n\t\t\t\t\t<\/a>\n\t\t\t\t<\/div>\n\t\t\t\t\t\t\t\t<\/div>\n\t\t\t\t<\/div>\n\t\t\t\t\t<\/div>\n\t\t<\/div>\n\t\t\t\t\t<\/div>\n\t\t<\/section>\n\t\t\t\t<\/div>","protected":false},"excerpt":{"rendered":"<p>Nh\u00e0 m\u00e1y F&amp;B NH\u00c0 M\u00c1Y F&amp;B AN TO\u00c0N H\u01a0N \u2014 HI\u1ec6U QU\u1ea2 H\u01a0N Thi\u1ebfu b\u1ea3n v\u1ebd ch\u00ednh x\u00e1c ho\u1eb7c d\u1eef ki\u1ec7n ho\u00e0n ch\u1ec9nh th\u01b0\u1eddng g\u00e2y kh\u00f3 kh\u0103n khi m\u1edf r\u1ed9ng, b\u1ea3o tr\u00ec ho\u1eb7c di d\u1eddi nh\u00e0 m\u00e1y \u2014 \u0111\u1eb7c bi\u1ec7t v\u1edbi nh\u1eefng d\u1ef1 \u00e1n g\u1ea5p r\u00fat. V\u1edbi d\u1ecbch v\u1ee5 3D Scanning &amp; Modeling c\u1ee7a E2CS, &hellip;<\/p>\n<p class=\"read-more\"> <a class=\"\" href=\"https:\/\/e2cs.com.vn\/en\/ung-dung\/nha-may-fb\/\"> <span class=\"screen-reader-text\">F&amp;B Factory<\/span> Read More &raquo;<\/a><\/p>","protected":false},"author":1,"featured_media":0,"parent":6658,"menu_order":0,"comment_status":"closed","ping_status":"closed","template":"","meta":{"_acf_changed":false,"inline_featured_image":false,"site-sidebar-layout":"no-sidebar","site-content-layout":"page-builder","ast-global-header-display":"","ast-main-header-display":"","ast-hfb-above-header-display":"","ast-hfb-below-header-display":"","ast-hfb-mobile-header-display":"","site-post-title":"disabled","ast-breadcrumbs-content":"","ast-featured-img":"disabled","footer-sml-layout":"","theme-transparent-header-meta":"","adv-header-id-meta":"","stick-header-meta":"","header-above-stick-meta":"","header-main-stick-meta":"","header-below-stick-meta":"","footnotes":""},"class_list":["post-7730","page","type-page","status-publish","hentry"],"acf":[],"_links":{"self":[{"href":"https:\/\/e2cs.com.vn\/en\/wp-json\/wp\/v2\/pages\/7730","targetHints":{"allow":["GET"]}}],"collection":[{"href":"https:\/\/e2cs.com.vn\/en\/wp-json\/wp\/v2\/pages"}],"about":[{"href":"https:\/\/e2cs.com.vn\/en\/wp-json\/wp\/v2\/types\/page"}],"author":[{"embeddable":true,"href":"https:\/\/e2cs.com.vn\/en\/wp-json\/wp\/v2\/users\/1"}],"replies":[{"embeddable":true,"href":"https:\/\/e2cs.com.vn\/en\/wp-json\/wp\/v2\/comments?post=7730"}],"version-history":[{"count":0,"href":"https:\/\/e2cs.com.vn\/en\/wp-json\/wp\/v2\/pages\/7730\/revisions"}],"up":[{"embeddable":true,"href":"https:\/\/e2cs.com.vn\/en\/wp-json\/wp\/v2\/pages\/6658"}],"wp:attachment":[{"href":"https:\/\/e2cs.com.vn\/en\/wp-json\/wp\/v2\/media?parent=7730"}],"curies":[{"name":"wp","href":"https:\/\/api.w.org\/{rel}","templated":true}]}}