{"id":7132,"date":"2025-06-28T13:57:41","date_gmt":"2025-06-28T06:57:41","guid":{"rendered":"https:\/\/e2cs.com.vn\/?page_id=7132"},"modified":"2025-10-18T17:24:17","modified_gmt":"2025-10-18T10:24:17","slug":"ung-dung-khao-sat-3d-vao-gian-khoan-dau-khi","status":"publish","type":"page","link":"https:\/\/e2cs.com.vn\/en\/ung-dung-khao-sat-3d-vao-gian-khoan-dau-khi\/","title":{"rendered":"OIL &amp; GAS"},"content":{"rendered":"<div data-elementor-type=\"wp-page\" data-elementor-id=\"7132\" class=\"elementor elementor-7132\">\n\t\t\t\t\t\t<section class=\"elementor-section elementor-top-section elementor-element elementor-element-54d0c45 elementor-section-full_width elementor-section-height-min-height elementor-hidden-mobile elementor-section-height-default elementor-section-items-middle\" data-id=\"54d0c45\" data-element_type=\"section\" data-e-type=\"section\" data-settings=\"{&quot;background_background&quot;:&quot;classic&quot;}\">\n\t\t\t\t\t\t<div class=\"elementor-container elementor-column-gap-no\">\n\t\t\t\t\t<div class=\"elementor-column elementor-col-100 elementor-top-column elementor-element elementor-element-203b130\" data-id=\"203b130\" data-element_type=\"column\" data-e-type=\"column\">\n\t\t\t<div class=\"elementor-widget-wrap elementor-element-populated\">\n\t\t\t\t\t\t<div class=\"elementor-element elementor-element-ef513bc elementor-widget elementor-widget-heading\" data-id=\"ef513bc\" data-element_type=\"widget\" data-e-type=\"widget\" data-widget_type=\"heading.default\">\n\t\t\t\t<div class=\"elementor-widget-container\">\n\t\t\t\t\t<h2 class=\"elementor-heading-title elementor-size-default\">OIL &amp; GAS<\/h2>\t\t\t\t<\/div>\n\t\t\t\t<\/div>\n\t\t\t\t\t<\/div>\n\t\t<\/div>\n\t\t\t\t\t<\/div>\n\t\t<\/section>\n\t\t\t\t<section class=\"elementor-section elementor-top-section elementor-element elementor-element-6edf77d elementor-section-full_width elementor-section-height-min-height elementor-hidden-desktop elementor-hidden-tablet elementor-section-height-default elementor-section-items-middle\" data-id=\"6edf77d\" data-element_type=\"section\" data-e-type=\"section\" data-settings=\"{&quot;background_background&quot;:&quot;classic&quot;}\">\n\t\t\t\t\t\t<div class=\"elementor-container elementor-column-gap-default\">\n\t\t\t\t\t<div class=\"elementor-column elementor-col-100 elementor-top-column elementor-element elementor-element-4dbf5f2\" data-id=\"4dbf5f2\" data-element_type=\"column\" data-e-type=\"column\">\n\t\t\t<div class=\"elementor-widget-wrap elementor-element-populated\">\n\t\t\t\t\t\t<div class=\"elementor-element elementor-element-3681575 elementor-widget elementor-widget-heading\" data-id=\"3681575\" data-element_type=\"widget\" data-e-type=\"widget\" data-widget_type=\"heading.default\">\n\t\t\t\t<div class=\"elementor-widget-container\">\n\t\t\t\t\t<h1 class=\"elementor-heading-title elementor-size-default\">OIL &amp; GAS<\/h1>\t\t\t\t<\/div>\n\t\t\t\t<\/div>\n\t\t\t\t\t<\/div>\n\t\t<\/div>\n\t\t\t\t\t<\/div>\n\t\t<\/section>\n\t\t\t\t<section class=\"elementor-section elementor-top-section elementor-element elementor-element-88d4e29 elementor-section-boxed elementor-section-height-default elementor-section-height-default\" data-id=\"88d4e29\" data-element_type=\"section\" data-e-type=\"section\">\n\t\t\t\t\t\t<div class=\"elementor-container elementor-column-gap-default\">\n\t\t\t\t\t<div class=\"elementor-column elementor-col-100 elementor-top-column elementor-element elementor-element-e151a69\" data-id=\"e151a69\" data-element_type=\"column\" data-e-type=\"column\">\n\t\t\t<div class=\"elementor-widget-wrap elementor-element-populated\">\n\t\t\t\t\t\t<div class=\"elementor-element elementor-element-034b386 elementor-widget elementor-widget-heading\" data-id=\"034b386\" data-element_type=\"widget\" data-e-type=\"widget\" data-widget_type=\"heading.default\">\n\t\t\t\t<div class=\"elementor-widget-container\">\n\t\t\t\t\t<h2 class=\"elementor-heading-title elementor-size-default\">OPTIMAL SAFETY \u2013 COST-EFFECTIVE SOLUTION FOR OFFSHORE OIL AND GAS PROJECTS<\/h2>\t\t\t\t<\/div>\n\t\t\t\t<\/div>\n\t\t\t\t<div class=\"elementor-element elementor-element-77dddc7 elementor-widget elementor-widget-text-editor\" data-id=\"77dddc7\" data-element_type=\"widget\" data-e-type=\"widget\" data-widget_type=\"text-editor.default\">\n\t\t\t\t<div class=\"elementor-widget-container\">\n\t\t\t\t\t\t\t\t\t<p>In the incredibly complex and demanding environment of an offshore platform, there is no room for error. A small mistake in as-built data isn't just a miscalculation\u2014it's a multi-million-dollar liability. E2CS delivers the solution: a flawlessly accurate 3D Scanning service that empowers you to inspect, manage, and upgrade your offshore assets with unparalleled safety, efficiency, and cost-effectiveness.<\/p>\t\t\t\t\t\t\t\t<\/div>\n\t\t\t\t<\/div>\n\t\t\t\t\t<\/div>\n\t\t<\/div>\n\t\t\t\t\t<\/div>\n\t\t<\/section>\n\t\t\t\t<section class=\"elementor-section elementor-top-section elementor-element elementor-element-499a8e6 elementor-section-boxed elementor-section-height-default elementor-section-height-default\" data-id=\"499a8e6\" data-element_type=\"section\" data-e-type=\"section\" data-settings=\"{&quot;background_background&quot;:&quot;gradient&quot;}\">\n\t\t\t\t\t\t<div class=\"elementor-container elementor-column-gap-default\">\n\t\t\t\t\t<div class=\"elementor-column elementor-col-100 elementor-top-column elementor-element elementor-element-ac17eb2\" data-id=\"ac17eb2\" data-element_type=\"column\" data-e-type=\"column\">\n\t\t\t<div class=\"elementor-widget-wrap elementor-element-populated\">\n\t\t\t\t\t\t<div class=\"elementor-element elementor-element-8005b45 elementor-widget elementor-widget-heading\" data-id=\"8005b45\" data-element_type=\"widget\" data-e-type=\"widget\" data-widget_type=\"heading.default\">\n\t\t\t\t<div class=\"elementor-widget-container\">\n\t\t\t\t\t<h2 class=\"elementor-heading-title elementor-size-default\">PROCESS OVERVIEW<\/h2>\t\t\t\t<\/div>\n\t\t\t\t<\/div>\n\t\t\t\t<div class=\"elementor-element elementor-element-8c01bbd elementor-widget elementor-widget-html\" data-id=\"8c01bbd\" data-element_type=\"widget\" data-e-type=\"widget\" data-widget_type=\"html.default\">\n\t\t\t\t<div class=\"elementor-widget-container\">\n\t\t\t\t\t<style>.elementor-element-8c01bbd{display:none !important}<\/style>\t\t\t\t<\/div>\n\t\t\t\t<\/div>\n\t\t\t\t<div class=\"elementor-element elementor-element-29afc1d elementor-widget elementor-widget-html\" data-id=\"29afc1d\" data-element_type=\"widget\" data-e-type=\"widget\" data-widget_type=\"html.default\">\n\t\t\t\t<div class=\"elementor-widget-container\">\n\t\t\t\t\t<div class=\"row\">   \r\n    <div class=\"col-6 col-md-3 col-lg-3 pd-sm-bottom-15\">\r\n        <div class=\"item\">\r\n            <img decoding=\"async\" src=\"https:\/\/e2cs.com.vn\/wp-content\/uploads\/2025\/08\/Brief-web-Trang-web-2.avif\" alt=\"\">\r\n        <\/div>\r\n    <\/div>\r\n    <div class=\"col-6 col-md-3 col-lg-3 pd-sm-bottom-15\">\r\n        <div class=\"item\">\r\n            <img decoding=\"async\" src=\"https:\/\/e2cs.com.vn\/wp-content\/uploads\/2025\/08\/Brief-web-Trang-web-3.avif\" alt=\"\">\r\n        <\/div>\r\n    <\/div>\r\n    <div class=\"col-6 col-md-3 col-lg-3 pd-sm-bottom-15\">\r\n        <div class=\"item\">\r\n            <img decoding=\"async\" src=\"https:\/\/e2cs.com.vn\/wp-content\/uploads\/2025\/08\/Thiet-ke-chua-co-ten.avif\" alt=\"\">\r\n        <\/div>\r\n    <\/div>\r\n    <div class=\"col-6 col-md-3 col-lg-3 pd-sm-bottom-15\">\r\n        <div class=\"item\">\r\n            <img decoding=\"async\" src=\"https:\/\/e2cs.com.vn\/wp-content\/uploads\/2025\/08\/Brief-web-Trang-web-5.avif\" alt=\"\">\r\n        <\/div>\r\n    <\/div>\r\n<\/div>\t\t\t\t<\/div>\n\t\t\t\t<\/div>\n\t\t\t\t\t<\/div>\n\t\t<\/div>\n\t\t\t\t\t<\/div>\n\t\t<\/section>\n\t\t\t\t<section class=\"elementor-section elementor-top-section elementor-element elementor-element-01ea34f elementor-section-boxed elementor-section-height-default elementor-section-height-default\" data-id=\"01ea34f\" data-element_type=\"section\" data-e-type=\"section\">\n\t\t\t\t\t\t<div class=\"elementor-container elementor-column-gap-default\">\n\t\t\t\t\t<div class=\"elementor-column elementor-col-50 elementor-top-column elementor-element elementor-element-48b31d4\" data-id=\"48b31d4\" data-element_type=\"column\" data-e-type=\"column\">\n\t\t\t<div class=\"elementor-widget-wrap elementor-element-populated\">\n\t\t\t\t\t\t<div class=\"elementor-element elementor-element-b9b571e elementor-widget elementor-widget-heading\" data-id=\"b9b571e\" data-element_type=\"widget\" data-e-type=\"widget\" data-widget_type=\"heading.default\">\n\t\t\t\t<div class=\"elementor-widget-container\">\n\t\t\t\t\t<h2 class=\"elementor-heading-title elementor-size-default\">Our Solutions<\/h2>\t\t\t\t<\/div>\n\t\t\t\t<\/div>\n\t\t\t\t\t<\/div>\n\t\t<\/div>\n\t\t\t\t<div class=\"elementor-column elementor-col-50 elementor-top-column elementor-element elementor-element-b971ea8\" data-id=\"b971ea8\" data-element_type=\"column\" data-e-type=\"column\">\n\t\t\t<div class=\"elementor-widget-wrap elementor-element-populated\">\n\t\t\t\t\t\t<div class=\"elementor-element elementor-element-4bc68e3 elementor-widget elementor-widget-video\" data-id=\"4bc68e3\" data-element_type=\"widget\" data-e-type=\"widget\" data-settings=\"{&quot;youtube_url&quot;:&quot;https:\\\/\\\/www.youtube.com\\\/watch?v=fO5fj70uUGE&quot;,&quot;lazy_load&quot;:&quot;yes&quot;,&quot;video_type&quot;:&quot;youtube&quot;,&quot;controls&quot;:&quot;yes&quot;}\" data-widget_type=\"video.default\">\n\t\t\t\t<div class=\"elementor-widget-container\">\n\t\t\t\t\t\t\t<div class=\"elementor-wrapper elementor-open-inline\">\n\t\t\t<div class=\"elementor-video\"><\/div>\t\t<\/div>\n\t\t\t\t\t\t<\/div>\n\t\t\t\t<\/div>\n\t\t\t\t\t<\/div>\n\t\t<\/div>\n\t\t\t\t\t<\/div>\n\t\t<\/section>\n\t\t\t\t<section class=\"elementor-section elementor-top-section elementor-element elementor-element-81e58c7 elementor-section-boxed elementor-section-height-default elementor-section-height-default\" data-id=\"81e58c7\" data-element_type=\"section\" data-e-type=\"section\" data-settings=\"{&quot;background_background&quot;:&quot;gradient&quot;}\">\n\t\t\t\t\t\t<div class=\"elementor-container elementor-column-gap-default\">\n\t\t\t\t\t<div class=\"elementor-column elementor-col-100 elementor-top-column elementor-element elementor-element-fc62ef1\" data-id=\"fc62ef1\" data-element_type=\"column\" data-e-type=\"column\">\n\t\t\t<div class=\"elementor-widget-wrap elementor-element-populated\">\n\t\t\t\t\t\t<div class=\"elementor-element elementor-element-2b9e20a elementor-widget elementor-widget-heading\" data-id=\"2b9e20a\" data-element_type=\"widget\" data-e-type=\"widget\" data-widget_type=\"heading.default\">\n\t\t\t\t<div class=\"elementor-widget-container\">\n\t\t\t\t\t<h2 class=\"elementor-heading-title elementor-size-default\">KEY BENEFITS<\/h2>\t\t\t\t<\/div>\n\t\t\t\t<\/div>\n\t\t\t\t<div class=\"elementor-element elementor-element-5a5734a elementor-widget elementor-widget-text-editor\" data-id=\"5a5734a\" data-element_type=\"widget\" data-e-type=\"widget\" data-widget_type=\"text-editor.default\">\n\t\t\t\t<div class=\"elementor-widget-container\">\n\t\t\t\t\t\t\t\t\t<ul><li>Up to 10 times more cost-effective than traditional manual surveying.<\/li><li>Surveys typically completed within one day, depending on the project's scale.<\/li><li>Modern 3D scanning technology provides millimeter-level accuracy.<\/li><li>Requires only 1-2 engineers to survey an entire facility.<\/li><li>Hands-on experience executing similar projects.<\/li><\/ul>\t\t\t\t\t\t\t\t<\/div>\n\t\t\t\t<\/div>\n\t\t\t\t\t<\/div>\n\t\t<\/div>\n\t\t\t\t\t<\/div>\n\t\t<\/section>\n\t\t\t\t<section class=\"elementor-section elementor-top-section elementor-element elementor-element-617f397 elementor-section-boxed elementor-section-height-default elementor-section-height-default\" data-id=\"617f397\" data-element_type=\"section\" data-e-type=\"section\">\n\t\t\t\t\t\t<div class=\"elementor-container elementor-column-gap-default\">\n\t\t\t\t\t<div class=\"elementor-column elementor-col-100 elementor-top-column elementor-element elementor-element-7d78f84\" data-id=\"7d78f84\" data-element_type=\"column\" data-e-type=\"column\">\n\t\t\t<div class=\"elementor-widget-wrap elementor-element-populated\">\n\t\t\t\t\t\t<div class=\"elementor-element elementor-element-066f4e5 elementor-widget elementor-widget-heading\" data-id=\"066f4e5\" data-element_type=\"widget\" data-e-type=\"widget\" data-widget_type=\"heading.default\">\n\t\t\t\t<div class=\"elementor-widget-container\">\n\t\t\t\t\t<h2 class=\"elementor-heading-title elementor-size-default\">OUR PROJECTS<\/h2>\t\t\t\t<\/div>\n\t\t\t\t<\/div>\n\t\t\t\t\t<\/div>\n\t\t<\/div>\n\t\t\t\t\t<\/div>\n\t\t<\/section>\n\t\t\t\t<section class=\"elementor-section elementor-top-section elementor-element elementor-element-0dce772 elementor-section-boxed elementor-section-height-default elementor-section-height-default\" data-id=\"0dce772\" data-element_type=\"section\" data-e-type=\"section\">\n\t\t\t\t\t\t<div class=\"elementor-container elementor-column-gap-default\">\n\t\t\t\t\t<div class=\"elementor-column elementor-col-100 elementor-top-column elementor-element elementor-element-7008af4\" data-id=\"7008af4\" data-element_type=\"column\" data-e-type=\"column\">\n\t\t\t<div class=\"elementor-widget-wrap elementor-element-populated\">\n\t\t\t\t\t\t<div class=\"elementor-element elementor-element-1bb1efe elementor-widget elementor-widget-html\" data-id=\"1bb1efe\" data-element_type=\"widget\" data-e-type=\"widget\" data-widget_type=\"html.default\">\n\t\t\t\t<div class=\"elementor-widget-container\">\n\t\t\t\t\t<style>\r\n    .du-an .item img {\r\n        box-shadow: 0 4px 10px rgba(0, 0, 0, 0.2); \/* b\u00f3ng m\u1ec1m h\u01a1n *\/\r\n        transition: transform 0.3s ease, box-shadow 0.3s ease;\r\n    }\r\n    .du-an .item img:hover {\r\n        transform: scale(1.05); \/* scale nh\u1eb9 h\u01a1n 1.1 \u0111\u1ec3 tr\u00f4ng t\u1ef1 nhi\u00ean h\u01a1n *\/\r\n        box-shadow: 0 8px 20px rgba(0, 0, 0, 0.3);\r\n    }\r\n<\/style>\t\t\t\t<\/div>\n\t\t\t\t<\/div>\n\t\t\t\t<div class=\"elementor-element elementor-element-bf5cf86 elementor-widget elementor-widget-html\" data-id=\"bf5cf86\" data-element_type=\"widget\" data-e-type=\"widget\" data-widget_type=\"html.default\">\n\t\t\t\t<div class=\"elementor-widget-container\">\n\t\t\t\t\t<style>.elementor-element-bf5cf86{display:none !important}<\/style>\t\t\t\t<\/div>\n\t\t\t\t<\/div>\n\t\t\t\t<div class=\"elementor-element elementor-element-51f0cfb elementor-widget elementor-widget-html\" data-id=\"51f0cfb\" data-element_type=\"widget\" data-e-type=\"widget\" data-widget_type=\"html.default\">\n\t\t\t\t<div class=\"elementor-widget-container\">\n\t\t\t\t\t\r\n<div class=\"row du-an\">\r\n    <div class=\"col-lg-3 col-md-3 col-6 pd-lg-15 pd-sm-10\">\r\n        <div class=\"item\">\r\n            <a href=\"https:\/\/e2cs.com.vn\/en\/du-an\/du-an-nestle\/\"><img decoding=\"async\" src=\"https:\/\/e2cs.com.vn\/wp-content\/uploads\/2025\/08\/du-an-netsle_en.avif\" alt=\"\"><\/a>\r\n        <\/div>\r\n    <\/div>\r\n    <div class=\"col-lg-3 col-md-3 col-6 pd-lg-15 pd-sm-10\">\r\n        <div class=\"item\">\r\n            <a href=\"https:\/\/e2cs.com.vn\/en\/du-an\/du-an-heineken\/\"><img decoding=\"async\" src=\"https:\/\/e2cs.com.vn\/wp-content\/uploads\/2025\/08\/du-an-heineken_en.avif\" alt=\"\"><\/a>\r\n        <\/div>\r\n    <\/div>\r\n    <div class=\"col-lg-3 col-md-3 col-6 pd-lg-15 pd-sm-10\">\r\n        <div class=\"item\">\r\n            <a href=\"https:\/\/e2cs.com.vn\/en\/du-an\/du-an-dragon-tortoise-gas-ultiliation\/\"><img decoding=\"async\" src=\"https:\/\/e2cs.com.vn\/wp-content\/uploads\/2025\/08\/du-an-vietsovpetro_en.avif\" alt=\"\"><\/a>\r\n        <\/div>\r\n    <\/div>\r\n    <div class=\"col-lg-3 col-md-3 col-6 pd-lg-15 pd-sm-10\">\r\n        <div class=\"item\">\r\n            <a href=\"https:\/\/e2cs.com.vn\/en\/du-an\/du-an-nha-may-gyproc\/\"><img decoding=\"async\" src=\"https:\/\/e2cs.com.vn\/wp-content\/uploads\/2025\/08\/du-an-saint-gobain_en.avif\" alt=\"\"><\/a>\r\n        <\/div>\r\n    <\/div>\r\n<\/div>\t\t\t\t<\/div>\n\t\t\t\t<\/div>\n\t\t\t\t\t<\/div>\n\t\t<\/div>\n\t\t\t\t\t<\/div>\n\t\t<\/section>\n\t\t\t\t<section class=\"elementor-section elementor-top-section elementor-element elementor-element-322a0d3 elementor-section-boxed elementor-section-height-default elementor-section-height-default\" data-id=\"322a0d3\" data-element_type=\"section\" data-e-type=\"section\" data-settings=\"{&quot;background_background&quot;:&quot;classic&quot;}\">\n\t\t\t\t\t\t<div class=\"elementor-container elementor-column-gap-default\">\n\t\t\t\t\t<div class=\"elementor-column elementor-col-66 elementor-top-column elementor-element elementor-element-3aa9c43\" data-id=\"3aa9c43\" data-element_type=\"column\" data-e-type=\"column\">\n\t\t\t<div class=\"elementor-widget-wrap elementor-element-populated\">\n\t\t\t\t\t\t<div class=\"elementor-element elementor-element-8970248 elementor-widget elementor-widget-heading\" data-id=\"8970248\" data-element_type=\"widget\" data-e-type=\"widget\" data-widget_type=\"heading.default\">\n\t\t\t\t<div class=\"elementor-widget-container\">\n\t\t\t\t\t<h2 class=\"elementor-heading-title elementor-size-default\">Get in touch with us<\/h2>\t\t\t\t<\/div>\n\t\t\t\t<\/div>\n\t\t\t\t<div class=\"elementor-element elementor-element-8fd7578 elementor-widget elementor-widget-text-editor\" data-id=\"8fd7578\" data-element_type=\"widget\" data-e-type=\"widget\" data-widget_type=\"text-editor.default\">\n\t\t\t\t<div class=\"elementor-widget-container\">\n\t\t\t\t\t\t\t\t\t<p>We\u2019d be happy to assist you with any questions or concerns.<\/p>\t\t\t\t\t\t\t\t<\/div>\n\t\t\t\t<\/div>\n\t\t\t\t\t<\/div>\n\t\t<\/div>\n\t\t\t\t<div class=\"elementor-column elementor-col-33 elementor-top-column elementor-element elementor-element-d56c4f9\" data-id=\"d56c4f9\" data-element_type=\"column\" data-e-type=\"column\">\n\t\t\t<div class=\"elementor-widget-wrap elementor-element-populated\">\n\t\t\t\t\t\t<div class=\"elementor-element elementor-element-a4111d6 elementor-align-center hover-underline elementor-widget elementor-widget-button\" data-id=\"a4111d6\" data-element_type=\"widget\" data-e-type=\"widget\" data-widget_type=\"button.default\">\n\t\t\t\t<div class=\"elementor-widget-container\">\n\t\t\t\t\t\t\t\t\t<div class=\"elementor-button-wrapper\">\n\t\t\t\t\t<a class=\"elementor-button elementor-button-link elementor-size-sm elementor-animation-grow\" href=\"https:\/\/e2cs.com.vn\/en\/lien-he\/\">\n\t\t\t\t\t\t<span class=\"elementor-button-content-wrapper\">\n\t\t\t\t\t\t\t\t\t<span class=\"elementor-button-text\">CONTACT US<\/span>\n\t\t\t\t\t<\/span>\n\t\t\t\t\t<\/a>\n\t\t\t\t<\/div>\n\t\t\t\t\t\t\t\t<\/div>\n\t\t\t\t<\/div>\n\t\t\t\t\t<\/div>\n\t\t<\/div>\n\t\t\t\t\t<\/div>\n\t\t<\/section>\n\t\t\t\t<\/div>","protected":false},"excerpt":{"rendered":"<p>D\u1ea7u kh\u00ed D\u1ea6U KH\u00cd GI\u1ea2I PH\u00c1P T\u1ed0I \u01afU AN TO\u00c0N \u2013 TI\u1ebeT KI\u1ec6M CHI PH\u00cd CHO C\u00d4NG TR\u00ccNH D\u1ea6U KH\u00cd NGO\u00c0I KH\u01a0I Gi\u00e0n khoan d\u1ea7u kh\u00ed c\u00f3 c\u1ea5u tr\u00fac ph\u1ee9c t\u1ea1p v\u00e0 \u0111i\u1ec1u ki\u1ec7n v\u1eadn h\u00e0nh kh\u1eafc nghi\u1ec7t. M\u1ed9t sai s\u00f3t nh\u1ecf trong kh\u1ea3o s\u00e1t hi\u1ec7n tr\u1ea1ng \u2013 C\u00e1i gi\u00e1 c\u00f3 th\u1ec3 l\u00e0 h\u00e0ng tri\u1ec7u &hellip;<\/p>\n<p class=\"read-more\"> <a class=\"\" href=\"https:\/\/e2cs.com.vn\/en\/ung-dung-khao-sat-3d-vao-gian-khoan-dau-khi\/\"> <span class=\"screen-reader-text\">OIL &amp; GAS<\/span> Read More &raquo;<\/a><\/p>","protected":false},"author":1,"featured_media":0,"parent":0,"menu_order":0,"comment_status":"closed","ping_status":"closed","template":"","meta":{"_acf_changed":false,"inline_featured_image":false,"site-sidebar-layout":"no-sidebar","site-content-layout":"page-builder","ast-global-header-display":"","ast-main-header-display":"","ast-hfb-above-header-display":"","ast-hfb-below-header-display":"","ast-hfb-mobile-header-display":"","site-post-title":"disabled","ast-breadcrumbs-content":"","ast-featured-img":"disabled","footer-sml-layout":"","theme-transparent-header-meta":"","adv-header-id-meta":"","stick-header-meta":"","header-above-stick-meta":"","header-main-stick-meta":"","header-below-stick-meta":"","footnotes":""},"class_list":["post-7132","page","type-page","status-publish","hentry"],"acf":[],"_links":{"self":[{"href":"https:\/\/e2cs.com.vn\/en\/wp-json\/wp\/v2\/pages\/7132","targetHints":{"allow":["GET"]}}],"collection":[{"href":"https:\/\/e2cs.com.vn\/en\/wp-json\/wp\/v2\/pages"}],"about":[{"href":"https:\/\/e2cs.com.vn\/en\/wp-json\/wp\/v2\/types\/page"}],"author":[{"embeddable":true,"href":"https:\/\/e2cs.com.vn\/en\/wp-json\/wp\/v2\/users\/1"}],"replies":[{"embeddable":true,"href":"https:\/\/e2cs.com.vn\/en\/wp-json\/wp\/v2\/comments?post=7132"}],"version-history":[{"count":0,"href":"https:\/\/e2cs.com.vn\/en\/wp-json\/wp\/v2\/pages\/7132\/revisions"}],"wp:attachment":[{"href":"https:\/\/e2cs.com.vn\/en\/wp-json\/wp\/v2\/media?parent=7132"}],"curies":[{"name":"wp","href":"https:\/\/api.w.org\/{rel}","templated":true}]}}