{"id":7039,"date":"2025-06-28T12:39:03","date_gmt":"2025-06-28T05:39:03","guid":{"rendered":"https:\/\/e2cs.com.vn\/?page_id=7039"},"modified":"2025-07-16T15:14:14","modified_gmt":"2025-07-16T08:14:14","slug":"khao-sat-danh-gia-ket-cau","status":"publish","type":"page","link":"https:\/\/e2cs.com.vn\/en\/khao-sat-danh-gia-ket-cau\/","title":{"rendered":"Structural Survey &amp; Assessment"},"content":{"rendered":"<div data-elementor-type=\"wp-page\" data-elementor-id=\"7039\" class=\"elementor elementor-7039\">\n\t\t\t\t\t\t<section class=\"elementor-section elementor-top-section elementor-element elementor-element-363f02f elementor-section-full_width elementor-section-height-min-height elementor-section-height-default elementor-section-items-middle\" data-id=\"363f02f\" data-element_type=\"section\" data-e-type=\"section\" data-settings=\"{&quot;background_background&quot;:&quot;classic&quot;}\">\n\t\t\t\t\t\t<div class=\"elementor-container elementor-column-gap-default\">\n\t\t\t\t\t<div class=\"elementor-column elementor-col-100 elementor-top-column elementor-element elementor-element-bff3610\" data-id=\"bff3610\" data-element_type=\"column\" data-e-type=\"column\">\n\t\t\t<div class=\"elementor-widget-wrap\">\n\t\t\t\t\t\t\t<\/div>\n\t\t<\/div>\n\t\t\t\t\t<\/div>\n\t\t<\/section>\n\t\t\t\t<section class=\"elementor-section elementor-top-section elementor-element elementor-element-365737b elementor-section-boxed elementor-section-height-default elementor-section-height-default\" data-id=\"365737b\" data-element_type=\"section\" data-e-type=\"section\">\n\t\t\t\t\t\t<div class=\"elementor-container elementor-column-gap-default\">\n\t\t\t\t\t<div class=\"elementor-column elementor-col-100 elementor-top-column elementor-element elementor-element-3a160cd\" data-id=\"3a160cd\" data-element_type=\"column\" data-e-type=\"column\">\n\t\t\t<div class=\"elementor-widget-wrap elementor-element-populated\">\n\t\t\t\t\t\t<div class=\"elementor-element elementor-element-8eb2623 elementor-widget elementor-widget-html\" data-id=\"8eb2623\" data-element_type=\"widget\" data-e-type=\"widget\" data-widget_type=\"html.default\">\n\t\t\t\t<div class=\"elementor-widget-container\">\n\t\t\t\t\t<div class=\"row du-an-custom g-0\">\r\n  <div class=\"col-lg-2 px-2\">\r\n    <a href=\"\/en\/tat-ca-du-an\/\" class=\"box\"><strong>All Projects<\/strong><\/a>\r\n  <\/div>\r\n  <div class=\"col-lg-2 px-2\">\r\n    <a href=\"\/en\/tu-van-ky-thuat-bim\/\" class=\"box\"><strong>BIM &amp; Engineering Consultancy<\/strong><\/a>\r\n  <\/div>\r\n  <div class=\"col-lg-2 px-2\">\r\n    <a href=\"\/en\/khao-sat-danh-gia-ket-cau\/\" class=\"box active\"><strong>Structural Survey &amp; Assessment<\/strong><\/a>\r\n  <\/div>\r\n  <div class=\"col-lg-2 px-2\">\r\n    <a href=\"\/en\/mo-hinh-so-cho-du-an\/\" class=\"box\"><strong>Digital Modeling for Renovation &amp; Expansion<\/strong><\/a>\r\n  <\/div>\r\n  <div class=\"col-lg-2 px-2\">\r\n    <a href=\"\/en\/kiem-tra-bien-dang\/\" class=\"box\"><strong>Deformation Assessment<\/strong><\/a>\r\n  <\/div>\r\n  <div class=\"col-lg-2 px-2\">\r\n    <a href=\"\/en\/chuyen-ban-ve-sang-mo-hinh-3d\/\" class=\"box\"><strong>Scan\/ Drawings to 3D<\/strong><\/a>\r\n  <\/div>\r\n  \r\n<style>\r\n    .du-an-custom .absolute-img {\r\n        position: absolute;\r\n        max-width: 300px;\r\n        left: 100%;\r\n        top: calc(100% + 80px);\r\n    }\r\n<\/style>\r\n<img decoding=\"async\" class=\"absolute-img\" src=\"https:\/\/e2cs.com.vn\/wp-content\/uploads\/2025\/07\/SO-LUONG-DU-AN-DA-THUC-HIEN-1.avif\" alt=\"\">\r\n<\/div>\t\t\t\t<\/div>\n\t\t\t\t<\/div>\n\t\t\t\t\t<\/div>\n\t\t<\/div>\n\t\t\t\t\t<\/div>\n\t\t<\/section>\n\t\t\t\t<section class=\"elementor-section elementor-top-section elementor-element elementor-element-fbd1cc0 elementor-section-boxed elementor-section-height-default elementor-section-height-default\" data-id=\"fbd1cc0\" data-element_type=\"section\" data-e-type=\"section\">\n\t\t\t\t\t\t<div class=\"elementor-container elementor-column-gap-default\">\n\t\t\t\t\t<div class=\"elementor-column elementor-col-33 elementor-top-column elementor-element elementor-element-77d9c0c\" data-id=\"77d9c0c\" data-element_type=\"column\" data-e-type=\"column\">\n\t\t\t<div class=\"elementor-widget-wrap elementor-element-populated\">\n\t\t\t\t\t\t<div class=\"elementor-element elementor-element-4118fbd elementor-widget elementor-widget-image\" data-id=\"4118fbd\" data-element_type=\"widget\" data-e-type=\"widget\" data-widget_type=\"image.default\">\n\t\t\t\t<div class=\"elementor-widget-container\">\n\t\t\t\t\t\t\t\t\t\t\t\t\t\t\t\t<a href=\"https:\/\/e2cs.com.vn\/en\/du-an\/du-an-foxconn\/\">\n\t\t\t\t\t\t\t<img fetchpriority=\"high\" decoding=\"async\" width=\"566\" height=\"725\" src=\"https:\/\/e2cs.com.vn\/wp-content\/uploads\/2025\/06\/Khao-sat-va-danh-gia-ket-cau-2.png\" class=\"elementor-animation-hang attachment-full size-full wp-image-7547\" alt=\"\" srcset=\"https:\/\/e2cs.com.vn\/wp-content\/uploads\/2025\/06\/Khao-sat-va-danh-gia-ket-cau-2.png 566w, https:\/\/e2cs.com.vn\/wp-content\/uploads\/2025\/06\/Khao-sat-va-danh-gia-ket-cau-2-156x200.png 156w\" sizes=\"(max-width: 566px) 100vw, 566px\" \/>\t\t\t\t\t\t\t\t<\/a>\n\t\t\t\t\t\t\t\t\t\t\t\t\t\t\t<\/div>\n\t\t\t\t<\/div>\n\t\t\t\t\t<\/div>\n\t\t<\/div>\n\t\t\t\t<div class=\"elementor-column elementor-col-33 elementor-top-column elementor-element elementor-element-a784303\" data-id=\"a784303\" data-element_type=\"column\" data-e-type=\"column\">\n\t\t\t<div class=\"elementor-widget-wrap elementor-element-populated\">\n\t\t\t\t\t\t<div class=\"elementor-element elementor-element-7fe4f21 elementor-widget elementor-widget-image\" data-id=\"7fe4f21\" data-element_type=\"widget\" data-e-type=\"widget\" data-widget_type=\"image.default\">\n\t\t\t\t<div class=\"elementor-widget-container\">\n\t\t\t\t\t\t\t\t\t\t\t\t\t\t\t\t<a href=\"https:\/\/e2cs.com.vn\/en\/du-an\/du-an-cj-food\/\">\n\t\t\t\t\t\t\t<img decoding=\"async\" width=\"607\" height=\"770\" data-src=\"https:\/\/e2cs.com.vn\/wp-content\/uploads\/2025\/06\/brief-web-19-2.png\" class=\"elementor-animation-hang attachment-full size-full wp-image-7078 lazyload\" alt=\"\" data-srcset=\"https:\/\/e2cs.com.vn\/wp-content\/uploads\/2025\/06\/brief-web-19-2.png 607w, https:\/\/e2cs.com.vn\/wp-content\/uploads\/2025\/06\/brief-web-19-2-158x200.png 158w\" data-sizes=\"(max-width: 607px) 100vw, 607px\" src=\"data:image\/gif;base64,R0lGODlhAQABAAAAACH5BAEKAAEALAAAAAABAAEAAAICTAEAOw==\" style=\"--smush-placeholder-width: 607px; --smush-placeholder-aspect-ratio: 607\/770;\" \/>\t\t\t\t\t\t\t\t<\/a>\n\t\t\t\t\t\t\t\t\t\t\t\t\t\t\t<\/div>\n\t\t\t\t<\/div>\n\t\t\t\t\t<\/div>\n\t\t<\/div>\n\t\t\t\t<div class=\"elementor-column elementor-col-33 elementor-top-column elementor-element elementor-element-cee360f\" data-id=\"cee360f\" data-element_type=\"column\" data-e-type=\"column\">\n\t\t\t<div class=\"elementor-widget-wrap elementor-element-populated\">\n\t\t\t\t\t\t<div class=\"elementor-element elementor-element-2b7c694 elementor-widget elementor-widget-image\" data-id=\"2b7c694\" data-element_type=\"widget\" data-e-type=\"widget\" data-widget_type=\"image.default\">\n\t\t\t\t<div class=\"elementor-widget-container\">\n\t\t\t\t\t\t\t\t\t\t\t\t\t\t\t\t<a href=\"https:\/\/e2cs.com.vn\/en\/du-an\/du-an-sabeco\/\">\n\t\t\t\t\t\t\t<img decoding=\"async\" width=\"607\" height=\"770\" data-src=\"https:\/\/e2cs.com.vn\/wp-content\/uploads\/2025\/06\/brief-web-20-2.png\" class=\"elementor-animation-hang attachment-full size-full wp-image-7079 lazyload\" alt=\"\" data-srcset=\"https:\/\/e2cs.com.vn\/wp-content\/uploads\/2025\/06\/brief-web-20-2.png 607w, https:\/\/e2cs.com.vn\/wp-content\/uploads\/2025\/06\/brief-web-20-2-158x200.png 158w\" data-sizes=\"(max-width: 607px) 100vw, 607px\" src=\"data:image\/gif;base64,R0lGODlhAQABAAAAACH5BAEKAAEALAAAAAABAAEAAAICTAEAOw==\" style=\"--smush-placeholder-width: 607px; --smush-placeholder-aspect-ratio: 607\/770;\" \/>\t\t\t\t\t\t\t\t<\/a>\n\t\t\t\t\t\t\t\t\t\t\t\t\t\t\t<\/div>\n\t\t\t\t<\/div>\n\t\t\t\t\t<\/div>\n\t\t<\/div>\n\t\t\t\t\t<\/div>\n\t\t<\/section>\n\t\t\t\t<section class=\"elementor-section elementor-top-section elementor-element elementor-element-f38a6b4 elementor-section-boxed elementor-section-height-default elementor-section-height-default\" data-id=\"f38a6b4\" data-element_type=\"section\" data-e-type=\"section\">\n\t\t\t\t\t\t<div class=\"elementor-container elementor-column-gap-default\">\n\t\t\t\t\t<div class=\"elementor-column elementor-col-33 elementor-top-column elementor-element elementor-element-060dc66\" data-id=\"060dc66\" data-element_type=\"column\" data-e-type=\"column\">\n\t\t\t<div class=\"elementor-widget-wrap elementor-element-populated\">\n\t\t\t\t\t\t<div class=\"elementor-element elementor-element-31b2f3b elementor-widget elementor-widget-image\" data-id=\"31b2f3b\" data-element_type=\"widget\" data-e-type=\"widget\" data-widget_type=\"image.default\">\n\t\t\t\t<div class=\"elementor-widget-container\">\n\t\t\t\t\t\t\t\t\t\t\t\t\t\t\t\t<a href=\"https:\/\/e2cs.com.vn\/en\/du-an\/du-an-tce-nam-dinh\/\">\n\t\t\t\t\t\t\t<img decoding=\"async\" width=\"613\" height=\"770\" data-src=\"https:\/\/e2cs.com.vn\/wp-content\/uploads\/2025\/06\/brief-web-21-2.png\" class=\"elementor-animation-hang attachment-full size-full wp-image-7080 lazyload\" alt=\"\" data-srcset=\"https:\/\/e2cs.com.vn\/wp-content\/uploads\/2025\/06\/brief-web-21-2.png 613w, https:\/\/e2cs.com.vn\/wp-content\/uploads\/2025\/06\/brief-web-21-2-159x200.png 159w\" data-sizes=\"(max-width: 613px) 100vw, 613px\" src=\"data:image\/gif;base64,R0lGODlhAQABAAAAACH5BAEKAAEALAAAAAABAAEAAAICTAEAOw==\" style=\"--smush-placeholder-width: 613px; --smush-placeholder-aspect-ratio: 613\/770;\" \/>\t\t\t\t\t\t\t\t<\/a>\n\t\t\t\t\t\t\t\t\t\t\t\t\t\t\t<\/div>\n\t\t\t\t<\/div>\n\t\t\t\t\t<\/div>\n\t\t<\/div>\n\t\t\t\t<div class=\"elementor-column elementor-col-33 elementor-top-column elementor-element elementor-element-ee60f32\" data-id=\"ee60f32\" data-element_type=\"column\" data-e-type=\"column\">\n\t\t\t<div class=\"elementor-widget-wrap elementor-element-populated\">\n\t\t\t\t\t\t<div class=\"elementor-element elementor-element-cb2510c elementor-widget elementor-widget-image\" data-id=\"cb2510c\" data-element_type=\"widget\" data-e-type=\"widget\" data-widget_type=\"image.default\">\n\t\t\t\t<div class=\"elementor-widget-container\">\n\t\t\t\t\t\t\t\t\t\t\t\t\t\t\t\t<a href=\"https:\/\/e2cs.com.vn\/en\/du-an\/du-an-mondelez-hung-yen\/\">\n\t\t\t\t\t\t\t<img decoding=\"async\" width=\"607\" height=\"770\" data-src=\"https:\/\/e2cs.com.vn\/wp-content\/uploads\/2025\/06\/brief-web-22-2.png\" class=\"elementor-animation-hang attachment-full size-full wp-image-7081 lazyload\" alt=\"\" data-srcset=\"https:\/\/e2cs.com.vn\/wp-content\/uploads\/2025\/06\/brief-web-22-2.png 607w, https:\/\/e2cs.com.vn\/wp-content\/uploads\/2025\/06\/brief-web-22-2-158x200.png 158w\" data-sizes=\"(max-width: 607px) 100vw, 607px\" src=\"data:image\/gif;base64,R0lGODlhAQABAAAAACH5BAEKAAEALAAAAAABAAEAAAICTAEAOw==\" style=\"--smush-placeholder-width: 607px; --smush-placeholder-aspect-ratio: 607\/770;\" \/>\t\t\t\t\t\t\t\t<\/a>\n\t\t\t\t\t\t\t\t\t\t\t\t\t\t\t<\/div>\n\t\t\t\t<\/div>\n\t\t\t\t\t<\/div>\n\t\t<\/div>\n\t\t\t\t<div class=\"elementor-column elementor-col-33 elementor-top-column elementor-element elementor-element-454c912\" data-id=\"454c912\" data-element_type=\"column\" data-e-type=\"column\">\n\t\t\t<div class=\"elementor-widget-wrap elementor-element-populated\">\n\t\t\t\t\t\t<div class=\"elementor-element elementor-element-ebcbeab elementor-widget elementor-widget-image\" data-id=\"ebcbeab\" data-element_type=\"widget\" data-e-type=\"widget\" data-widget_type=\"image.default\">\n\t\t\t\t<div class=\"elementor-widget-container\">\n\t\t\t\t\t\t\t\t\t\t\t\t\t\t\t\t<a href=\"https:\/\/e2cs.com.vn\/en\/du-an\/du-an-tkg-can-tho\/\">\n\t\t\t\t\t\t\t<img decoding=\"async\" width=\"566\" height=\"725\" data-src=\"https:\/\/e2cs.com.vn\/wp-content\/uploads\/2025\/06\/Khao-sat-va-danh-gia-ket-cau-5.png\" class=\"elementor-animation-hang attachment-full size-full wp-image-7550 lazyload\" alt=\"\" data-srcset=\"https:\/\/e2cs.com.vn\/wp-content\/uploads\/2025\/06\/Khao-sat-va-danh-gia-ket-cau-5.png 566w, https:\/\/e2cs.com.vn\/wp-content\/uploads\/2025\/06\/Khao-sat-va-danh-gia-ket-cau-5-156x200.png 156w\" data-sizes=\"(max-width: 566px) 100vw, 566px\" src=\"data:image\/gif;base64,R0lGODlhAQABAAAAACH5BAEKAAEALAAAAAABAAEAAAICTAEAOw==\" style=\"--smush-placeholder-width: 566px; --smush-placeholder-aspect-ratio: 566\/725;\" \/>\t\t\t\t\t\t\t\t<\/a>\n\t\t\t\t\t\t\t\t\t\t\t\t\t\t\t<\/div>\n\t\t\t\t<\/div>\n\t\t\t\t\t<\/div>\n\t\t<\/div>\n\t\t\t\t\t<\/div>\n\t\t<\/section>\n\t\t\t\t<section class=\"elementor-section elementor-top-section elementor-element elementor-element-018bb79 elementor-section-boxed elementor-section-height-default elementor-section-height-default\" data-id=\"018bb79\" data-element_type=\"section\" data-e-type=\"section\" data-settings=\"{&quot;background_background&quot;:&quot;classic&quot;}\">\n\t\t\t\t\t\t<div class=\"elementor-container elementor-column-gap-default\">\n\t\t\t\t\t<div class=\"elementor-column elementor-col-50 elementor-top-column elementor-element elementor-element-55377de\" data-id=\"55377de\" data-element_type=\"column\" data-e-type=\"column\">\n\t\t\t<div class=\"elementor-widget-wrap elementor-element-populated\">\n\t\t\t\t\t\t<div class=\"elementor-element elementor-element-8f2d806 elementor-widget elementor-widget-heading\" data-id=\"8f2d806\" data-element_type=\"widget\" data-e-type=\"widget\" data-widget_type=\"heading.default\">\n\t\t\t\t<div class=\"elementor-widget-container\">\n\t\t\t\t\t<h2 class=\"elementor-heading-title elementor-size-default\">Get in touch with us<\/h2>\t\t\t\t<\/div>\n\t\t\t\t<\/div>\n\t\t\t\t<div class=\"elementor-element elementor-element-eaead7e elementor-widget elementor-widget-text-editor\" data-id=\"eaead7e\" data-element_type=\"widget\" data-e-type=\"widget\" data-widget_type=\"text-editor.default\">\n\t\t\t\t<div class=\"elementor-widget-container\">\n\t\t\t\t\t\t\t\t\t<p>We\u2019d be happy to assist you with any questions or concerns.<\/p>\t\t\t\t\t\t\t\t<\/div>\n\t\t\t\t<\/div>\n\t\t\t\t\t<\/div>\n\t\t<\/div>\n\t\t\t\t<div class=\"elementor-column elementor-col-50 elementor-top-column elementor-element elementor-element-45a512c\" data-id=\"45a512c\" data-element_type=\"column\" data-e-type=\"column\">\n\t\t\t<div class=\"elementor-widget-wrap elementor-element-populated\">\n\t\t\t\t\t\t<div class=\"elementor-element elementor-element-0827d15 elementor-align-center hover-underline elementor-widget elementor-widget-button\" data-id=\"0827d15\" data-element_type=\"widget\" data-e-type=\"widget\" data-widget_type=\"button.default\">\n\t\t\t\t<div class=\"elementor-widget-container\">\n\t\t\t\t\t\t\t\t\t<div class=\"elementor-button-wrapper\">\n\t\t\t\t\t<a class=\"elementor-button elementor-button-link elementor-size-sm elementor-animation-grow\" href=\"https:\/\/e2cs.com.vn\/en\/lien-he\/\">\n\t\t\t\t\t\t<span class=\"elementor-button-content-wrapper\">\n\t\t\t\t\t\t\t\t\t<span class=\"elementor-button-text\">CONTACT US<\/span>\n\t\t\t\t\t<\/span>\n\t\t\t\t\t<\/a>\n\t\t\t\t<\/div>\n\t\t\t\t\t\t\t\t<\/div>\n\t\t\t\t<\/div>\n\t\t\t\t\t<\/div>\n\t\t<\/div>\n\t\t\t\t\t<\/div>\n\t\t<\/section>\n\t\t\t\t<\/div>","protected":false},"excerpt":{"rendered":"<p>T\u1ea5t c\u1ea3 d\u1ef1 \u00e1n T\u01b0 v\u1ea5n k\u1ef9 thu\u1eadt &#038; BIM Kh\u1ea3o s\u00e1t &#038; \u0110\u00e1nh gi\u00e1 k\u1ebft c\u1ea5u M\u00f4 h\u00ecnh s\u1ed1 cho d\u1ef1 \u00e1n Ki\u1ec3m tra bi\u1ebfn d\u1ea1ng Chuy\u1ec3n b\u1ea3n v\u1ebd sang m\u00f4 h\u00ecnh 3D Li\u00ean h\u1ec7 v\u1edbi ch\u00fang t\u00f4i Ch\u00fang t\u00f4i lu\u00f4n s\u1eb5n s\u00e0ng h\u1ed7 tr\u1ee3 v\u00e0 gi\u1ea3i \u0111\u00e1p m\u1ecdi th\u1eafc m\u1eafc c\u1ee7a b\u1ea1n. Nh\u1ea5n &hellip;<\/p>\n<p class=\"read-more\"> <a class=\"\" href=\"https:\/\/e2cs.com.vn\/en\/khao-sat-danh-gia-ket-cau\/\"> <span class=\"screen-reader-text\">Structural Survey &amp; Assessment<\/span> Read More &raquo;<\/a><\/p>","protected":false},"author":1,"featured_media":0,"parent":0,"menu_order":0,"comment_status":"closed","ping_status":"closed","template":"","meta":{"_acf_changed":false,"inline_featured_image":false,"site-sidebar-layout":"no-sidebar","site-content-layout":"page-builder","ast-global-header-display":"","ast-main-header-display":"","ast-hfb-above-header-display":"","ast-hfb-below-header-display":"","ast-hfb-mobile-header-display":"","site-post-title":"disabled","ast-breadcrumbs-content":"","ast-featured-img":"disabled","footer-sml-layout":"","theme-transparent-header-meta":"","adv-header-id-meta":"","stick-header-meta":"","header-above-stick-meta":"","header-main-stick-meta":"","header-below-stick-meta":"","footnotes":""},"class_list":["post-7039","page","type-page","status-publish","hentry"],"acf":[],"_links":{"self":[{"href":"https:\/\/e2cs.com.vn\/en\/wp-json\/wp\/v2\/pages\/7039","targetHints":{"allow":["GET"]}}],"collection":[{"href":"https:\/\/e2cs.com.vn\/en\/wp-json\/wp\/v2\/pages"}],"about":[{"href":"https:\/\/e2cs.com.vn\/en\/wp-json\/wp\/v2\/types\/page"}],"author":[{"embeddable":true,"href":"https:\/\/e2cs.com.vn\/en\/wp-json\/wp\/v2\/users\/1"}],"replies":[{"embeddable":true,"href":"https:\/\/e2cs.com.vn\/en\/wp-json\/wp\/v2\/comments?post=7039"}],"version-history":[{"count":0,"href":"https:\/\/e2cs.com.vn\/en\/wp-json\/wp\/v2\/pages\/7039\/revisions"}],"wp:attachment":[{"href":"https:\/\/e2cs.com.vn\/en\/wp-json\/wp\/v2\/media?parent=7039"}],"curies":[{"name":"wp","href":"https:\/\/api.w.org\/{rel}","templated":true}]}}