{"id":7030,"date":"2025-06-28T12:44:09","date_gmt":"2025-06-28T05:44:09","guid":{"rendered":"https:\/\/e2cs.com.vn\/?page_id=7030"},"modified":"2025-07-19T11:22:12","modified_gmt":"2025-07-19T04:22:12","slug":"tu-van-ky-thuat-bim","status":"publish","type":"page","link":"https:\/\/e2cs.com.vn\/en\/tu-van-ky-thuat-bim\/","title":{"rendered":"T\u01b0 v\u1ea5n k\u1ef9 thu\u1eadt &amp; BIM"},"content":{"rendered":"<div data-elementor-type=\"wp-page\" data-elementor-id=\"7030\" class=\"elementor elementor-7030\">\n\t\t\t\t\t\t<section class=\"elementor-section elementor-top-section elementor-element elementor-element-a3c0e9a elementor-section-full_width elementor-section-height-min-height elementor-section-height-default elementor-section-items-middle\" data-id=\"a3c0e9a\" data-element_type=\"section\" data-e-type=\"section\" data-settings=\"{&quot;background_background&quot;:&quot;classic&quot;}\">\n\t\t\t\t\t\t<div class=\"elementor-container elementor-column-gap-default\">\n\t\t\t\t\t<div class=\"elementor-column elementor-col-100 elementor-top-column elementor-element elementor-element-6ed8b57\" data-id=\"6ed8b57\" data-element_type=\"column\" data-e-type=\"column\">\n\t\t\t<div class=\"elementor-widget-wrap\">\n\t\t\t\t\t\t\t<\/div>\n\t\t<\/div>\n\t\t\t\t\t<\/div>\n\t\t<\/section>\n\t\t\t\t<section class=\"elementor-section elementor-top-section elementor-element elementor-element-9de4b3d elementor-section-boxed elementor-section-height-default elementor-section-height-default\" data-id=\"9de4b3d\" data-element_type=\"section\" data-e-type=\"section\">\n\t\t\t\t\t\t<div class=\"elementor-container elementor-column-gap-default\">\n\t\t\t\t\t<div class=\"elementor-column elementor-col-100 elementor-top-column elementor-element elementor-element-bdb94ab\" data-id=\"bdb94ab\" data-element_type=\"column\" data-e-type=\"column\">\n\t\t\t<div class=\"elementor-widget-wrap elementor-element-populated\">\n\t\t\t\t\t\t<div class=\"elementor-element elementor-element-6144e3e elementor-widget elementor-widget-html\" data-id=\"6144e3e\" data-element_type=\"widget\" data-e-type=\"widget\" data-widget_type=\"html.default\">\n\t\t\t\t<div class=\"elementor-widget-container\">\n\t\t\t\t\t<div class=\"row du-an-custom  gx-2 gy-2\">\r\n  <div class=\"col-lg-2 px-2\">\r\n    <a href=\"\/en\/tat-ca-du-an\/\" class=\"box\"><strong>All Projects<\/strong><\/a>\r\n  <\/div>\r\n  <div class=\"col-lg-2 px-2\">\r\n    <a href=\"\/en\/tu-van-ky-thuat-bim\/\" class=\"box active\"><strong>BIM &amp; Engineering Consultancy<\/strong><\/a>\r\n  <\/div>\r\n  <div class=\"col-lg-2 px-2\">\r\n    <a href=\"\/en\/khao-sat-danh-gia-ket-cau\/\" class=\"box\"><strong>Structural Survey &amp; Assessment<\/strong><\/a>\r\n  <\/div>\r\n  <div class=\"col-lg-2 px-2\">\r\n    <a href=\"\/en\/mo-hinh-so-cho-du-an\/\" class=\"box\"><strong>Digital Modeling for Renovation &amp; Expansion<\/strong><\/a>\r\n  <\/div>\r\n  <div class=\"col-lg-2 px-2\">\r\n    <a href=\"\/en\/kiem-tra-bien-dang\/\" class=\"box\"><strong>Deformation Assessment<\/strong><\/a>\r\n  <\/div>\r\n  <div class=\"col-lg-2 px-2\">\r\n    <a href=\"\/en\/chuyen-ban-ve-sang-mo-hinh-3d\/\" class=\"box\"><strong>Scan\/ Drawings to 3D<\/strong><\/a>\r\n  <\/div>\r\n<\/div>\t\t\t\t<\/div>\n\t\t\t\t<\/div>\n\t\t\t\t\t<\/div>\n\t\t<\/div>\n\t\t\t\t\t<\/div>\n\t\t<\/section>\n\t\t\t\t<section class=\"elementor-section elementor-top-section elementor-element elementor-element-4a7cbe1 elementor-section-boxed elementor-section-height-default elementor-section-height-default\" data-id=\"4a7cbe1\" data-element_type=\"section\" data-e-type=\"section\">\n\t\t\t\t\t\t<div class=\"elementor-container elementor-column-gap-default\">\n\t\t\t\t\t<div class=\"elementor-column elementor-col-33 elementor-top-column elementor-element elementor-element-d286345\" data-id=\"d286345\" data-element_type=\"column\" data-e-type=\"column\">\n\t\t\t<div class=\"elementor-widget-wrap elementor-element-populated\">\n\t\t\t\t\t\t<div class=\"elementor-element elementor-element-d6694f5 elementor-widget elementor-widget-image\" data-id=\"d6694f5\" data-element_type=\"widget\" data-e-type=\"widget\" data-widget_type=\"image.default\">\n\t\t\t\t<div class=\"elementor-widget-container\">\n\t\t\t\t\t\t\t\t\t\t\t\t\t\t\t<img fetchpriority=\"high\" decoding=\"async\" width=\"566\" height=\"725\" src=\"https:\/\/e2cs.com.vn\/wp-content\/uploads\/2025\/06\/Khao-sat-va-danh-gia-ket-cau-1.png\" class=\"elementor-animation-grow attachment-full size-full wp-image-7546\" alt=\"\" srcset=\"https:\/\/e2cs.com.vn\/wp-content\/uploads\/2025\/06\/Khao-sat-va-danh-gia-ket-cau-1.png 566w, https:\/\/e2cs.com.vn\/wp-content\/uploads\/2025\/06\/Khao-sat-va-danh-gia-ket-cau-1-156x200.png 156w\" sizes=\"(max-width: 566px) 100vw, 566px\" \/>\t\t\t\t\t\t\t\t\t\t\t\t\t\t\t<\/div>\n\t\t\t\t<\/div>\n\t\t\t\t\t<\/div>\n\t\t<\/div>\n\t\t\t\t<div class=\"elementor-column elementor-col-33 elementor-top-column elementor-element elementor-element-12b9a17\" data-id=\"12b9a17\" data-element_type=\"column\" data-e-type=\"column\">\n\t\t\t<div class=\"elementor-widget-wrap elementor-element-populated\">\n\t\t\t\t\t\t<div class=\"elementor-element elementor-element-d683c45 elementor-widget elementor-widget-image\" data-id=\"d683c45\" data-element_type=\"widget\" data-e-type=\"widget\" data-widget_type=\"image.default\">\n\t\t\t\t<div class=\"elementor-widget-container\">\n\t\t\t\t\t\t\t\t\t\t\t\t\t\t\t<img decoding=\"async\" width=\"566\" height=\"725\" data-src=\"https:\/\/e2cs.com.vn\/wp-content\/uploads\/2025\/06\/Tu-van-ky-thuat-va-Bim-2.-png.png\" class=\"elementor-animation-grow attachment-full size-full wp-image-7533 lazyload\" alt=\"\" data-srcset=\"https:\/\/e2cs.com.vn\/wp-content\/uploads\/2025\/06\/Tu-van-ky-thuat-va-Bim-2.-png.png 566w, https:\/\/e2cs.com.vn\/wp-content\/uploads\/2025\/06\/Tu-van-ky-thuat-va-Bim-2.-png-156x200.png 156w\" data-sizes=\"(max-width: 566px) 100vw, 566px\" src=\"data:image\/gif;base64,R0lGODlhAQABAAAAACH5BAEKAAEALAAAAAABAAEAAAICTAEAOw==\" style=\"--smush-placeholder-width: 566px; --smush-placeholder-aspect-ratio: 566\/725;\" \/>\t\t\t\t\t\t\t\t\t\t\t\t\t\t\t<\/div>\n\t\t\t\t<\/div>\n\t\t\t\t\t<\/div>\n\t\t<\/div>\n\t\t\t\t<div class=\"elementor-column elementor-col-33 elementor-top-column elementor-element elementor-element-a220f44\" data-id=\"a220f44\" data-element_type=\"column\" data-e-type=\"column\">\n\t\t\t<div class=\"elementor-widget-wrap elementor-element-populated\">\n\t\t\t\t\t\t<div class=\"elementor-element elementor-element-49f0ffe elementor-widget elementor-widget-image\" data-id=\"49f0ffe\" data-element_type=\"widget\" data-e-type=\"widget\" data-widget_type=\"image.default\">\n\t\t\t\t<div class=\"elementor-widget-container\">\n\t\t\t\t\t\t\t\t\t\t\t\t\t\t\t<img decoding=\"async\" width=\"566\" height=\"725\" data-src=\"https:\/\/e2cs.com.vn\/wp-content\/uploads\/2025\/06\/Tu-van-ky-thuat-va-Bim-4.png\" class=\"elementor-animation-grow attachment-full size-full wp-image-7536 lazyload\" alt=\"\" data-srcset=\"https:\/\/e2cs.com.vn\/wp-content\/uploads\/2025\/06\/Tu-van-ky-thuat-va-Bim-4.png 566w, https:\/\/e2cs.com.vn\/wp-content\/uploads\/2025\/06\/Tu-van-ky-thuat-va-Bim-4-156x200.png 156w\" data-sizes=\"(max-width: 566px) 100vw, 566px\" src=\"data:image\/gif;base64,R0lGODlhAQABAAAAACH5BAEKAAEALAAAAAABAAEAAAICTAEAOw==\" style=\"--smush-placeholder-width: 566px; --smush-placeholder-aspect-ratio: 566\/725;\" \/>\t\t\t\t\t\t\t\t\t\t\t\t\t\t\t<\/div>\n\t\t\t\t<\/div>\n\t\t\t\t\t<\/div>\n\t\t<\/div>\n\t\t\t\t\t<\/div>\n\t\t<\/section>\n\t\t\t\t<section class=\"elementor-section elementor-top-section elementor-element elementor-element-706e243 elementor-section-boxed elementor-section-height-default elementor-section-height-default\" data-id=\"706e243\" data-element_type=\"section\" data-e-type=\"section\">\n\t\t\t\t\t\t<div class=\"elementor-container elementor-column-gap-default\">\n\t\t\t\t\t<div class=\"elementor-column elementor-col-33 elementor-top-column elementor-element elementor-element-1cc3ad4\" data-id=\"1cc3ad4\" data-element_type=\"column\" data-e-type=\"column\">\n\t\t\t<div class=\"elementor-widget-wrap elementor-element-populated\">\n\t\t\t\t\t\t<div class=\"elementor-element elementor-element-b7cc82c elementor-widget elementor-widget-image\" data-id=\"b7cc82c\" data-element_type=\"widget\" data-e-type=\"widget\" data-widget_type=\"image.default\">\n\t\t\t\t<div class=\"elementor-widget-container\">\n\t\t\t\t\t\t\t\t\t\t\t\t\t\t\t<img decoding=\"async\" width=\"566\" height=\"725\" data-src=\"https:\/\/e2cs.com.vn\/wp-content\/uploads\/2025\/06\/Tu-van-ky-thuat-va-Bim-3.png\" class=\"elementor-animation-grow attachment-full size-full wp-image-7535 lazyload\" alt=\"\" data-srcset=\"https:\/\/e2cs.com.vn\/wp-content\/uploads\/2025\/06\/Tu-van-ky-thuat-va-Bim-3.png 566w, https:\/\/e2cs.com.vn\/wp-content\/uploads\/2025\/06\/Tu-van-ky-thuat-va-Bim-3-156x200.png 156w\" data-sizes=\"(max-width: 566px) 100vw, 566px\" src=\"data:image\/gif;base64,R0lGODlhAQABAAAAACH5BAEKAAEALAAAAAABAAEAAAICTAEAOw==\" style=\"--smush-placeholder-width: 566px; --smush-placeholder-aspect-ratio: 566\/725;\" \/>\t\t\t\t\t\t\t\t\t\t\t\t\t\t\t<\/div>\n\t\t\t\t<\/div>\n\t\t\t\t\t<\/div>\n\t\t<\/div>\n\t\t\t\t<div class=\"elementor-column elementor-col-66 elementor-top-column elementor-element elementor-element-2bce313\" data-id=\"2bce313\" data-element_type=\"column\" data-e-type=\"column\">\n\t\t\t<div class=\"elementor-widget-wrap elementor-element-populated\">\n\t\t\t\t\t\t<div class=\"elementor-element elementor-element-3ca0591 elementor-widget elementor-widget-heading\" data-id=\"3ca0591\" data-element_type=\"widget\" data-e-type=\"widget\" data-widget_type=\"heading.default\">\n\t\t\t\t<div class=\"elementor-widget-container\">\n\t\t\t\t\t<h2 class=\"elementor-heading-title elementor-size-default\">Get in touch with us<\/h2>\t\t\t\t<\/div>\n\t\t\t\t<\/div>\n\t\t\t\t<div class=\"elementor-element elementor-element-74ecdc4 elementor-widget elementor-widget-text-editor\" data-id=\"74ecdc4\" data-element_type=\"widget\" data-e-type=\"widget\" data-widget_type=\"text-editor.default\">\n\t\t\t\t<div class=\"elementor-widget-container\">\n\t\t\t\t\t\t\t\t\t<p>We\u2019d be happy to assist you with any questions or concerns.<\/p>\t\t\t\t\t\t\t\t<\/div>\n\t\t\t\t<\/div>\n\t\t\t\t<div class=\"elementor-element elementor-element-be35d79 hover-underline elementor-widget elementor-widget-button\" data-id=\"be35d79\" data-element_type=\"widget\" data-e-type=\"widget\" data-widget_type=\"button.default\">\n\t\t\t\t<div class=\"elementor-widget-container\">\n\t\t\t\t\t\t\t\t\t<div class=\"elementor-button-wrapper\">\n\t\t\t\t\t<a class=\"elementor-button elementor-button-link elementor-size-sm elementor-animation-grow\" href=\"https:\/\/e2cs.com.vn\/en\/lien-he\/\">\n\t\t\t\t\t\t<span class=\"elementor-button-content-wrapper\">\n\t\t\t\t\t\t\t\t\t<span class=\"elementor-button-text\">CONTACT US<\/span>\n\t\t\t\t\t<\/span>\n\t\t\t\t\t<\/a>\n\t\t\t\t<\/div>\n\t\t\t\t\t\t\t\t<\/div>\n\t\t\t\t<\/div>\n\t\t\t\t\t<\/div>\n\t\t<\/div>\n\t\t\t\t\t<\/div>\n\t\t<\/section>\n\t\t\t\t<\/div>","protected":false},"excerpt":{"rendered":"<p>T\u1ea5t c\u1ea3 d\u1ef1 \u00e1n T\u01b0 v\u1ea5n k\u1ef9 thu\u1eadt &#038; BIM Kh\u1ea3o s\u00e1t &#038; \u0110\u00e1nh gi\u00e1 k\u1ebft c\u1ea5u M\u00f4 h\u00ecnh s\u1ed1 cho d\u1ef1 \u00e1n Ki\u1ec3m tra bi\u1ebfn d\u1ea1ng Chuy\u1ec3n b\u1ea3n v\u1ebd sang m\u00f4 h\u00ecnh 3D Li\u00ean h\u1ec7 v\u1edbi ch\u00fang t\u00f4i Ch\u00fang t\u00f4i lu\u00f4n s\u1eb5n s\u00e0ng h\u1ed7 tr\u1ee3 v\u00e0 gi\u1ea3i \u0111\u00e1p m\u1ecdi th\u1eafc m\u1eafc c\u1ee7a b\u1ea1n. Nh\u1ea5n &hellip;<\/p>\n<p class=\"read-more\"> <a class=\"\" href=\"https:\/\/e2cs.com.vn\/en\/tu-van-ky-thuat-bim\/\"> <span class=\"screen-reader-text\">T\u01b0 v\u1ea5n k\u1ef9 thu\u1eadt &amp; BIM<\/span> Read More &raquo;<\/a><\/p>","protected":false},"author":1,"featured_media":0,"parent":0,"menu_order":0,"comment_status":"closed","ping_status":"closed","template":"","meta":{"_acf_changed":false,"inline_featured_image":false,"site-sidebar-layout":"no-sidebar","site-content-layout":"page-builder","ast-global-header-display":"","ast-main-header-display":"","ast-hfb-above-header-display":"","ast-hfb-below-header-display":"","ast-hfb-mobile-header-display":"","site-post-title":"disabled","ast-breadcrumbs-content":"","ast-featured-img":"disabled","footer-sml-layout":"","theme-transparent-header-meta":"","adv-header-id-meta":"","stick-header-meta":"","header-above-stick-meta":"","header-main-stick-meta":"","header-below-stick-meta":"","footnotes":""},"class_list":["post-7030","page","type-page","status-publish","hentry"],"acf":[],"_links":{"self":[{"href":"https:\/\/e2cs.com.vn\/en\/wp-json\/wp\/v2\/pages\/7030","targetHints":{"allow":["GET"]}}],"collection":[{"href":"https:\/\/e2cs.com.vn\/en\/wp-json\/wp\/v2\/pages"}],"about":[{"href":"https:\/\/e2cs.com.vn\/en\/wp-json\/wp\/v2\/types\/page"}],"author":[{"embeddable":true,"href":"https:\/\/e2cs.com.vn\/en\/wp-json\/wp\/v2\/users\/1"}],"replies":[{"embeddable":true,"href":"https:\/\/e2cs.com.vn\/en\/wp-json\/wp\/v2\/comments?post=7030"}],"version-history":[{"count":0,"href":"https:\/\/e2cs.com.vn\/en\/wp-json\/wp\/v2\/pages\/7030\/revisions"}],"wp:attachment":[{"href":"https:\/\/e2cs.com.vn\/en\/wp-json\/wp\/v2\/media?parent=7030"}],"curies":[{"name":"wp","href":"https:\/\/api.w.org\/{rel}","templated":true}]}}