{"id":6644,"date":"2025-06-21T01:50:19","date_gmt":"2025-06-20T18:50:19","guid":{"rendered":"https:\/\/e2cs.com.vn\/?page_id=6644"},"modified":"2025-10-18T17:16:41","modified_gmt":"2025-10-18T10:16:41","slug":"tin-tuc-truyen-thong","status":"publish","type":"page","link":"https:\/\/e2cs.com.vn\/en\/tin-tuc-truyen-thong\/","title":{"rendered":"Tin t\u1ee9c &#8211; Truy\u1ec1n th\u00f4ng"},"content":{"rendered":"<div data-elementor-type=\"wp-page\" data-elementor-id=\"6644\" class=\"elementor elementor-6644\">\n\t\t\t\t\t\t<section class=\"elementor-section elementor-top-section elementor-element elementor-element-b4f6cdb elementor-hidden-mobile elementor-section-boxed elementor-section-height-default elementor-section-height-default\" data-id=\"b4f6cdb\" data-element_type=\"section\" data-e-type=\"section\">\n\t\t\t\t\t\t<div class=\"elementor-container elementor-column-gap-default\">\n\t\t\t\t\t<div class=\"elementor-column elementor-col-100 elementor-top-column elementor-element elementor-element-f874543\" data-id=\"f874543\" data-element_type=\"column\" data-e-type=\"column\">\n\t\t\t<div class=\"elementor-widget-wrap\">\n\t\t\t\t\t\t\t<\/div>\n\t\t<\/div>\n\t\t\t\t\t<\/div>\n\t\t<\/section>\n\t\t\t\t<section class=\"elementor-section elementor-top-section elementor-element elementor-element-b349783 elementor-section-content-bottom elementor-hidden-mobile elementor-section-boxed elementor-section-height-default elementor-section-height-default\" data-id=\"b349783\" data-element_type=\"section\" data-e-type=\"section\" data-settings=\"{&quot;background_background&quot;:&quot;classic&quot;}\">\n\t\t\t\t\t\t<div class=\"elementor-container elementor-column-gap-default\">\n\t\t\t\t\t<div class=\"elementor-column elementor-col-100 elementor-top-column elementor-element elementor-element-12d2202\" data-id=\"12d2202\" data-element_type=\"column\" data-e-type=\"column\">\n\t\t\t<div class=\"elementor-widget-wrap elementor-element-populated\">\n\t\t\t\t\t\t<div class=\"elementor-element elementor-element-2a7a98d elementor-widget elementor-widget-heading\" data-id=\"2a7a98d\" data-element_type=\"widget\" data-e-type=\"widget\" data-widget_type=\"heading.default\">\n\t\t\t\t<div class=\"elementor-widget-container\">\n\t\t\t\t\t<h2 class=\"elementor-heading-title elementor-size-default\">NEWS - MEDIA<\/h2>\t\t\t\t<\/div>\n\t\t\t\t<\/div>\n\t\t\t\t\t<\/div>\n\t\t<\/div>\n\t\t\t\t\t<\/div>\n\t\t<\/section>\n\t\t\t\t<section class=\"elementor-section elementor-top-section elementor-element elementor-element-90a2685 elementor-section-full_width elementor-section-height-min-height elementor-hidden-desktop elementor-hidden-tablet elementor-section-height-default elementor-section-items-middle\" data-id=\"90a2685\" data-element_type=\"section\" data-e-type=\"section\" data-settings=\"{&quot;background_background&quot;:&quot;classic&quot;}\">\n\t\t\t\t\t\t<div class=\"elementor-container elementor-column-gap-default\">\n\t\t\t\t\t<div class=\"elementor-column elementor-col-100 elementor-top-column elementor-element elementor-element-75c501e\" data-id=\"75c501e\" data-element_type=\"column\" data-e-type=\"column\">\n\t\t\t<div class=\"elementor-widget-wrap elementor-element-populated\">\n\t\t\t\t\t\t<div class=\"elementor-element elementor-element-be81cb7 elementor-widget elementor-widget-heading\" data-id=\"be81cb7\" data-element_type=\"widget\" data-e-type=\"widget\" data-widget_type=\"heading.default\">\n\t\t\t\t<div class=\"elementor-widget-container\">\n\t\t\t\t\t<h1 class=\"elementor-heading-title elementor-size-default\">NEWS - MEDIA<\/h1>\t\t\t\t<\/div>\n\t\t\t\t<\/div>\n\t\t\t\t\t<\/div>\n\t\t<\/div>\n\t\t\t\t\t<\/div>\n\t\t<\/section>\n\t\t\t\t<section class=\"elementor-section elementor-top-section elementor-element elementor-element-2505c5a page-news elementor-section-boxed elementor-section-height-default elementor-section-height-default\" data-id=\"2505c5a\" data-element_type=\"section\" data-e-type=\"section\">\n\t\t\t\t\t\t<div class=\"elementor-container elementor-column-gap-default\">\n\t\t\t\t\t<div class=\"elementor-column elementor-col-100 elementor-top-column elementor-element elementor-element-0461b5e\" data-id=\"0461b5e\" data-element_type=\"column\" data-e-type=\"column\">\n\t\t\t<div class=\"elementor-widget-wrap elementor-element-populated\">\n\t\t\t\t\t\t<div class=\"elementor-element elementor-element-d2c85ae elementor-grid-3 elementor-grid-tablet-2 elementor-grid-mobile-1 elementor-posts--thumbnail-top elementor-widget elementor-widget-posts\" data-id=\"d2c85ae\" data-element_type=\"widget\" data-e-type=\"widget\" data-settings=\"{&quot;pagination_type&quot;:&quot;numbers_and_prev_next&quot;,&quot;classic_columns&quot;:&quot;3&quot;,&quot;classic_columns_tablet&quot;:&quot;2&quot;,&quot;classic_columns_mobile&quot;:&quot;1&quot;,&quot;classic_row_gap&quot;:{&quot;unit&quot;:&quot;px&quot;,&quot;size&quot;:35,&quot;sizes&quot;:[]},&quot;classic_row_gap_tablet&quot;:{&quot;unit&quot;:&quot;px&quot;,&quot;size&quot;:&quot;&quot;,&quot;sizes&quot;:[]},&quot;classic_row_gap_mobile&quot;:{&quot;unit&quot;:&quot;px&quot;,&quot;size&quot;:&quot;&quot;,&quot;sizes&quot;:[]}}\" data-widget_type=\"posts.classic\">\n\t\t\t\t<div class=\"elementor-widget-container\">\n\t\t\t\t\t\t\t<div class=\"elementor-posts-container elementor-posts elementor-posts--skin-classic elementor-grid\">\n\t\t\t\t<article class=\"elementor-post elementor-grid-item post-10683 post type-post status-publish format-standard has-post-thumbnail hentry category-news tag-3d-scan tag-case-study tag-cong-nghe-bim tag-e2cs tag-ket-cau-nha-may tag-nha-may-hoa-chat\">\n\t\t\t\t<a class=\"elementor-post__thumbnail__link\" href=\"https:\/\/e2cs.com.vn\/en\/news\/bao-dong-rung-lac-tai-nha-may-hoa-chat\/\">\n\t\t\t<div class=\"elementor-post__thumbnail\"><img decoding=\"async\" width=\"200\" height=\"200\" src=\"https:\/\/e2cs.com.vn\/wp-content\/uploads\/2025\/12\/1-Anh-post-fb-1080-x-1080-px-4-1-200x200.avif\" class=\"attachment-medium size-medium wp-image-10688\" alt=\"Kh\u1ea3o s\u00e1t hi\u1ec7n tr\u01b0\u1eddng, thu th\u1eadp\/\u0111o \u0111\u1ea1c s\u1ed1 li\u1ec7u v\u00e0 \u0111\u00e1nh gi\u00e1 hi\u1ec7n tr\u1ea1ng nh\u00e0 m\u00e1y ho\u00e1 ch\u1ea5t\" srcset=\"https:\/\/e2cs.com.vn\/wp-content\/uploads\/2025\/12\/1-Anh-post-fb-1080-x-1080-px-4-1-200x200.avif 200w, https:\/\/e2cs.com.vn\/wp-content\/uploads\/2025\/12\/1-Anh-post-fb-1080-x-1080-px-4-1-1024x1024.avif 1024w, https:\/\/e2cs.com.vn\/wp-content\/uploads\/2025\/12\/1-Anh-post-fb-1080-x-1080-px-4-1-300x300.avif 300w, https:\/\/e2cs.com.vn\/wp-content\/uploads\/2025\/12\/1-Anh-post-fb-1080-x-1080-px-4-1-768x768.avif 768w, https:\/\/e2cs.com.vn\/wp-content\/uploads\/2025\/12\/1-Anh-post-fb-1080-x-1080-px-4-1-12x12.avif 12w, https:\/\/e2cs.com.vn\/wp-content\/uploads\/2025\/12\/1-Anh-post-fb-1080-x-1080-px-4-1.avif 1080w\" sizes=\"(max-width: 200px) 100vw, 200px\" \/><\/div>\n\t\t<\/a>\n\t\t\t\t<div class=\"elementor-post__text\">\n\t\t\t\t<h3 class=\"elementor-post__title\">\n\t\t\t<a href=\"https:\/\/e2cs.com.vn\/en\/news\/bao-dong-rung-lac-tai-nha-may-hoa-chat\/\">\n\t\t\t\tB\u00e1o \u0110\u1ed9ng Rung L\u1eafc \u0110\u01b0\u1eddng \u1ed0ng T\u1ea1i Nh\u00e0 M\u00e1y H\u00f3a Ch\u1ea5t: B\u00e0i H\u1ecdc T\u1eeb Sai L\u1ec7ch 146mm\t\t\t<\/a>\n\t\t<\/h3>\n\t\t\t\t<div class=\"elementor-post__meta-data\">\n\t\t\t\t\t<span class=\"elementor-post-date\">\n\t\t\t24\/12\/2025\t\t<\/span>\n\t\t\t\t<\/div>\n\t\t\t\t<div class=\"elementor-post__excerpt\">\n\t\t\t<p>Trong m\u00f4i tr\u01b0\u1eddng v\u1eadn h\u00e0nh kh\u1eafc nghi\u1ec7t c\u1ee7a c\u00e1c\u00a0nh\u00e0 m\u00e1y h\u00f3a ch\u1ea5t, s\u1ef1 an to\u00e0n c\u1ee7a h\u1ec7 th\u1ed1ng \u0111\u01b0\u1eddng \u1ed1ng<\/p>\n\t\t<\/div>\n\t\t\t\t<\/div>\n\t\t\t\t<\/article>\n\t\t\t\t<article class=\"elementor-post elementor-grid-item post-10603 post type-post status-publish format-standard has-post-thumbnail hentry category-news tag-3d-scan tag-bim tag-cong-nghe-bim tag-digitaltwin tag-e2cs\">\n\t\t\t\t<a class=\"elementor-post__thumbnail__link\" href=\"https:\/\/e2cs.com.vn\/en\/news\/cac-chieu-cua-bim-chi-tiet-tu-3d-den-7d\/\">\n\t\t\t<div class=\"elementor-post__thumbnail\"><img decoding=\"async\" width=\"200\" height=\"109\" src=\"https:\/\/e2cs.com.vn\/wp-content\/uploads\/2025\/11\/unnamed-6-200x109.avif\" class=\"attachment-medium size-medium wp-image-10607\" alt=\"C\u00e1c chi\u1ec1u c\u1ee7a BIM\" srcset=\"https:\/\/e2cs.com.vn\/wp-content\/uploads\/2025\/11\/unnamed-6-200x109.avif 200w, https:\/\/e2cs.com.vn\/wp-content\/uploads\/2025\/11\/unnamed-6-768x419.avif 768w, https:\/\/e2cs.com.vn\/wp-content\/uploads\/2025\/11\/unnamed-6-18x10.avif 18w, https:\/\/e2cs.com.vn\/wp-content\/uploads\/2025\/11\/unnamed-6.avif 1024w\" sizes=\"(max-width: 200px) 100vw, 200px\" \/><\/div>\n\t\t<\/a>\n\t\t\t\t<div class=\"elementor-post__text\">\n\t\t\t\t<h3 class=\"elementor-post__title\">\n\t\t\t<a href=\"https:\/\/e2cs.com.vn\/en\/news\/cac-chieu-cua-bim-chi-tiet-tu-3d-den-7d\/\">\n\t\t\t\tC\u00e1c chi\u1ec1u c\u1ee7a BIM l\u00e0 g\u00ec? Gi\u1ea3i m\u00e3 chi ti\u1ebft t\u1eeb 3D \u0111\u1ebfn 7D trong X\u00e2y d\u1ef1ng\t\t\t<\/a>\n\t\t<\/h3>\n\t\t\t\t<div class=\"elementor-post__meta-data\">\n\t\t\t\t\t<span class=\"elementor-post-date\">\n\t\t\t29\/11\/2025\t\t<\/span>\n\t\t\t\t<\/div>\n\t\t\t\t<div class=\"elementor-post__excerpt\">\n\t\t\t<p>C\u00e1c chi\u1ec1u c\u1ee7a BIM l\u00e0 g\u00ec? Gi\u1ea3i m\u00e3 chi ti\u1ebft t\u1eeb 3D \u0111\u1ebfn 7D trong X\u00e2y d\u1ef1ng v\u1edbi ph\u00e2n t\u00edch d\u1ec5 hi\u1ec3u, \u0111\u1ea7y \u0111\u1ee7 l\u1ee3i \u00edch v\u00e0 \u1ee9ng d\u1ee5ng th\u1ef1c t\u1ebf<\/p>\n\t\t<\/div>\n\t\t\t\t<\/div>\n\t\t\t\t<\/article>\n\t\t\t\t<article class=\"elementor-post elementor-grid-item post-10557 post type-post status-publish format-standard has-post-thumbnail hentry category-news\">\n\t\t\t\t<a class=\"elementor-post__thumbnail__link\" href=\"https:\/\/e2cs.com.vn\/en\/news\/kiem-dinh-nang-tang-giai-phap-an-toan\/\">\n\t\t\t<div class=\"elementor-post__thumbnail\"><img decoding=\"async\" width=\"200\" height=\"200\" src=\"https:\/\/e2cs.com.vn\/wp-content\/uploads\/2025\/11\/1-Anh-post-fb-1080-x-1080-px-1-200x200.avif\" class=\"attachment-medium size-medium wp-image-10560\" alt=\"Ki\u1ec3m \u0111\u1ecbnh n\u00e2ng t\u1ea7ng\" srcset=\"https:\/\/e2cs.com.vn\/wp-content\/uploads\/2025\/11\/1-Anh-post-fb-1080-x-1080-px-1-200x200.avif 200w, https:\/\/e2cs.com.vn\/wp-content\/uploads\/2025\/11\/1-Anh-post-fb-1080-x-1080-px-1-1024x1024.avif 1024w, https:\/\/e2cs.com.vn\/wp-content\/uploads\/2025\/11\/1-Anh-post-fb-1080-x-1080-px-1-300x300.avif 300w, https:\/\/e2cs.com.vn\/wp-content\/uploads\/2025\/11\/1-Anh-post-fb-1080-x-1080-px-1-768x768.avif 768w, https:\/\/e2cs.com.vn\/wp-content\/uploads\/2025\/11\/1-Anh-post-fb-1080-x-1080-px-1-12x12.avif 12w, https:\/\/e2cs.com.vn\/wp-content\/uploads\/2025\/11\/1-Anh-post-fb-1080-x-1080-px-1.avif 1080w\" sizes=\"(max-width: 200px) 100vw, 200px\" \/><\/div>\n\t\t<\/a>\n\t\t\t\t<div class=\"elementor-post__text\">\n\t\t\t\t<h3 class=\"elementor-post__title\">\n\t\t\t<a href=\"https:\/\/e2cs.com.vn\/en\/news\/kiem-dinh-nang-tang-giai-phap-an-toan\/\">\n\t\t\t\tKi\u1ec3m \u0110\u1ecbnh N\u00e2ng T\u1ea7ng: Gi\u1ea3i Ph\u00e1p An To\u00e0n &amp; Hi\u1ec7u Qu\u1ea3 Cho M\u1ecdi C\u00f4ng Tr\u00ecnh\t\t\t<\/a>\n\t\t<\/h3>\n\t\t\t\t<div class=\"elementor-post__meta-data\">\n\t\t\t\t\t<span class=\"elementor-post-date\">\n\t\t\t21\/11\/2025\t\t<\/span>\n\t\t\t\t<\/div>\n\t\t\t\t<div class=\"elementor-post__excerpt\">\n\t\t\t<p>Kh\u00e1m ph\u00e1 ki\u1ec3m \u0111\u1ecbnh n\u00e2ng t\u1ea7ng \u2013 gi\u1ea3i ph\u00e1p t\u1ed1i \u01b0u gi\u00fap \u0111\u00e1nh gi\u00e1 kh\u1ea3 n\u0103ng ch\u1ecbu l\u1ef1c, \u0111\u1ea3m b\u1ea3o an to\u00e0n khi c\u1ea3i t\u1ea1o ho\u1eb7c x\u00e2y th\u00eam t\u1ea7ng cho nh\u00e0 \u1edf v\u00e0 c\u00f4ng tr\u00ecnh.<\/p>\n\t\t<\/div>\n\t\t\t\t<\/div>\n\t\t\t\t<\/article>\n\t\t\t\t<article class=\"elementor-post elementor-grid-item post-10072 post type-post status-publish format-standard has-post-thumbnail hentry category-news\">\n\t\t\t\t<a class=\"elementor-post__thumbnail__link\" href=\"https:\/\/e2cs.com.vn\/en\/news\/bon-be-trong-nganh-dau-khi\/\">\n\t\t\t<div class=\"elementor-post__thumbnail\"><img loading=\"lazy\" decoding=\"async\" width=\"200\" height=\"200\" src=\"https:\/\/e2cs.com.vn\/wp-content\/uploads\/2025\/10\/14-1-200x200.avif\" class=\"attachment-medium size-medium wp-image-10410\" alt=\"b\u1ed3n b\u1ec3 trong ng\u00e0nh d\u1ea7u kh\u00ed\" srcset=\"https:\/\/e2cs.com.vn\/wp-content\/uploads\/2025\/10\/14-1-200x200.avif 200w, https:\/\/e2cs.com.vn\/wp-content\/uploads\/2025\/10\/14-1-1024x1024.avif 1024w, https:\/\/e2cs.com.vn\/wp-content\/uploads\/2025\/10\/14-1-300x300.avif 300w, https:\/\/e2cs.com.vn\/wp-content\/uploads\/2025\/10\/14-1-768x768.avif 768w, https:\/\/e2cs.com.vn\/wp-content\/uploads\/2025\/10\/14-1-12x12.avif 12w, https:\/\/e2cs.com.vn\/wp-content\/uploads\/2025\/10\/14-1.avif 1080w\" sizes=\"(max-width: 200px) 100vw, 200px\" \/><\/div>\n\t\t<\/a>\n\t\t\t\t<div class=\"elementor-post__text\">\n\t\t\t\t<h3 class=\"elementor-post__title\">\n\t\t\t<a href=\"https:\/\/e2cs.com.vn\/en\/news\/bon-be-trong-nganh-dau-khi\/\">\n\t\t\t\tB\u1ed3n b\u1ec3 trong ng\u00e0nh D\u1ea7u kh\u00ed \u2013 Quy tr\u00ecnh ki\u1ec3m tra bi\u1ebfn d\u1ea1ng &amp; hi\u1ec7u chu\u1ea9n theo ti\u00eau chu\u1ea9n API &amp; ISO (2025)\t\t\t<\/a>\n\t\t<\/h3>\n\t\t\t\t<div class=\"elementor-post__meta-data\">\n\t\t\t\t\t<span class=\"elementor-post-date\">\n\t\t\t20\/11\/2025\t\t<\/span>\n\t\t\t\t<\/div>\n\t\t\t\t<div class=\"elementor-post__excerpt\">\n\t\t\t<p>Ng\u00e0nh&nbsp;D\u1ea7u kh\u00ed&nbsp;l\u00e0 m\u1ed9t trong nh\u1eefng l\u0129nh v\u1ef1c tr\u1ecdng \u0111i\u1ec3m c\u1ee7a n\u1ec1n kinh t\u1ebf, cung c\u1ea5p n\u0103ng l\u01b0\u1ee3ng, nhi\u00ean li\u1ec7u v\u00e0<\/p>\n\t\t<\/div>\n\t\t\t\t<\/div>\n\t\t\t\t<\/article>\n\t\t\t\t<article class=\"elementor-post elementor-grid-item post-10396 post type-post status-publish format-standard has-post-thumbnail hentry category-news\">\n\t\t\t\t<a class=\"elementor-post__thumbnail__link\" href=\"https:\/\/e2cs.com.vn\/en\/news\/he-thong-mep-trong-xay-dung\/\">\n\t\t\t<div class=\"elementor-post__thumbnail\"><img loading=\"lazy\" decoding=\"async\" width=\"200\" height=\"200\" src=\"https:\/\/e2cs.com.vn\/wp-content\/uploads\/2025\/10\/15-1-200x200.avif\" class=\"attachment-medium size-medium wp-image-10406\" alt=\"H\u1ec7 th\u1ed1ng MEP ti\u1ebft ki\u1ec7m n\u0103ng l\u01b0\u1ee3ng v\u00e0 th\u00e2n thi\u1ec7n m\u00f4i tr\u01b0\u1eddng\" srcset=\"https:\/\/e2cs.com.vn\/wp-content\/uploads\/2025\/10\/15-1-200x200.avif 200w, https:\/\/e2cs.com.vn\/wp-content\/uploads\/2025\/10\/15-1-1024x1024.avif 1024w, https:\/\/e2cs.com.vn\/wp-content\/uploads\/2025\/10\/15-1-300x300.avif 300w, https:\/\/e2cs.com.vn\/wp-content\/uploads\/2025\/10\/15-1-768x768.avif 768w, https:\/\/e2cs.com.vn\/wp-content\/uploads\/2025\/10\/15-1-12x12.avif 12w, https:\/\/e2cs.com.vn\/wp-content\/uploads\/2025\/10\/15-1.avif 1080w\" sizes=\"(max-width: 200px) 100vw, 200px\" \/><\/div>\n\t\t<\/a>\n\t\t\t\t<div class=\"elementor-post__text\">\n\t\t\t\t<h3 class=\"elementor-post__title\">\n\t\t\t<a href=\"https:\/\/e2cs.com.vn\/en\/news\/he-thong-mep-trong-xay-dung\/\">\n\t\t\t\tH\u1ec7 th\u1ed1ng MEP \u2013 Vai tr\u00f2 v\u00e0 \u1ee9ng d\u1ee5ng trong x\u00e2y d\u1ef1ng\t\t\t<\/a>\n\t\t<\/h3>\n\t\t\t\t<div class=\"elementor-post__meta-data\">\n\t\t\t\t\t<span class=\"elementor-post-date\">\n\t\t\t23\/10\/2025\t\t<\/span>\n\t\t\t\t<\/div>\n\t\t\t\t<div class=\"elementor-post__excerpt\">\n\t\t\t<p>Kh\u00e1m ph\u00e1 H\u1ec7 th\u1ed1ng MEP trong x\u00e2y d\u1ef1ng: vai tr\u00f2, \u1ee9ng d\u1ee5ng, l\u1ee3i \u00edch v\u00e0 c\u00e1c th\u00e0nh ph\u1ea7n ch\u00ednh c\u1ee7a MEP gi\u00fap c\u00f4ng tr\u00ecnh v\u1eadn h\u00e0nh hi\u1ec7u qu\u1ea3, ti\u1ebft ki\u1ec7m v\u00e0 b\u1ec1n v\u1eefng.<\/p>\n\t\t<\/div>\n\t\t\t\t<\/div>\n\t\t\t\t<\/article>\n\t\t\t\t<article class=\"elementor-post elementor-grid-item post-10400 post type-post status-publish format-standard has-post-thumbnail hentry category-news tag-3d-scan tag-bim tag-he-thong-mep\">\n\t\t\t\t<a class=\"elementor-post__thumbnail__link\" href=\"https:\/\/e2cs.com.vn\/en\/news\/ung-dung-scan-to-bim-trong-he-thong-mep\/\">\n\t\t\t<div class=\"elementor-post__thumbnail\"><img loading=\"lazy\" decoding=\"async\" width=\"200\" height=\"100\" src=\"https:\/\/e2cs.com.vn\/wp-content\/uploads\/2025\/10\/Point-Cloud-Data-200x100.avif\" class=\"attachment-medium size-medium wp-image-10401\" alt=\"\" srcset=\"https:\/\/e2cs.com.vn\/wp-content\/uploads\/2025\/10\/Point-Cloud-Data-200x100.avif 200w, https:\/\/e2cs.com.vn\/wp-content\/uploads\/2025\/10\/Point-Cloud-Data-1024x514.avif 1024w, https:\/\/e2cs.com.vn\/wp-content\/uploads\/2025\/10\/Point-Cloud-Data-768x386.avif 768w, https:\/\/e2cs.com.vn\/wp-content\/uploads\/2025\/10\/Point-Cloud-Data-18x9.avif 18w, https:\/\/e2cs.com.vn\/wp-content\/uploads\/2025\/10\/Point-Cloud-Data.avif 1463w\" sizes=\"(max-width: 200px) 100vw, 200px\" \/><\/div>\n\t\t<\/a>\n\t\t\t\t<div class=\"elementor-post__text\">\n\t\t\t\t<h3 class=\"elementor-post__title\">\n\t\t\t<a href=\"https:\/\/e2cs.com.vn\/en\/news\/ung-dung-scan-to-bim-trong-he-thong-mep\/\">\n\t\t\t\t\u1ee8ng d\u1ee5ng Scan to BIM trong H\u1ec7 th\u1ed1ng MEP \u2013 Gi\u1ea3i ph\u00e1p t\u1ed1i \u01b0u cho kh\u1ea3o s\u00e1t v\u00e0 c\u1ea3i t\u1ea1o c\u00f4ng tr\u00ecnh\t\t\t<\/a>\n\t\t<\/h3>\n\t\t\t\t<div class=\"elementor-post__meta-data\">\n\t\t\t\t\t<span class=\"elementor-post-date\">\n\t\t\t21\/10\/2025\t\t<\/span>\n\t\t\t\t<\/div>\n\t\t\t\t<div class=\"elementor-post__excerpt\">\n\t\t\t<p>Scan to BIM trong H\u1ec7 th\u1ed1ng MEP \u2013 Gi\u1ea3i ph\u00e1p s\u1ed1 h\u00f3a, kh\u1ea3o s\u00e1t v\u00e0 c\u1ea3i t\u1ea1o c\u00f4ng tr\u00ecnh ch\u00ednh x\u00e1c<\/p>\n\t\t<\/div>\n\t\t\t\t<\/div>\n\t\t\t\t<\/article>\n\t\t\t\t<\/div>\n\n\n\t\t\n\t\t\t\t<div class=\"e-load-more-anchor\" data-page=\"1\" data-max-page=\"7\" data-next-page=\"https:\/\/e2cs.com.vn\/en\/wp-json\/wp\/v2\/pages\/6644\/page\/2\/\"><\/div>\n\t\t\t\t<nav class=\"elementor-pagination\" role=\"navigation\" aria-label=\"Pagination\">\n\t\t\t<span class=\"page-numbers prev\">&laquo<\/span>\n<span aria-current=\"page\" class=\"page-numbers current\"><span class=\"elementor-screen-only\">Page<\/span>1<\/span>\n<a class=\"page-numbers\" href=\"https:\/\/e2cs.com.vn\/en\/wp-json\/wp\/v2\/pages\/6644\/page\/2\/\"><span class=\"elementor-screen-only\">Page<\/span>2<\/a>\n<a class=\"page-numbers\" href=\"https:\/\/e2cs.com.vn\/en\/wp-json\/wp\/v2\/pages\/6644\/page\/3\/\"><span class=\"elementor-screen-only\">Page<\/span>3<\/a>\n<a class=\"page-numbers\" href=\"https:\/\/e2cs.com.vn\/en\/wp-json\/wp\/v2\/pages\/6644\/page\/4\/\"><span class=\"elementor-screen-only\">Page<\/span>4<\/a>\n<a class=\"page-numbers\" href=\"https:\/\/e2cs.com.vn\/en\/wp-json\/wp\/v2\/pages\/6644\/page\/5\/\"><span class=\"elementor-screen-only\">Page<\/span>5<\/a>\n<a class=\"page-numbers next\" href=\"https:\/\/e2cs.com.vn\/en\/wp-json\/wp\/v2\/pages\/6644\/page\/2\/\">&raquo;<\/a>\t\t<\/nav>\n\t\t\t\t\t\t<\/div>\n\t\t\t\t<\/div>\n\t\t\t\t\t<\/div>\n\t\t<\/div>\n\t\t\t\t\t<\/div>\n\t\t<\/section>\n\t\t\t\t<\/div>","protected":false},"excerpt":{"rendered":"<p>TIN T\u1ee8C &#8211; TRUY\u1ec0N TH\u00d4NG TIN T\u1ee8C &amp; TRUY\u1ec0N TH\u00d4NG<\/p>","protected":false},"author":1,"featured_media":0,"parent":0,"menu_order":0,"comment_status":"closed","ping_status":"closed","template":"","meta":{"_acf_changed":false,"inline_featured_image":false,"site-sidebar-layout":"no-sidebar","site-content-layout":"page-builder","ast-global-header-display":"","ast-main-header-display":"","ast-hfb-above-header-display":"","ast-hfb-below-header-display":"","ast-hfb-mobile-header-display":"","site-post-title":"disabled","ast-breadcrumbs-content":"","ast-featured-img":"disabled","footer-sml-layout":"","theme-transparent-header-meta":"","adv-header-id-meta":"","stick-header-meta":"","header-above-stick-meta":"","header-main-stick-meta":"","header-below-stick-meta":"","footnotes":""},"class_list":["post-6644","page","type-page","status-publish","hentry"],"acf":[],"_links":{"self":[{"href":"https:\/\/e2cs.com.vn\/en\/wp-json\/wp\/v2\/pages\/6644","targetHints":{"allow":["GET"]}}],"collection":[{"href":"https:\/\/e2cs.com.vn\/en\/wp-json\/wp\/v2\/pages"}],"about":[{"href":"https:\/\/e2cs.com.vn\/en\/wp-json\/wp\/v2\/types\/page"}],"author":[{"embeddable":true,"href":"https:\/\/e2cs.com.vn\/en\/wp-json\/wp\/v2\/users\/1"}],"replies":[{"embeddable":true,"href":"https:\/\/e2cs.com.vn\/en\/wp-json\/wp\/v2\/comments?post=6644"}],"version-history":[{"count":0,"href":"https:\/\/e2cs.com.vn\/en\/wp-json\/wp\/v2\/pages\/6644\/revisions"}],"wp:attachment":[{"href":"https:\/\/e2cs.com.vn\/en\/wp-json\/wp\/v2\/media?parent=6644"}],"curies":[{"name":"wp","href":"https:\/\/api.w.org\/{rel}","templated":true}]}}