{"id":1163,"date":"2019-12-08T14:57:34","date_gmt":"2019-12-08T14:57:34","guid":{"rendered":"http:\/\/e2cs.local\/?page_id=1163"},"modified":"2022-04-20T15:58:22","modified_gmt":"2022-04-20T08:58:22","slug":"phan-mem-do-ve-hien-trang-3d-scan-pointcloud-vietnam-edgewise","status":"publish","type":"page","link":"https:\/\/e2cs.com.vn\/en\/phan-mem-do-ve-hien-trang-3d-scan-pointcloud-vietnam-edgewise\/","title":{"rendered":"\u0110o ve\u0303 hi\u00ea\u0323n tra\u0323ng &#8211; EdgeWise"},"content":{"rendered":"<div data-elementor-type=\"wp-page\" data-elementor-id=\"1163\" class=\"elementor elementor-1163\">\n\t\t\t\t\t\t<section class=\"elementor-section elementor-top-section elementor-element elementor-element-bcf74b2 elementor-section-boxed elementor-section-height-default elementor-section-height-default\" data-id=\"bcf74b2\" data-element_type=\"section\" data-e-type=\"section\">\n\t\t\t\t\t\t<div class=\"elementor-container elementor-column-gap-default\">\n\t\t\t\t\t<div class=\"elementor-column elementor-col-100 elementor-top-column elementor-element elementor-element-5ae936a\" data-id=\"5ae936a\" data-element_type=\"column\" data-e-type=\"column\">\n\t\t\t<div class=\"elementor-widget-wrap elementor-element-populated\">\n\t\t\t\t\t\t<div class=\"elementor-element elementor-element-4934231 elementor-widget elementor-widget-spacer\" data-id=\"4934231\" data-element_type=\"widget\" data-e-type=\"widget\" data-widget_type=\"spacer.default\">\n\t\t\t\t<div class=\"elementor-widget-container\">\n\t\t\t\t\t\t\t<div class=\"elementor-spacer\">\n\t\t\t<div class=\"elementor-spacer-inner\"><\/div>\n\t\t<\/div>\n\t\t\t\t\t\t<\/div>\n\t\t\t\t<\/div>\n\t\t\t\t\t<\/div>\n\t\t<\/div>\n\t\t\t\t\t<\/div>\n\t\t<\/section>\n\t\t\t\t<section class=\"elementor-section elementor-top-section elementor-element elementor-element-047c432 elementor-section-boxed elementor-section-height-default elementor-section-height-default\" data-id=\"047c432\" data-element_type=\"section\" data-e-type=\"section\">\n\t\t\t\t\t\t<div class=\"elementor-container elementor-column-gap-default\">\n\t\t\t\t\t<div class=\"elementor-column elementor-col-100 elementor-top-column elementor-element elementor-element-00c8768\" data-id=\"00c8768\" data-element_type=\"column\" data-e-type=\"column\">\n\t\t\t<div class=\"elementor-widget-wrap elementor-element-populated\">\n\t\t\t\t\t\t<div class=\"elementor-element elementor-element-3f2e807 elementor-widget elementor-widget-heading\" data-id=\"3f2e807\" data-element_type=\"widget\" data-e-type=\"widget\" data-widget_type=\"heading.default\">\n\t\t\t\t<div class=\"elementor-widget-container\">\n\t\t\t\t\t<h3 class=\"elementor-heading-title elementor-size-default\"><b>EDGEWISE - PH\u00c2\u0300N M\u00ca\u0300M \u0110O VE\u0303 HI\u00ca\u0323N TRA\u0323NG T\u01af\u0300 D\u01af\u0303 LI\u00ca\u0323U 3D SCAN<\/b><\/h3>\t\t\t\t<\/div>\n\t\t\t\t<\/div>\n\t\t\t\t\t<\/div>\n\t\t<\/div>\n\t\t\t\t\t<\/div>\n\t\t<\/section>\n\t\t\t\t<section class=\"elementor-section elementor-top-section elementor-element elementor-element-f438841 elementor-section-boxed elementor-section-height-default elementor-section-height-default\" data-id=\"f438841\" data-element_type=\"section\" data-e-type=\"section\">\n\t\t\t\t\t\t<div class=\"elementor-container elementor-column-gap-default\">\n\t\t\t\t\t<div class=\"elementor-column elementor-col-100 elementor-top-column elementor-element elementor-element-8fa0886\" data-id=\"8fa0886\" data-element_type=\"column\" data-e-type=\"column\">\n\t\t\t<div class=\"elementor-widget-wrap elementor-element-populated\">\n\t\t\t\t\t\t<div class=\"elementor-element elementor-element-ce3b81a elementor-widget elementor-widget-spacer\" data-id=\"ce3b81a\" data-element_type=\"widget\" data-e-type=\"widget\" data-widget_type=\"spacer.default\">\n\t\t\t\t<div class=\"elementor-widget-container\">\n\t\t\t\t\t\t\t<div class=\"elementor-spacer\">\n\t\t\t<div class=\"elementor-spacer-inner\"><\/div>\n\t\t<\/div>\n\t\t\t\t\t\t<\/div>\n\t\t\t\t<\/div>\n\t\t\t\t\t<\/div>\n\t\t<\/div>\n\t\t\t\t\t<\/div>\n\t\t<\/section>\n\t\t\t\t<section class=\"elementor-section elementor-top-section elementor-element elementor-element-1e16603 elementor-section-height-min-height elementor-section-boxed elementor-section-height-default elementor-section-items-middle\" data-id=\"1e16603\" data-element_type=\"section\" data-e-type=\"section\" data-settings=\"{&quot;background_background&quot;:&quot;video&quot;,&quot;background_video_link&quot;:&quot;https:\\\/\\\/www.youtube.com\\\/watch?v=JYwAVhJzjNg&amp;t=371s&quot;,&quot;background_video_start&quot;:177,&quot;background_video_end&quot;:237}\">\n\t\t\t\t\t\t\t\t<div class=\"elementor-background-video-container elementor-hidden-mobile\">\n\t\t\t\t\t\t\t\t\t\t\t\t\t<div class=\"elementor-background-video-embed\" role=\"presentation\"><\/div>\n\t\t\t\t\t\t\t\t\t\t\t\t<\/div>\n\t\t\t\t\t\t\t\t<div class=\"elementor-container elementor-column-gap-default\">\n\t\t\t\t\t<div class=\"elementor-column elementor-col-100 elementor-top-column elementor-element elementor-element-50bca52\" data-id=\"50bca52\" data-element_type=\"column\" data-e-type=\"column\">\n\t\t\t<div class=\"elementor-widget-wrap elementor-element-populated\">\n\t\t\t\t\t\t<div class=\"elementor-element elementor-element-2bf330c elementor-widget elementor-widget-spacer\" data-id=\"2bf330c\" data-element_type=\"widget\" data-e-type=\"widget\" data-widget_type=\"spacer.default\">\n\t\t\t\t<div class=\"elementor-widget-container\">\n\t\t\t\t\t\t\t<div class=\"elementor-spacer\">\n\t\t\t<div class=\"elementor-spacer-inner\"><\/div>\n\t\t<\/div>\n\t\t\t\t\t\t<\/div>\n\t\t\t\t<\/div>\n\t\t\t\t\t<\/div>\n\t\t<\/div>\n\t\t\t\t\t<\/div>\n\t\t<\/section>\n\t\t\t\t<section class=\"elementor-section elementor-top-section elementor-element elementor-element-b46423d elementor-section-boxed elementor-section-height-default elementor-section-height-default\" data-id=\"b46423d\" data-element_type=\"section\" data-e-type=\"section\">\n\t\t\t\t\t\t<div class=\"elementor-container elementor-column-gap-default\">\n\t\t\t\t\t<div class=\"elementor-column elementor-col-100 elementor-top-column elementor-element elementor-element-e34d8d3\" data-id=\"e34d8d3\" data-element_type=\"column\" data-e-type=\"column\">\n\t\t\t<div class=\"elementor-widget-wrap elementor-element-populated\">\n\t\t\t\t\t\t<div class=\"elementor-element elementor-element-b309740 elementor-widget elementor-widget-spacer\" data-id=\"b309740\" data-element_type=\"widget\" data-e-type=\"widget\" data-widget_type=\"spacer.default\">\n\t\t\t\t<div class=\"elementor-widget-container\">\n\t\t\t\t\t\t\t<div class=\"elementor-spacer\">\n\t\t\t<div class=\"elementor-spacer-inner\"><\/div>\n\t\t<\/div>\n\t\t\t\t\t\t<\/div>\n\t\t\t\t<\/div>\n\t\t\t\t\t<\/div>\n\t\t<\/div>\n\t\t\t\t\t<\/div>\n\t\t<\/section>\n\t\t\t\t<section class=\"elementor-section elementor-top-section elementor-element elementor-element-1b6d8e9 elementor-section-boxed elementor-section-height-default elementor-section-height-default\" data-id=\"1b6d8e9\" data-element_type=\"section\" data-e-type=\"section\">\n\t\t\t\t\t\t<div class=\"elementor-container elementor-column-gap-default\">\n\t\t\t\t\t<div class=\"elementor-column elementor-col-66 elementor-top-column elementor-element elementor-element-cec7529\" data-id=\"cec7529\" data-element_type=\"column\" data-e-type=\"column\">\n\t\t\t<div class=\"elementor-widget-wrap elementor-element-populated\">\n\t\t\t\t\t\t<div class=\"elementor-element elementor-element-3beb648 elementor-widget elementor-widget-text-editor\" data-id=\"3beb648\" data-element_type=\"widget\" data-e-type=\"widget\" data-widget_type=\"text-editor.default\">\n\t\t\t\t<div class=\"elementor-widget-container\">\n\t\t\t\t\t\t\t\t\t<p>Vi\u00ea\u0323c th\u01b0\u0323c hi\u00ea\u0323n \u0111o ve\u0303 c\u00f4ng tri\u0300nh x\u00e2y d\u01b0\u0323ng truy\u00ea\u0300n th\u00f4\u0301ng&nbsp; b\u0103\u0300ng ph\u01b0\u01a1ng pha\u0301p thu\u0309 c\u00f4ng t\u00f4\u0301n r\u00e2\u0301t nhi\u00ea\u0300u th\u01a1\u0300i gian va\u0300 chi phi\u0301, trong khi \u0111\u00f4\u0323 chi\u0301nh xa\u0301c va\u0300 ki\u00ea\u0309m ch\u01b0\u0301ng d\u01b0\u0303 li\u00ea\u0323u kho\u0301 kh\u0103n \u0111\u0103\u0323c bi\u00ea\u0323t v\u01a1\u0301i c\u00f4ng tri\u0300nh \u01a1\u0309 xa ho\u0103\u0323c c\u00f4ng tri\u0300nh c\u00e2\u0300n \u0111\u00f4\u0323 chi\u0301nh xa\u0301c va\u0300 ti\u0309 mi\u0309 trong \u0111o ve\u0303. \u01af\u0301ng du\u0323ng c\u00f4ng ngh\u00ea\u0323 que\u0301t 3D Laser Scan va\u0300 ph\u00e2\u0300n m\u00ea\u0300m Edgewise se\u0303 giu\u0301p c\u00f4ng ta\u0301c \u0111o ve\u0303 na\u0300y \u0111\u01b0\u01a1\u0323c th\u01b0\u0323c hi\u00ea\u0323n nhanh h\u01a1n bao gi\u01a1\u0300 h\u00ea\u0301t.&nbsp;<\/p>\t\t\t\t\t\t\t\t<\/div>\n\t\t\t\t<\/div>\n\t\t\t\t<div class=\"elementor-element elementor-element-1569d3e elementor-widget elementor-widget-heading\" data-id=\"1569d3e\" data-element_type=\"widget\" data-e-type=\"widget\" data-widget_type=\"heading.default\">\n\t\t\t\t<div class=\"elementor-widget-container\">\n\t\t\t\t\t<h2 class=\"elementor-heading-title elementor-size-medium\"><b>Ca\u0301ch th\u01b0\u0301c \u0111o ve\u0303 hi\u00ea\u0323n tra\u0323ng c\u00f4ng tri\u0300nh hi\u00ea\u0323n h\u01b0\u0303u b\u0103\u0300ng c\u00f4ng ngh\u00ea\u0323 Laser scan <\/b><\/h2>\t\t\t\t<\/div>\n\t\t\t\t<\/div>\n\t\t\t\t<div class=\"elementor-element elementor-element-dec680f elementor-widget elementor-widget-text-editor\" data-id=\"dec680f\" data-element_type=\"widget\" data-e-type=\"widget\" data-widget_type=\"text-editor.default\">\n\t\t\t\t<div class=\"elementor-widget-container\">\n\t\t\t\t\t\t\t\t\t<p>\u00a0<\/p><p>C\u00f4ng ngh\u00ea\u0323 3D Laser Scan s\u01b0\u0309 du\u0323ng h\u00ea\u0323 th\u00f4\u0301ng quay 2 tru\u0323c, bao g\u00f4\u0300m quay 360 \u0111\u00f4\u0323 theo chi\u00ea\u0300u th\u0103\u0309ng \u0111\u01b0\u0301ng cu\u0309a l\u0103ng ki\u0301nh va\u0300 360 \u0111\u00f4\u0323 theo ph\u01b0\u01a1ng ngang cu\u0309a ba\u0300n ma\u0301y, giu\u0301p tia laser scan b\u0103\u0301n ra t\u01b0\u0300 l\u0103ng ki\u0301nh co\u0301 th\u00ea\u0309 cha\u0323m \u0111\u00ea\u0301n t\u00e2\u0301t ca\u0309 vi\u0323 tri\u0301 co\u0301 th\u00ea\u0309 nhi\u0300n th\u00e2\u0301y &#8211; ghi nh\u00e2\u0323n to\u0323a \u0111\u00f4\u0323 X,Y,Z chi ti\u00ea\u0301t ca\u0301c \u0111i\u00ea\u0309m ti\u00ea\u0301p xu\u0301c. V\u01a1\u0301i t\u00f4\u0301c \u0111\u00f4\u0323 que\u0301t t\u01b0\u0300 tr\u0103m nghi\u0300n \u0111\u00ea\u0301n ha\u0300ng tri\u00ea\u0323u \u0111i\u00ea\u0309m tr\u00ean gi\u00e2y, toa\u0300n b\u00f4\u0323 ki\u0301ch th\u01b0\u01a1\u0301c hi\u00ea\u0323n tra\u0323ng c\u00f4ng tri\u0300nh \u0111\u01b0\u01a1\u0323c thu th\u00e2\u0323p nhanh cho\u0301ng, chi\u0301nh xa\u0301c va\u0300 c\u01b0\u0323c ky\u0300 chi ti\u00ea\u0301t.<\/p>\t\t\t\t\t\t\t\t<\/div>\n\t\t\t\t<\/div>\n\t\t\t\t<div class=\"elementor-element elementor-element-9133861 elementor-widget elementor-widget-heading\" data-id=\"9133861\" data-element_type=\"widget\" data-e-type=\"widget\" data-widget_type=\"heading.default\">\n\t\t\t\t<div class=\"elementor-widget-container\">\n\t\t\t\t\t<h2 class=\"elementor-heading-title elementor-size-medium\"><b>Ve\u0303 hi\u00ea\u0323n tra\u0323ng c\u00f4ng tri\u0300nh t\u01b0\u0300 d\u01b0\u0303 li\u00ea\u0323u \u0111o 3D Scan<\/b><\/h2>\t\t\t\t<\/div>\n\t\t\t\t<\/div>\n\t\t\t\t\t<\/div>\n\t\t<\/div>\n\t\t\t\t<div class=\"elementor-column elementor-col-33 elementor-top-column elementor-element elementor-element-9f6eaf2\" data-id=\"9f6eaf2\" data-element_type=\"column\" data-e-type=\"column\">\n\t\t\t<div class=\"elementor-widget-wrap elementor-element-populated\">\n\t\t\t\t\t\t<div class=\"elementor-element elementor-element-0976039 elementor-widget elementor-widget-image\" data-id=\"0976039\" data-element_type=\"widget\" data-e-type=\"widget\" data-widget_type=\"image.default\">\n\t\t\t\t<div class=\"elementor-widget-container\">\n\t\t\t\t\t\t\t\t\t\t\t\t\t\t\t<img fetchpriority=\"high\" decoding=\"async\" width=\"450\" height=\"450\" src=\"https:\/\/e2cs.com.vn\/wp-content\/uploads\/2019\/12\/edgewise.png\" class=\"attachment-large size-large wp-image-1310\" alt=\"edgewise\" srcset=\"https:\/\/e2cs.com.vn\/wp-content\/uploads\/2019\/12\/edgewise.png 450w, https:\/\/e2cs.com.vn\/wp-content\/uploads\/2019\/12\/edgewise-300x300.png 300w, https:\/\/e2cs.com.vn\/wp-content\/uploads\/2019\/12\/edgewise-100x100.png 100w, https:\/\/e2cs.com.vn\/wp-content\/uploads\/2019\/12\/edgewise-150x150.png 150w\" sizes=\"(max-width: 450px) 100vw, 450px\" \/>\t\t\t\t\t\t\t\t\t\t\t\t\t\t\t<\/div>\n\t\t\t\t<\/div>\n\t\t\t\t<div class=\"elementor-element elementor-element-c81ed04 elementor-widget elementor-widget-heading\" data-id=\"c81ed04\" data-element_type=\"widget\" data-e-type=\"widget\" data-widget_type=\"heading.default\">\n\t\t\t\t<div class=\"elementor-widget-container\">\n\t\t\t\t\t<h3 class=\"elementor-heading-title elementor-size-small\">D\u01b0\u0303 li\u00ea\u0323u \u0111o hi\u00ea\u0323n tra\u0323ng cu\u0309a c\u00f4ng tri\u0300nh c\u00f4ng nghi\u00ea\u0323p<\/h3>\t\t\t\t<\/div>\n\t\t\t\t<\/div>\n\t\t\t\t\t<\/div>\n\t\t<\/div>\n\t\t\t\t\t<\/div>\n\t\t<\/section>\n\t\t\t\t<section class=\"elementor-section elementor-top-section elementor-element elementor-element-8de903e elementor-section-boxed elementor-section-height-default elementor-section-height-default\" data-id=\"8de903e\" data-element_type=\"section\" data-e-type=\"section\">\n\t\t\t\t\t\t<div class=\"elementor-container elementor-column-gap-default\">\n\t\t\t\t\t<div class=\"elementor-column elementor-col-100 elementor-top-column elementor-element elementor-element-41476d7\" data-id=\"41476d7\" data-element_type=\"column\" data-e-type=\"column\">\n\t\t\t<div class=\"elementor-widget-wrap elementor-element-populated\">\n\t\t\t\t\t\t<div class=\"elementor-element elementor-element-a93d67c elementor-widget elementor-widget-text-editor\" data-id=\"a93d67c\" data-element_type=\"widget\" data-e-type=\"widget\" data-widget_type=\"text-editor.default\">\n\t\t\t\t<div class=\"elementor-widget-container\">\n\t\t\t\t\t\t\t\t\t<p><span style=\"font-size: 15px; color: var( --e-global-color-primary ); font-family: var( --e-global-typography-text-font-family ), det;\">Hi\u00ea\u0323n co\u0301 r\u00e2\u0301t \u0111a da\u0323ng ca\u0301c gia\u0309i pha\u0301p \u0111\u00ea\u0309 co\u0301 th\u00ea\u0309 ve\u0303 la\u0323i m\u00f4 hi\u0300nh hi\u00ea\u0323n tra\u0323ng c\u00f4ng tri\u0300nh. Ca\u0301c ph\u00e2\u0300n m\u00ea\u0300m co\u0301 th\u00ea\u0309 k\u00ea\u0309 \u0111\u00ea\u0301n: Revit ,&nbsp;<\/span><span style=\"font-size: 15px; font-style: normal; font-weight: 300; color: var( --e-global-color-primary ); font-family: var( --e-global-typography-text-font-family ), det;\">Archicad&nbsp;<\/span><span style=\"color: var( --e-global-color-primary ); font-family: var( --e-global-typography-text-font-family ), det; font-size: 15px;\">(ca\u0301c c\u00f4ng tri\u0300nh x\u00e2y d\u01b0\u0323ng, ki\u00ea\u0301n tru\u0301c); Tekla, Bocad (K\u00ea\u0301t c\u00e2\u0301u the\u0301p g\u00f4\u0300m c\u00e2\u0300u the\u0301p ho\u0103\u0323c nha\u0300 the\u0301p ti\u00ea\u0300n ch\u00ea\u0301..); Civil 3D (\u0110i\u0323a hi\u0300nh, c\u00f4ng tri\u0300nh giao th\u00f4ng); AutocadPlant 3D, Smart3D, PDMS( c\u00f4ng tri\u0300nh c\u00f4ng nghi\u00ea\u0323p, ho\u0301a ch\u00e2\u0301t..)<\/span><\/p>\n<p><span style=\"color: var( --e-global-color-primary ); font-family: var( --e-global-typography-text-font-family ), det; font-size: 15px;\">Kho\u0301 kh\u0103n l\u01a1\u0301n nh\u00e2\u0301t trong vi\u00ea\u0323c th\u01b0\u0323c hi\u00ea\u0323n m\u00f4 hi\u0300nh ho\u0301a d\u01b0\u0303 li\u00ea\u0323u 3D t\u01b0\u0300 d\u01b0\u0303 li\u00ea\u0323u 3D Laser Scan, chi\u0301nh la\u0300 \u0111\u00f4\u0323 l\u01a1\u0301n cu\u0309a d\u01b0\u0303 li\u00ea\u0323u kha\u0309o sa\u0301t 3D Point cloud, cu\u0300ng kha\u0309 n\u0103ng truy b\u0103\u0301t \u0111i\u00ea\u0309m ca\u0301c \u0111\u01b0\u01a1\u0300ng Centerline, ki\u0301ch th\u01b0\u01a1\u0301c m\u0103\u0323t c\u0103\u0301t bi\u00ean da\u0323ng \u0111\u00f4\u0301i t\u01b0\u01a1\u0323ng thi\u00ea\u0301t k\u00ea\u0301 (\u0110\u01b0\u01a1\u0300ng \u00f4\u0301ng, k\u00ea\u0301t c\u00e2\u0301u the\u0301p \u0111u\u0301c, h\u00ea\u0323 th\u00f4\u0301ng HVAC,..)<\/span><\/p>\n<p><b>EdgeWise\u2122<\/b>&nbsp;cu\u0309a ha\u0303ng ph\u00e2\u0300n m\u00ea\u0300m&nbsp;<b>ClearEdge (Topcon)<\/b>&nbsp;\u0111\u01b0a \u0111\u00ea\u0301n m\u00f4\u0323t ca\u0301ch th\u01b0\u0301c tri\u00ea\u0309n khai hoa\u0300n toa\u0300n m\u01a1\u0301i va\u0300 \u0111\u01a1n gia\u0309n h\u01a1n cho vi\u00ea\u0323c th\u01b0\u0323c hi\u00ea\u0323n ca\u0301c c\u00f4ng vi\u00ea\u0323c \u0111o\u0301<\/p>\t\t\t\t\t\t\t\t<\/div>\n\t\t\t\t<\/div>\n\t\t\t\t<div class=\"elementor-element elementor-element-f8bdde6 elementor-widget elementor-widget-heading\" data-id=\"f8bdde6\" data-element_type=\"widget\" data-e-type=\"widget\" data-widget_type=\"heading.default\">\n\t\t\t\t<div class=\"elementor-widget-container\">\n\t\t\t\t\t<h2 class=\"elementor-heading-title elementor-size-medium\"><b>Tri\u0301 tu\u00ea\u0323 nh\u00e2n ta\u0323o trong \u0111o ve\u0303 hi\u00ea\u0323n tra\u0323ng<\/b><\/h2>\t\t\t\t<\/div>\n\t\t\t\t<\/div>\n\t\t\t\t<div class=\"elementor-element elementor-element-de3ed66 elementor-widget elementor-widget-text-editor\" data-id=\"de3ed66\" data-element_type=\"widget\" data-e-type=\"widget\" data-widget_type=\"text-editor.default\">\n\t\t\t\t<div class=\"elementor-widget-container\">\n\t\t\t\t\t\t\t\t\t<div>\n<div>\n<div>\n<div>\n<div>\n<ul>\n<li>C\u00f4ng ngh\u00ea\u0323 AI t\u01b0\u0323 \u0111\u00f4\u0323ng nh\u00e2\u0323n di\u00ea\u0323n ki\u0301ch th\u01b0\u01a1\u0301c c\u00e2\u0301u ki\u00ea\u0323n, mapping cu\u0300ng v\u01a1\u0301i ca\u0301c ti\u00eau chu\u00e2\u0309n ky\u0303 thu\u00e2\u0323t x\u00e2y d\u01b0\u0323ng s\u0103\u0303n tr\u00ean ph\u00e2\u0300n m\u00ea\u0300m<\/li>\n<li>Ca\u0301c c\u00f4ng cu\u0323 h\u00f4\u0303 tr\u01a1\u0323, h\u00f4\u0303 tr\u01a1\u0323 vi\u00ea\u0323c s\u00f4\u0301 ho\u0301a d\u01b0\u0303 li\u00ea\u0323u m\u00f4 hi\u0300nh ca\u0301c d\u01b0\u0323 a\u0301n c\u00f4ng nghi\u00ea\u0323p nhanh cho\u0301ng<\/li>\n<li>Ch\u01b0\u0301c n\u0103ng QA\/QC so sa\u0301nh \u0111\u00f4\u0301i ch\u01b0\u0301ng k\u00ea\u0301t qua\u0309 t\u01b0\u0300 ph\u00e2\u0300n m\u00ea\u0300m<\/li>\n<li>Kha\u0309 n\u0103ng ti\u0301ch h\u01a1\u0323p ma\u0323nh me\u0303 v\u01a1\u0301i ca\u0301c ph\u00e2\u0300n m\u00ea\u0300m thi\u00ea\u0301t k\u00ea\u0301 chi ti\u00ea\u0301t chuy\u00ean du\u0323ng trong c\u00f4ng nghi\u00ea\u0323p: Plant3D, CADWorx, PDMS, and Autodesk Revit<\/li>\n<\/ul>\n<\/div>\n<\/div>\n<\/div>\n<\/div>\n<\/div>\n<div>Li\u00ean h\u00ea\u0323 \u0111\u00ea\u0309 \u0111\u01b0\u01a1\u0323c ti\u0300m hi\u00ea\u0309u s\u01b0\u0323 phu\u0300 h\u01a1\u0323p cu\u0309a gia\u0309i pha\u0301p cho c\u00f4ng tri\u0300nh cu\u0309a ba\u0323n.<\/div>\t\t\t\t\t\t\t\t<\/div>\n\t\t\t\t<\/div>\n\t\t\t\t<div class=\"elementor-element elementor-element-5d1e772 elementor-widget elementor-widget-spacer\" data-id=\"5d1e772\" data-element_type=\"widget\" data-e-type=\"widget\" data-widget_type=\"spacer.default\">\n\t\t\t\t<div class=\"elementor-widget-container\">\n\t\t\t\t\t\t\t<div class=\"elementor-spacer\">\n\t\t\t<div class=\"elementor-spacer-inner\"><\/div>\n\t\t<\/div>\n\t\t\t\t\t\t<\/div>\n\t\t\t\t<\/div>\n\t\t\t\t\t<\/div>\n\t\t<\/div>\n\t\t\t\t\t<\/div>\n\t\t<\/section>\n\t\t\t\t<section class=\"elementor-section elementor-top-section elementor-element elementor-element-34195d5 elementor-section-boxed elementor-section-height-default elementor-section-height-default\" data-id=\"34195d5\" data-element_type=\"section\" data-e-type=\"section\">\n\t\t\t\t\t\t<div class=\"elementor-container elementor-column-gap-default\">\n\t\t\t\t\t<div class=\"elementor-column elementor-col-100 elementor-top-column elementor-element elementor-element-a11519a\" data-id=\"a11519a\" data-element_type=\"column\" data-e-type=\"column\">\n\t\t\t<div class=\"elementor-widget-wrap\">\n\t\t\t\t\t\t\t<\/div>\n\t\t<\/div>\n\t\t\t\t\t<\/div>\n\t\t<\/section>\n\t\t\t\t<section class=\"elementor-section elementor-top-section elementor-element elementor-element-2611710 elementor-section-boxed elementor-section-height-default elementor-section-height-default\" data-id=\"2611710\" data-element_type=\"section\" data-e-type=\"section\">\n\t\t\t\t\t\t<div class=\"elementor-container elementor-column-gap-default\">\n\t\t\t\t\t<div class=\"elementor-column elementor-col-33 elementor-top-column elementor-element elementor-element-75fe24a\" data-id=\"75fe24a\" data-element_type=\"column\" data-e-type=\"column\">\n\t\t\t<div class=\"elementor-widget-wrap elementor-element-populated\">\n\t\t\t\t\t\t<div class=\"elementor-element elementor-element-1faf169 elementor-align-right elementor-widget elementor-widget-button\" data-id=\"1faf169\" data-element_type=\"widget\" data-e-type=\"widget\" data-widget_type=\"button.default\">\n\t\t\t\t<div class=\"elementor-widget-container\">\n\t\t\t\t\t\t\t\t\t<div class=\"elementor-button-wrapper\">\n\t\t\t\t\t<a class=\"elementor-button elementor-button-link elementor-size-md\" href=\"https:\/\/e2cs.com.vn\/en\/knowledges-draft\/\">\n\t\t\t\t\t\t<span class=\"elementor-button-content-wrapper\">\n\t\t\t\t\t\t\t\t\t<span class=\"elementor-button-text\"><b>\u0110\u1eccC TH\u00caM<\/b><\/span>\n\t\t\t\t\t<\/span>\n\t\t\t\t\t<\/a>\n\t\t\t\t<\/div>\n\t\t\t\t\t\t\t\t<\/div>\n\t\t\t\t<\/div>\n\t\t\t\t\t<\/div>\n\t\t<\/div>\n\t\t\t\t<div class=\"elementor-column elementor-col-33 elementor-top-column elementor-element elementor-element-21b6de9\" data-id=\"21b6de9\" data-element_type=\"column\" data-e-type=\"column\">\n\t\t\t<div class=\"elementor-widget-wrap elementor-element-populated\">\n\t\t\t\t\t\t<div class=\"elementor-element elementor-element-87b8fd7 elementor-align-left elementor-widget elementor-widget-button\" data-id=\"87b8fd7\" data-element_type=\"widget\" data-e-type=\"widget\" data-widget_type=\"button.default\">\n\t\t\t\t<div class=\"elementor-widget-container\">\n\t\t\t\t\t\t\t\t\t<div class=\"elementor-button-wrapper\">\n\t\t\t\t\t<a class=\"elementor-button elementor-button-link elementor-size-md\" href=\"tel:0983039936\">\n\t\t\t\t\t\t<span class=\"elementor-button-content-wrapper\">\n\t\t\t\t\t\t\t\t\t<span class=\"elementor-button-text\"><b>LI\u00caN H\u1ec6 NGAY<\/b><\/span>\n\t\t\t\t\t<\/span>\n\t\t\t\t\t<\/a>\n\t\t\t\t<\/div>\n\t\t\t\t\t\t\t\t<\/div>\n\t\t\t\t<\/div>\n\t\t\t\t\t<\/div>\n\t\t<\/div>\n\t\t\t\t<div class=\"elementor-column elementor-col-33 elementor-top-column elementor-element elementor-element-a6fd2c0\" data-id=\"a6fd2c0\" data-element_type=\"column\" data-e-type=\"column\">\n\t\t\t<div class=\"elementor-widget-wrap elementor-element-populated\">\n\t\t\t\t\t\t<div class=\"elementor-element elementor-element-7f566cb elementor-widget elementor-widget-button\" data-id=\"7f566cb\" data-element_type=\"widget\" data-e-type=\"widget\" data-widget_type=\"button.default\">\n\t\t\t\t<div class=\"elementor-widget-container\">\n\t\t\t\t\t\t\t\t\t<div class=\"elementor-button-wrapper\">\n\t\t\t\t\t<a class=\"elementor-button elementor-button-link elementor-size-md\" href=\"https:\/\/e2cs.com.vn\/en\/?page_id=73\">\n\t\t\t\t\t\t<span class=\"elementor-button-content-wrapper\">\n\t\t\t\t\t\t\t\t\t<span class=\"elementor-button-text\"><b>TI\u0300M HI\u00ca\u0309U VA\u0300 THU\u00ca DI\u0323CH VU\u0323 NA\u0300Y !!!<\/b><\/span>\n\t\t\t\t\t<\/span>\n\t\t\t\t\t<\/a>\n\t\t\t\t<\/div>\n\t\t\t\t\t\t\t\t<\/div>\n\t\t\t\t<\/div>\n\t\t\t\t\t<\/div>\n\t\t<\/div>\n\t\t\t\t\t<\/div>\n\t\t<\/section>\n\t\t\t\t<section class=\"elementor-section elementor-top-section elementor-element elementor-element-1ad08d8 elementor-section-boxed elementor-section-height-default elementor-section-height-default\" data-id=\"1ad08d8\" data-element_type=\"section\" data-e-type=\"section\">\n\t\t\t\t\t\t<div class=\"elementor-container elementor-column-gap-default\">\n\t\t\t\t\t<div class=\"elementor-column elementor-col-100 elementor-top-column elementor-element elementor-element-f983713\" data-id=\"f983713\" data-element_type=\"column\" data-e-type=\"column\">\n\t\t\t<div class=\"elementor-widget-wrap elementor-element-populated\">\n\t\t\t\t\t\t<div class=\"elementor-element elementor-element-3b35e42 elementor-widget elementor-widget-spacer\" data-id=\"3b35e42\" data-element_type=\"widget\" data-e-type=\"widget\" data-widget_type=\"spacer.default\">\n\t\t\t\t<div class=\"elementor-widget-container\">\n\t\t\t\t\t\t\t<div class=\"elementor-spacer\">\n\t\t\t<div class=\"elementor-spacer-inner\"><\/div>\n\t\t<\/div>\n\t\t\t\t\t\t<\/div>\n\t\t\t\t<\/div>\n\t\t\t\t\t<\/div>\n\t\t<\/div>\n\t\t\t\t\t<\/div>\n\t\t<\/section>\n\t\t\t\t<\/div>","protected":false},"excerpt":{"rendered":"<p>EDGEWISE &#8211; PH\u00c2\u0300N M\u00ca\u0300M \u0110O VE\u0303 HI\u00ca\u0323N TRA\u0323NG T\u01af\u0300 D\u01af\u0303 LI\u00ca\u0323U 3D SCAN Vi\u00ea\u0323c th\u01b0\u0323c hi\u00ea\u0323n \u0111o ve\u0303 c\u00f4ng tri\u0300nh x\u00e2y d\u01b0\u0323ng truy\u00ea\u0300n th\u00f4\u0301ng&nbsp; b\u0103\u0300ng ph\u01b0\u01a1ng pha\u0301p thu\u0309 c\u00f4ng t\u00f4\u0301n r\u00e2\u0301t nhi\u00ea\u0300u th\u01a1\u0300i gian va\u0300 chi phi\u0301, trong khi \u0111\u00f4\u0323 chi\u0301nh xa\u0301c va\u0300 ki\u00ea\u0309m ch\u01b0\u0301ng d\u01b0\u0303 li\u00ea\u0323u kho\u0301 kh\u0103n \u0111\u0103\u0323c bi\u00ea\u0323t v\u01a1\u0301i c\u00f4ng tri\u0300nh \u01a1\u0309 &hellip;<\/p>\n<p class=\"read-more\"> <a class=\"\" href=\"https:\/\/e2cs.com.vn\/en\/phan-mem-do-ve-hien-trang-3d-scan-pointcloud-vietnam-edgewise\/\"> <span class=\"screen-reader-text\">\u0110o ve\u0303 hi\u00ea\u0323n tra\u0323ng &#8211; EdgeWise<\/span> Read More &raquo;<\/a><\/p>","protected":false},"author":1,"featured_media":0,"parent":0,"menu_order":0,"comment_status":"closed","ping_status":"closed","template":"","meta":{"_acf_changed":false,"inline_featured_image":false,"site-sidebar-layout":"no-sidebar","site-content-layout":"page-builder","ast-global-header-display":"","ast-main-header-display":"","ast-hfb-above-header-display":"","ast-hfb-below-header-display":"","ast-hfb-mobile-header-display":"","site-post-title":"disabled","ast-breadcrumbs-content":"","ast-featured-img":"disabled","footer-sml-layout":"","theme-transparent-header-meta":"default","adv-header-id-meta":"","stick-header-meta":"","header-above-stick-meta":"","header-main-stick-meta":"","header-below-stick-meta":"","footnotes":""},"class_list":["post-1163","page","type-page","status-publish","hentry"],"acf":[],"_links":{"self":[{"href":"https:\/\/e2cs.com.vn\/en\/wp-json\/wp\/v2\/pages\/1163","targetHints":{"allow":["GET"]}}],"collection":[{"href":"https:\/\/e2cs.com.vn\/en\/wp-json\/wp\/v2\/pages"}],"about":[{"href":"https:\/\/e2cs.com.vn\/en\/wp-json\/wp\/v2\/types\/page"}],"author":[{"embeddable":true,"href":"https:\/\/e2cs.com.vn\/en\/wp-json\/wp\/v2\/users\/1"}],"replies":[{"embeddable":true,"href":"https:\/\/e2cs.com.vn\/en\/wp-json\/wp\/v2\/comments?post=1163"}],"version-history":[{"count":0,"href":"https:\/\/e2cs.com.vn\/en\/wp-json\/wp\/v2\/pages\/1163\/revisions"}],"wp:attachment":[{"href":"https:\/\/e2cs.com.vn\/en\/wp-json\/wp\/v2\/media?parent=1163"}],"curies":[{"name":"wp","href":"https:\/\/api.w.org\/{rel}","templated":true}]}}